{"id":23848,"date":"2025-08-01T17:44:13","date_gmt":"2025-08-01T15:44:13","guid":{"rendered":"https:\/\/uj.adatbank.ro\/lexikon\/termek\/ungur-ioan\/"},"modified":"2025-08-01T17:44:13","modified_gmt":"2025-08-01T15:44:13","slug":"ungur-ioan","status":"publish","type":"product","link":"https:\/\/uj.adatbank.ro\/lexikon\/termek\/ungur-ioan\/","title":{"rendered":"UNGUR, Ioan"},"content":{"rendered":"<p>Kisnyulas, 1920. jan. 25. \u2020 ?: \u0151rmester, r\u00e9geni lakos. \u2013 A 3. hegyivad\u00e1sz z\u00e1szl\u00f3aljban szolg\u00e1lt. A magyar hadsereg k\u00f6tel\u00e9k\u00e9ben r\u00e9szt vett a II. vh. harcaiban (1942. nov. 25. \u2013 44. m\u00e1rc. 25.). <br \/><strong>\u2013 Irod.:<\/strong> Reghin, militari.<\/br><\/p>\n","protected":false},"excerpt":{"rendered":"<p>Kisnyulas, 1920. jan. 25. \u2020 ?: \u0151rmester, r\u00e9geni lakos. \u2013 A 3. hegyivad\u00e1sz z\u00e1szl\u00f3aljban szolg\u00e1lt. A magyar hadsereg k\u00f6tel\u00e9k\u00e9ben r\u00e9szt vett a II. vh. harcaiban (1942. nov. 25. \u2013 44. m\u00e1rc. 25.). \u2013 Irod.: Reghin, militari.<\/p>\n","protected":false},"featured_media":0,"comment_status":"open","ping_status":"closed","template":"","meta":[],"product_brand":[],"product_cat":[137],"product_tag":[],"class_list":{"0":"post-23848","1":"product","2":"type-product","3":"status-publish","5":"product_cat-maros-megyei-eletrajzi-lexikon","7":"first","8":"instock","9":"shipping-taxable","10":"product-type-simple"},"_links":{"self":[{"href":"https:\/\/uj.adatbank.ro\/lexikon\/wp-json\/wp\/v2\/product\/23848","targetHints":{"allow":["GET"]}}],"collection":[{"href":"https:\/\/uj.adatbank.ro\/lexikon\/wp-json\/wp\/v2\/product"}],"about":[{"href":"https:\/\/uj.adatbank.ro\/lexikon\/wp-json\/wp\/v2\/types\/product"}],"replies":[{"embeddable":true,"href":"https:\/\/uj.adatbank.ro\/lexikon\/wp-json\/wp\/v2\/comments?post=23848"}],"wp:attachment":[{"href":"https:\/\/uj.adatbank.ro\/lexikon\/wp-json\/wp\/v2\/media?parent=23848"}],"wp:term":[{"taxonomy":"product_brand","embeddable":true,"href":"https:\/\/uj.adatbank.ro\/lexikon\/wp-json\/wp\/v2\/product_brand?post=23848"},{"taxonomy":"product_cat","embeddable":true,"href":"https:\/\/uj.adatbank.ro\/lexikon\/wp-json\/wp\/v2\/product_cat?post=23848"},{"taxonomy":"product_tag","embeddable":true,"href":"https:\/\/uj.adatbank.ro\/lexikon\/wp-json\/wp\/v2\/product_tag?post=23848"}],"curies":[{"name":"wp","href":"https:\/\/api.w.org\/{rel}","templated":true}]}}