{"id":23851,"date":"2025-08-01T17:44:19","date_gmt":"2025-08-01T15:44:19","guid":{"rendered":"https:\/\/uj.adatbank.ro\/lexikon\/termek\/ungurenasu-constantin\/"},"modified":"2025-08-01T17:44:19","modified_gmt":"2025-08-01T15:44:19","slug":"ungurenasu-constantin","status":"publish","type":"product","link":"https:\/\/uj.adatbank.ro\/lexikon\/termek\/ungurenasu-constantin\/","title":{"rendered":"UNGURENA\u015eU, Constantin"},"content":{"rendered":"<p>Dragodona, 1906. aug. 25., \u2020 Marosorb\u00f3 (Maros), 1944. szept. 27: sz\u00e1zados, p. m. \u0151rnagy. \u2013 R\u00e9szt vett csapattest\u00e9vel a 495. \u00e9s 463. magaslatok megh\u00f3d\u00edt\u00e1s\u00e1ban a Maros \u00e9szaki oldal\u00e1n, visszavert\u00e9k a Maros jobb partj\u00e1ra. Post mortem \u0151rnagyi rangot kapott \u00e9s a Mihai Viteazul \u00c9rdemrend III. fokozat\u00e1val t\u00fcntett\u00e9k ki. <br \/><strong>\u2013 Irod.:<\/strong> MMK; Vasile T. Suciu: Rettenthetetlen\u00fcl (V. Z., 1989. aug. 6.).<\/br><\/p>\n","protected":false},"excerpt":{"rendered":"<p>Dragodona, 1906. aug. 25., \u2020 Marosorb\u00f3 (Maros), 1944. szept. 27: sz\u00e1zados, p. m. \u0151rnagy. \u2013 R\u00e9szt vett csapattest\u00e9vel a 495. \u00e9s 463. magaslatok megh\u00f3d\u00edt\u00e1s\u00e1ban a Maros \u00e9szaki oldal\u00e1n, visszavert\u00e9k a Maros jobb partj\u00e1ra. Post mortem \u0151rnagyi rangot kapott \u00e9s a Mihai Viteazul \u00c9rdemrend III. fokozat\u00e1val t\u00fcntett\u00e9k ki. \u2013 Irod.: MMK; Vasile T. Suciu: Rettenthetetlen\u00fcl (V. [&hellip;]<\/p>\n","protected":false},"featured_media":0,"comment_status":"open","ping_status":"closed","template":"","meta":[],"product_brand":[],"product_cat":[137],"product_tag":[],"class_list":{"0":"post-23851","1":"product","2":"type-product","3":"status-publish","5":"product_cat-maros-megyei-eletrajzi-lexikon","7":"first","8":"instock","9":"shipping-taxable","10":"product-type-simple"},"_links":{"self":[{"href":"https:\/\/uj.adatbank.ro\/lexikon\/wp-json\/wp\/v2\/product\/23851","targetHints":{"allow":["GET"]}}],"collection":[{"href":"https:\/\/uj.adatbank.ro\/lexikon\/wp-json\/wp\/v2\/product"}],"about":[{"href":"https:\/\/uj.adatbank.ro\/lexikon\/wp-json\/wp\/v2\/types\/product"}],"replies":[{"embeddable":true,"href":"https:\/\/uj.adatbank.ro\/lexikon\/wp-json\/wp\/v2\/comments?post=23851"}],"wp:attachment":[{"href":"https:\/\/uj.adatbank.ro\/lexikon\/wp-json\/wp\/v2\/media?parent=23851"}],"wp:term":[{"taxonomy":"product_brand","embeddable":true,"href":"https:\/\/uj.adatbank.ro\/lexikon\/wp-json\/wp\/v2\/product_brand?post=23851"},{"taxonomy":"product_cat","embeddable":true,"href":"https:\/\/uj.adatbank.ro\/lexikon\/wp-json\/wp\/v2\/product_cat?post=23851"},{"taxonomy":"product_tag","embeddable":true,"href":"https:\/\/uj.adatbank.ro\/lexikon\/wp-json\/wp\/v2\/product_tag?post=23851"}],"curies":[{"name":"wp","href":"https:\/\/api.w.org\/{rel}","templated":true}]}}