{"id":23852,"date":"2025-08-01T17:44:23","date_gmt":"2025-08-01T15:44:23","guid":{"rendered":"https:\/\/uj.adatbank.ro\/lexikon\/termek\/ungvari-agoston-andras-pal-p\/"},"modified":"2025-08-01T17:44:23","modified_gmt":"2025-08-01T15:44:23","slug":"ungvari-agoston-andras-pal-p","status":"publish","type":"product","link":"https:\/\/uj.adatbank.ro\/lexikon\/termek\/ungvari-agoston-andras-pal-p\/","title":{"rendered":"UNGV\u00c1RI \u00c1goston Andr\u00e1s P\u00e1l, P."},"content":{"rendered":"<p>G\u00f6rg\u00e9ny, 1768., \u2020 \u00d3sebeshely, 1820. m\u00e1rc. 16.: ferences szerzetes. \u2013 Be\u00f6lt\u00f6z\u00f6tt (1793. nov. 17.), felszentelt\u00e9k (1795. j\u00fal. 15.). Lelk\u00e9sz volt \u00d3sebeshelyen. <br \/><strong>\u2013 Irod.:<\/strong> Gy\u00f6rgy: A ferencrendiek.<\/br><\/p>\n","protected":false},"excerpt":{"rendered":"<p>G\u00f6rg\u00e9ny, 1768., \u2020 \u00d3sebeshely, 1820. m\u00e1rc. 16.: ferences szerzetes. \u2013 Be\u00f6lt\u00f6z\u00f6tt (1793. nov. 17.), felszentelt\u00e9k (1795. j\u00fal. 15.). Lelk\u00e9sz volt \u00d3sebeshelyen. \u2013 Irod.: Gy\u00f6rgy: A ferencrendiek.<\/p>\n","protected":false},"featured_media":0,"comment_status":"open","ping_status":"closed","template":"","meta":[],"product_brand":[],"product_cat":[137],"product_tag":[],"class_list":{"0":"post-23852","1":"product","2":"type-product","3":"status-publish","5":"product_cat-maros-megyei-eletrajzi-lexikon","7":"first","8":"instock","9":"shipping-taxable","10":"product-type-simple"},"_links":{"self":[{"href":"https:\/\/uj.adatbank.ro\/lexikon\/wp-json\/wp\/v2\/product\/23852","targetHints":{"allow":["GET"]}}],"collection":[{"href":"https:\/\/uj.adatbank.ro\/lexikon\/wp-json\/wp\/v2\/product"}],"about":[{"href":"https:\/\/uj.adatbank.ro\/lexikon\/wp-json\/wp\/v2\/types\/product"}],"replies":[{"embeddable":true,"href":"https:\/\/uj.adatbank.ro\/lexikon\/wp-json\/wp\/v2\/comments?post=23852"}],"wp:attachment":[{"href":"https:\/\/uj.adatbank.ro\/lexikon\/wp-json\/wp\/v2\/media?parent=23852"}],"wp:term":[{"taxonomy":"product_brand","embeddable":true,"href":"https:\/\/uj.adatbank.ro\/lexikon\/wp-json\/wp\/v2\/product_brand?post=23852"},{"taxonomy":"product_cat","embeddable":true,"href":"https:\/\/uj.adatbank.ro\/lexikon\/wp-json\/wp\/v2\/product_cat?post=23852"},{"taxonomy":"product_tag","embeddable":true,"href":"https:\/\/uj.adatbank.ro\/lexikon\/wp-json\/wp\/v2\/product_tag?post=23852"}],"curies":[{"name":"wp","href":"https:\/\/api.w.org\/{rel}","templated":true}]}}