{"id":23854,"date":"2025-08-01T17:44:28","date_gmt":"2025-08-01T15:44:28","guid":{"rendered":"https:\/\/uj.adatbank.ro\/lexikon\/termek\/ungvari-janos\/"},"modified":"2025-08-01T17:44:28","modified_gmt":"2025-08-01T15:44:28","slug":"ungvari-janos","status":"publish","type":"product","link":"https:\/\/uj.adatbank.ro\/lexikon\/termek\/ungvari-janos\/","title":{"rendered":"UNGV\u00c1RI J\u00e1nos"},"content":{"rendered":"<p>? \u2020\u00a0?: szab\u00f3, esk\u00fcdt polg\u00e1r. \u2013 A szab\u00f3 c\u00e9h mestere (1657). A mv.-i esk\u00fcdt k\u00f6z\u00f6ns\u00e9g tagja (1658, 1666). <br \/><strong>\u2013 Irod.:<\/strong> P\u00e1l-Antal 2006.<\/br><\/p>\n","protected":false},"excerpt":{"rendered":"<p>? \u2020\u00a0?: szab\u00f3, esk\u00fcdt polg\u00e1r. \u2013 A szab\u00f3 c\u00e9h mestere (1657). A mv.-i esk\u00fcdt k\u00f6z\u00f6ns\u00e9g tagja (1658, 1666). \u2013 Irod.: P\u00e1l-Antal 2006.<\/p>\n","protected":false},"featured_media":0,"comment_status":"open","ping_status":"closed","template":"","meta":[],"product_brand":[],"product_cat":[137],"product_tag":[],"class_list":{"0":"post-23854","1":"product","2":"type-product","3":"status-publish","5":"product_cat-maros-megyei-eletrajzi-lexikon","7":"first","8":"instock","9":"shipping-taxable","10":"product-type-simple"},"_links":{"self":[{"href":"https:\/\/uj.adatbank.ro\/lexikon\/wp-json\/wp\/v2\/product\/23854","targetHints":{"allow":["GET"]}}],"collection":[{"href":"https:\/\/uj.adatbank.ro\/lexikon\/wp-json\/wp\/v2\/product"}],"about":[{"href":"https:\/\/uj.adatbank.ro\/lexikon\/wp-json\/wp\/v2\/types\/product"}],"replies":[{"embeddable":true,"href":"https:\/\/uj.adatbank.ro\/lexikon\/wp-json\/wp\/v2\/comments?post=23854"}],"wp:attachment":[{"href":"https:\/\/uj.adatbank.ro\/lexikon\/wp-json\/wp\/v2\/media?parent=23854"}],"wp:term":[{"taxonomy":"product_brand","embeddable":true,"href":"https:\/\/uj.adatbank.ro\/lexikon\/wp-json\/wp\/v2\/product_brand?post=23854"},{"taxonomy":"product_cat","embeddable":true,"href":"https:\/\/uj.adatbank.ro\/lexikon\/wp-json\/wp\/v2\/product_cat?post=23854"},{"taxonomy":"product_tag","embeddable":true,"href":"https:\/\/uj.adatbank.ro\/lexikon\/wp-json\/wp\/v2\/product_tag?post=23854"}],"curies":[{"name":"wp","href":"https:\/\/api.w.org\/{rel}","templated":true}]}}