{"id":23855,"date":"2025-08-01T17:44:32","date_gmt":"2025-08-01T15:44:32","guid":{"rendered":"https:\/\/uj.adatbank.ro\/lexikon\/termek\/ungvari-janos-2\/"},"modified":"2025-08-01T17:44:32","modified_gmt":"2025-08-01T15:44:32","slug":"ungvari-janos-2","status":"publish","type":"product","link":"https:\/\/uj.adatbank.ro\/lexikon\/termek\/ungvari-janos-2\/","title":{"rendered":"UNGV\u00c1RI J\u00e1nos"},"content":{"rendered":"<p>? \u2020\u00a0?: asztalos. \u2013 Mv.-en labdar\u00fag\u00f3 volt. A MTE vezet\u0151s\u00e9gi tagja (1924\u201330), majd a labdar\u00fag\u00f3 szakoszt\u00e1ly int\u00e9z\u0151je, azut\u00e1n az egyes\u00fclet titk\u00e1ra. Kereszt\u00e9ny nemzeti szellemben vezette egyes\u00fclet\u00e9t (1936\u2013), nagy seg\u00edts\u00e9g\u00e9re volt Anghi Bal\u00e1zs \u00e9s P\u00e1lffy J\u00e1nos, valamint az ut\u00e1np\u00f3tl\u00e1s ter\u00e9n Kiss \u00c1rp\u00e1d edz\u0151nek. <br \/><strong>\u2013 Irod.:<\/strong> Pluh\u00e1r.<\/br><\/p>\n","protected":false},"excerpt":{"rendered":"<p>? \u2020\u00a0?: asztalos. \u2013 Mv.-en labdar\u00fag\u00f3 volt. A MTE vezet\u0151s\u00e9gi tagja (1924\u201330), majd a labdar\u00fag\u00f3 szakoszt\u00e1ly int\u00e9z\u0151je, azut\u00e1n az egyes\u00fclet titk\u00e1ra. Kereszt\u00e9ny nemzeti szellemben vezette egyes\u00fclet\u00e9t (1936\u2013), nagy seg\u00edts\u00e9g\u00e9re volt Anghi Bal\u00e1zs \u00e9s P\u00e1lffy J\u00e1nos, valamint az ut\u00e1np\u00f3tl\u00e1s ter\u00e9n Kiss \u00c1rp\u00e1d edz\u0151nek. \u2013 Irod.: Pluh\u00e1r.<\/p>\n","protected":false},"featured_media":0,"comment_status":"open","ping_status":"closed","template":"","meta":[],"product_brand":[],"product_cat":[137],"product_tag":[],"class_list":{"0":"post-23855","1":"product","2":"type-product","3":"status-publish","5":"product_cat-maros-megyei-eletrajzi-lexikon","7":"first","8":"instock","9":"shipping-taxable","10":"product-type-simple"},"_links":{"self":[{"href":"https:\/\/uj.adatbank.ro\/lexikon\/wp-json\/wp\/v2\/product\/23855","targetHints":{"allow":["GET"]}}],"collection":[{"href":"https:\/\/uj.adatbank.ro\/lexikon\/wp-json\/wp\/v2\/product"}],"about":[{"href":"https:\/\/uj.adatbank.ro\/lexikon\/wp-json\/wp\/v2\/types\/product"}],"replies":[{"embeddable":true,"href":"https:\/\/uj.adatbank.ro\/lexikon\/wp-json\/wp\/v2\/comments?post=23855"}],"wp:attachment":[{"href":"https:\/\/uj.adatbank.ro\/lexikon\/wp-json\/wp\/v2\/media?parent=23855"}],"wp:term":[{"taxonomy":"product_brand","embeddable":true,"href":"https:\/\/uj.adatbank.ro\/lexikon\/wp-json\/wp\/v2\/product_brand?post=23855"},{"taxonomy":"product_cat","embeddable":true,"href":"https:\/\/uj.adatbank.ro\/lexikon\/wp-json\/wp\/v2\/product_cat?post=23855"},{"taxonomy":"product_tag","embeddable":true,"href":"https:\/\/uj.adatbank.ro\/lexikon\/wp-json\/wp\/v2\/product_tag?post=23855"}],"curies":[{"name":"wp","href":"https:\/\/api.w.org\/{rel}","templated":true}]}}