{"id":23858,"date":"2025-08-01T17:44:41","date_gmt":"2025-08-01T15:44:41","guid":{"rendered":"https:\/\/uj.adatbank.ro\/lexikon\/termek\/unmilits-antal-unmilich-antal\/"},"modified":"2025-08-01T17:44:41","modified_gmt":"2025-08-01T15:44:41","slug":"unmilits-antal-unmilich-antal","status":"publish","type":"product","link":"https:\/\/uj.adatbank.ro\/lexikon\/termek\/unmilits-antal-unmilich-antal\/","title":{"rendered":"UNMILITS Antal, Unmilich Antal"},"content":{"rendered":"<p>? \u2020\u00a01792. m\u00e1rc. 13.: r. k. pap. \u2013 Pl\u00e9b\u00e1nos Mez\u0151erkeden, Sz\u00e1szr\u00e9genben (1763\u201373), Kapnikb\u00e1ny\u00e1n (1773\u2013), tb. kanonok (1783\u2013). <br \/><strong>\u2013 Irod.:<\/strong> Ferenczi S\u00e1ndor 2009.<\/br><\/p>\n","protected":false},"excerpt":{"rendered":"<p>? \u2020\u00a01792. m\u00e1rc. 13.: r. k. pap. \u2013 Pl\u00e9b\u00e1nos Mez\u0151erkeden, Sz\u00e1szr\u00e9genben (1763\u201373), Kapnikb\u00e1ny\u00e1n (1773\u2013), tb. kanonok (1783\u2013). \u2013 Irod.: Ferenczi S\u00e1ndor 2009.<\/p>\n","protected":false},"featured_media":0,"comment_status":"open","ping_status":"closed","template":"","meta":[],"product_brand":[],"product_cat":[137],"product_tag":[],"class_list":{"0":"post-23858","1":"product","2":"type-product","3":"status-publish","5":"product_cat-maros-megyei-eletrajzi-lexikon","7":"first","8":"instock","9":"shipping-taxable","10":"product-type-simple"},"_links":{"self":[{"href":"https:\/\/uj.adatbank.ro\/lexikon\/wp-json\/wp\/v2\/product\/23858","targetHints":{"allow":["GET"]}}],"collection":[{"href":"https:\/\/uj.adatbank.ro\/lexikon\/wp-json\/wp\/v2\/product"}],"about":[{"href":"https:\/\/uj.adatbank.ro\/lexikon\/wp-json\/wp\/v2\/types\/product"}],"replies":[{"embeddable":true,"href":"https:\/\/uj.adatbank.ro\/lexikon\/wp-json\/wp\/v2\/comments?post=23858"}],"wp:attachment":[{"href":"https:\/\/uj.adatbank.ro\/lexikon\/wp-json\/wp\/v2\/media?parent=23858"}],"wp:term":[{"taxonomy":"product_brand","embeddable":true,"href":"https:\/\/uj.adatbank.ro\/lexikon\/wp-json\/wp\/v2\/product_brand?post=23858"},{"taxonomy":"product_cat","embeddable":true,"href":"https:\/\/uj.adatbank.ro\/lexikon\/wp-json\/wp\/v2\/product_cat?post=23858"},{"taxonomy":"product_tag","embeddable":true,"href":"https:\/\/uj.adatbank.ro\/lexikon\/wp-json\/wp\/v2\/product_tag?post=23858"}],"curies":[{"name":"wp","href":"https:\/\/api.w.org\/{rel}","templated":true}]}}