{"id":23867,"date":"2025-08-01T17:45:04","date_gmt":"2025-08-01T15:45:04","guid":{"rendered":"https:\/\/uj.adatbank.ro\/lexikon\/termek\/urhazy-gyorgy-urhazi-gyorgy-urhazy-gyorgy\/"},"modified":"2025-08-01T17:45:04","modified_gmt":"2025-08-01T15:45:04","slug":"urhazy-gyorgy-urhazi-gyorgy-urhazy-gyorgy","status":"publish","type":"product","link":"https:\/\/uj.adatbank.ro\/lexikon\/termek\/urhazy-gyorgy-urhazi-gyorgy-urhazy-gyorgy\/","title":{"rendered":"\u00daRH\u00c1ZY Gy\u00f6rgy, \u00darh\u00e1zi Gy\u00f6rgy; Urh\u00e1zy Gy\u00f6rgy"},"content":{"rendered":"<p>Tokaj, 1823. dec. 15., \u2020\u00a0Bp., 1873. \u00e1pr. 21.: \u00fcgyv\u00e9d, h\u00edrlap\u00edr\u00f3, k\u00f6lt\u0151, az MTA levelez\u0151 tagja. \u2013 \u00da. Gy\u00f6rgy ref. lelk\u00e9sz \u00e9s Kem\u00e9ny Ter\u00e9zia fia. \u2013 Nagydob\u00e1r\u00f3l Zilahra k\u00fcldt\u00e9k gimn\u00e1ziumba, majd Kv.-on folytatta tanulm\u00e1nyait (1842\u2013). M\u00e9hes S\u00e1muel m\u00e9g mint jog\u00e1szt az Erd\u00e9lyi Hirad\u00f3hoz fogadta belmunkat\u00e1rsul \u00e9s a Kolozsv\u00e1ri Napl\u00f3 rovatot \u00edrta (\u2013 1846. jan. 6). M\u00e9g a lapn\u00e1l volt, amikor Mv-en letette az \u00fcgyv\u00e9di vizsg\u00e1t (1847). Tev\u00e9kenyen kapcsol\u00f3dott be az 1848\u201349-es mv.-i mozgalmakba. Mv.-re els\u0151nek hozta el a pesti ifj\u00fas\u00e1g 12 pontos k\u00f6vetel\u00e9s\u00e9t (1948. m\u00e1rc. 21.) \u00e9s megsz\u00f6vegezte a mv.-i fiatals\u00e1g, a m., rom\u00e1n \u00e9s sz\u00e1sz kancellist\u00e1k, koll.-i ifj\u00fas\u00e1g kir\u00e1lyhoz k\u00fcldend\u0151 k\u00e9relm\u00e9t (1948. m\u00e1rc. 22.). Kinyomtatta 1000 p\u00e9ld\u00e1nyban az Uni\u00f3 \u2013 dal c. vers\u00e9t, amellyel harcra buzd\u00edtotta a t\u00f6megeket. Felolvasta a felirati fogalmazv\u00e1nyt, amelyet a fiatalok minden v\u00e1ltoztat\u00e1s n\u00e9lk\u00fcl elfogadtak (1948. m\u00e1r. 23.). Be\u00e1llott az akkor Kossuth, ut\u00f3bb M\u00e1ty\u00e1s nev\u00e9t visel\u0151 XV. husz\u00e1rezredbe (1848. aug.). Mv.-r\u0151l utolj\u00e1ra t\u00e1vozott Jakab Elekkel Oltszemre gr. Mik\u00f3 kast\u00e9ly\u00e1ba (1849). K\u00e9t h\u00f3nap m\u00falva Bem t\u00e1bor\u00e1t kereste fel; \u00fatk\u00f6zben Cs\u00edkban elfogt\u00e1k, de megsz\u00f6k\u00f6tt. Mint galopin Bem t\u00e1bor\u00e1ban nyert alkalmaz\u00e1st; ott volt Szeben bev\u00e9tel\u00e9n\u00e9l \u00e9s t\u00f6bbsz\u00f6r kit\u00fcntette mag\u00e1t. R\u00e9szt vett Bem d\u00e9lmagyarorsz\u00e1gi hadj\u00e1rat\u00e1ban \u00e9s kapit\u00e1nny\u00e1 l\u00e9pett el\u0151. A szabads\u00e1gharc ut\u00e1n Tokajba menek\u00fclt anyai rokonaihoz. Cs\u00e1sz\u00e1r Ferencz megh\u00edvta a Pesti Napl\u00f3hoz (1850), hol a k\u00fclf\u00f6ldi rovatot vezette. \u00datra kelt keletre, mint a P. Napl\u00f3 levelez\u0151je (1854). M\u00edg a keleti h\u00e1bor\u00fa tartott, eg\u00e9szen politikai tanulm\u00e1nyokba volt m\u00e9lyedve. B\u00e1r\u00f3 Kem\u00e9ny Zsigmond szerkeszt\u00e9se alatt, a P. Napl\u00f3 vez\u00e9rcikk \u00edr\u00f3ja volt; hirdette a nap\u00f3leoni eszm\u00e9k \u00e9letreval\u00f3s\u00e1g\u00e1t. Megind\u00edtotta a Magyar Post\u00e1t (1857. j\u00fal. 1) 1500 el\u0151fizet\u0151vel; amikor Emich, a kiad\u00f3 megsz\u00fcntette a lapot a Magyar Sajt\u00f3hoz ment \u00e1t, mint a k\u00fclf\u00f6ldi rovat szerkeszt\u0151je. A zsib\u00f3i ker\u00fclet v\u00e1lasztotta meg orsz\u00e1ggy\u0171l\u00e9si k\u00e9pvisel\u0151nek (1861), a M. Tudom. Akad\u00e9mia pedig azon \u00e9v dec. 20-\u00e1n levelez\u0151 tagj\u00e1nak. Megv\u00e1lt a Magyar Sajt\u00f3t\u00f3l \u00e9s a Hon szerkeszt\u0151s\u00e9g\u00e9be l\u00e9pett (1862) \u00e1tvette a lap szerkeszt\u00e9s\u00e9t (1863\u201365) \u00e9s 1865. Elvei, meggy\u0151z\u0151d\u00e9se a De\u00e1k-p\u00e1rthoz f\u0171zt\u00e9k, oda vonzott\u00e1k r\u00e9gi bar\u00e1ti \u00f6sszek\u00f6ttet\u00e9sei is. Az alkotm\u00e1nyoss\u00e1g helyre\u00e1ll\u00edt\u00e1sa ut\u00e1n (1867) kiv\u00e1lt az ellenz\u00e9ki Hon munkat\u00e1rsai k\u00f6z\u00fcl s az Esti Lapok k\u00fclf\u00f6ldi rovat\u00e1t vette \u00e1t. A zsib\u00f3i ter\u00fclet ism\u00e9t megv\u00e1lasztotta k\u00e9pvisel\u0151nek (1869). A MTA Szil\u00e1gyi S\u00e1ndor (1880. m\u00e1rc. 22.) tartott f\u00f6l\u00f6tte eml\u00e9kbesz\u00e9det. Tud\u00f3s\u00edt\u00e1sokat \u00e9s verseket k\u00f6z\u00f6lt t\u0151le a Reg\u00e9l\u0151 Pesti Divatlap, Vahot Orsz\u00e1ggy\u0171l\u00e9si Almanachja \u00e9s az Aradi V\u00e9szlapok; a Besz\u00e9lyt\u00e1r (Kolozsv\u00e1r); azut\u00e1n a k\u00f6vetkez\u0151 h\u00edrlapokba \u00edrt: Pesti Divatlap; Nemzeti T\u00e1rsalkod\u00f3; Sz\u00e9pirodalmiban; M\u00fcller Gyula Nagy Napt\u00e1ra; Vas\u00e1rnapi Ujs\u00e1g; Pesti Napl\u00f3; H\u00f6lgyfut\u00e1r; Divatcsarnok. \u2013  <strong>F. m..:<\/strong> Keleti k\u00e9pek. (Pest, 1854, 1884); III. Napoleon. (Pest 1854); Vil\u00e1gkr\u00f3nika. N\u00e9pszer\u0171 el\u0151ad\u00e1sa az 1857. szept. 1-t\u0151l 1858. nov. v\u00e9g\u00e9ig t\u00f6rt\u00e9nt nevezetesebb esem\u00e9nyeknek. (Pest 1859.); Liszt Ferenczhez. Hely \u00e9s \u00e9v n. (K\u00f6ltem\u00e9ny).;  <strong> szerk.:<\/strong> \u00d6r\u00f6mdalok a nemzet \u00fcnnep\u00e9n. Erd\u00e9ly korm\u00e1nyz\u00f3ja, nagym. sz\u00e9ki ifjabb gr. Teleki J\u00f3zsef ur \u0151 excell. Kv.-ra \u00e9rkez\u00e9se. (Kv, 1842.); Unio. Zsebk\u00f6nyv. (Kv., 1848.); K\u00e9ziratban: Kaukazus le\u00edr\u00e1sa 3 k\u00f6tetben. (M\u00fcller Gyula kiad\u00f3val szerz\u0151d\u00e9st is k\u00f6t\u00f6tt 1855. m\u00e1rc. 16. a munka kiad\u00e1s\u00e1ra; azonban p\u00e1rtol\u00e1s hi\u00e1nya miatt ez nem jelenhetett meg.); Jegye: U. a politikai lapokban. <br \/><strong>\u2013 Irod.:<\/strong> 1848\u20131849 Marossz\u00e9k; 1848\u20131849 Transilvania; Id\u0151t\u00e1r 2.; Szinnyei; T\u00f3falvi Zolt\u00e1n: 1848 m\u00e1rciusa a Sz\u00e9kelyf\u00f6ld\u00f6n, Mv.-en (N\u00fa., 1998. m\u00e1rc. 12\u201313.).<\/br><\/p>\n","protected":false},"excerpt":{"rendered":"<p>Tokaj, 1823. dec. 15., \u2020\u00a0Bp., 1873. \u00e1pr. 21.: \u00fcgyv\u00e9d, h\u00edrlap\u00edr\u00f3, k\u00f6lt\u0151, az MTA levelez\u0151 tagja. \u2013 \u00da. Gy\u00f6rgy ref. lelk\u00e9sz \u00e9s Kem\u00e9ny Ter\u00e9zia fia. \u2013 Nagydob\u00e1r\u00f3l Zilahra k\u00fcldt\u00e9k gimn\u00e1ziumba, majd Kv.-on folytatta tanulm\u00e1nyait (1842\u2013). M\u00e9hes S\u00e1muel m\u00e9g mint jog\u00e1szt az Erd\u00e9lyi Hirad\u00f3hoz fogadta belmunkat\u00e1rsul \u00e9s a Kolozsv\u00e1ri Napl\u00f3 rovatot \u00edrta (\u2013 1846. jan. 6). M\u00e9g [&hellip;]<\/p>\n","protected":false},"featured_media":0,"comment_status":"open","ping_status":"closed","template":"","meta":[],"product_brand":[],"product_cat":[137],"product_tag":[],"class_list":{"0":"post-23867","1":"product","2":"type-product","3":"status-publish","5":"product_cat-maros-megyei-eletrajzi-lexikon","7":"first","8":"instock","9":"shipping-taxable","10":"product-type-simple"},"_links":{"self":[{"href":"https:\/\/uj.adatbank.ro\/lexikon\/wp-json\/wp\/v2\/product\/23867","targetHints":{"allow":["GET"]}}],"collection":[{"href":"https:\/\/uj.adatbank.ro\/lexikon\/wp-json\/wp\/v2\/product"}],"about":[{"href":"https:\/\/uj.adatbank.ro\/lexikon\/wp-json\/wp\/v2\/types\/product"}],"replies":[{"embeddable":true,"href":"https:\/\/uj.adatbank.ro\/lexikon\/wp-json\/wp\/v2\/comments?post=23867"}],"wp:attachment":[{"href":"https:\/\/uj.adatbank.ro\/lexikon\/wp-json\/wp\/v2\/media?parent=23867"}],"wp:term":[{"taxonomy":"product_brand","embeddable":true,"href":"https:\/\/uj.adatbank.ro\/lexikon\/wp-json\/wp\/v2\/product_brand?post=23867"},{"taxonomy":"product_cat","embeddable":true,"href":"https:\/\/uj.adatbank.ro\/lexikon\/wp-json\/wp\/v2\/product_cat?post=23867"},{"taxonomy":"product_tag","embeddable":true,"href":"https:\/\/uj.adatbank.ro\/lexikon\/wp-json\/wp\/v2\/product_tag?post=23867"}],"curies":[{"name":"wp","href":"https:\/\/api.w.org\/{rel}","templated":true}]}}