{"id":23869,"date":"2025-08-01T17:45:10","date_gmt":"2025-08-01T15:45:10","guid":{"rendered":"https:\/\/uj.adatbank.ro\/lexikon\/termek\/urkon-gerard-r-p-urkon-gellert-istvan\/"},"modified":"2025-08-01T17:45:10","modified_gmt":"2025-08-01T15:45:10","slug":"urkon-gerard-r-p-urkon-gellert-istvan","status":"publish","type":"product","link":"https:\/\/uj.adatbank.ro\/lexikon\/termek\/urkon-gerard-r-p-urkon-gellert-istvan\/","title":{"rendered":"URKON Gerard, R.P., Urkon Gell\u00e9rt Istv\u00e1n"},"content":{"rendered":"<p>Tusn\u00e1d, 1751. \u2020\u00a01799. m\u00e1j. 19. A mv.-i ferences bar\u00e1tok egykori temploma alatt l\u00e9v\u0151 kript\u00e1ban nyugszik: ferences szerzetes. \u2013 Mez\u0151b\u00e1ndon szolg\u00e1lt. <br \/><strong>\u2013 Irod.:<\/strong> Gy\u00f6rgy: A ferencrendiek; Pantheon.<\/br><\/p>\n","protected":false},"excerpt":{"rendered":"<p>Tusn\u00e1d, 1751. \u2020\u00a01799. m\u00e1j. 19. A mv.-i ferences bar\u00e1tok egykori temploma alatt l\u00e9v\u0151 kript\u00e1ban nyugszik: ferences szerzetes. \u2013 Mez\u0151b\u00e1ndon szolg\u00e1lt. \u2013 Irod.: Gy\u00f6rgy: A ferencrendiek; Pantheon.<\/p>\n","protected":false},"featured_media":0,"comment_status":"open","ping_status":"closed","template":"","meta":[],"product_brand":[],"product_cat":[137],"product_tag":[],"class_list":{"0":"post-23869","1":"product","2":"type-product","3":"status-publish","5":"product_cat-maros-megyei-eletrajzi-lexikon","7":"first","8":"instock","9":"shipping-taxable","10":"product-type-simple"},"_links":{"self":[{"href":"https:\/\/uj.adatbank.ro\/lexikon\/wp-json\/wp\/v2\/product\/23869","targetHints":{"allow":["GET"]}}],"collection":[{"href":"https:\/\/uj.adatbank.ro\/lexikon\/wp-json\/wp\/v2\/product"}],"about":[{"href":"https:\/\/uj.adatbank.ro\/lexikon\/wp-json\/wp\/v2\/types\/product"}],"replies":[{"embeddable":true,"href":"https:\/\/uj.adatbank.ro\/lexikon\/wp-json\/wp\/v2\/comments?post=23869"}],"wp:attachment":[{"href":"https:\/\/uj.adatbank.ro\/lexikon\/wp-json\/wp\/v2\/media?parent=23869"}],"wp:term":[{"taxonomy":"product_brand","embeddable":true,"href":"https:\/\/uj.adatbank.ro\/lexikon\/wp-json\/wp\/v2\/product_brand?post=23869"},{"taxonomy":"product_cat","embeddable":true,"href":"https:\/\/uj.adatbank.ro\/lexikon\/wp-json\/wp\/v2\/product_cat?post=23869"},{"taxonomy":"product_tag","embeddable":true,"href":"https:\/\/uj.adatbank.ro\/lexikon\/wp-json\/wp\/v2\/product_tag?post=23869"}],"curies":[{"name":"wp","href":"https:\/\/api.w.org\/{rel}","templated":true}]}}