{"id":23874,"date":"2025-08-01T17:45:21","date_gmt":"2025-08-01T15:45:21","guid":{"rendered":"https:\/\/uj.adatbank.ro\/lexikon\/termek\/urmanczy-jeromos-%c2%a7\/"},"modified":"2025-08-01T17:45:21","modified_gmt":"2025-08-01T15:45:21","slug":"urmanczy-jeromos-%c2%a7","status":"publish","type":"product","link":"https:\/\/uj.adatbank.ro\/lexikon\/termek\/urmanczy-jeromos-%c2%a7\/","title":{"rendered":"URM\u00c1NCZY Jeromos, \u00a7"},"content":{"rendered":"<p>Marosh\u00e9v\u00edz, 1871., \u2020\u00a0Mv., 1950. szept. 11.: f\u00f6ldbirtokos. \u2013 U. Jeromos \u00e9s Teleszky Ilona fia. U. N\u00e1ndor ogy.-i k\u00e9pvisel\u0151 testv\u00e9re. Feles\u00e9ge: L\u0151sing Hildegard. Fiai: J\u00e1nos \u00e9s ifj Jeromos (1902\u20131964 v. 1993), gazdas\u00e1gi akad\u00e9mi\u00e1t v\u00e9gzett Lipcs\u00e9ben. \u2013 Kalocs\u00e1n, Nyitr\u00e1n, Mv.-en folytatta tanulm\u00e1nyait \u00e9s Lipcs\u00e9ben a Gazdas\u00e1gi Akad.-\u00e1n v\u00e9gzett. Marosh\u00e9v\u00edzi f\u00f6ldbirtokos. Brass\u00f3ban a cellul\u00f3zgy\u00e1rban dolgozott, Fogarason, majd Cs\u00edkszered\u00e1ban tisztvisel\u0151, ill. a M. Fa Rt. kirendelts\u00e9g\u00e9nek vezet\u0151je (1940). A M. P. tagja. A v\u00e1rmegye legnagyobb ad\u00f3fizet\u0151i k\u00f6z\u00e9 tartozott (1910, 1913). <br \/><strong>\u2013 Irod.:<\/strong> Id\u0151t\u00e1r 2; Koszta Istv\u00e1n: F\u00f6ldindul\u00e1s \u20131916 = P\u00e1l-Antal \u2013 Simon; Lev\u00e9lt\u00e1ri gy\u00e1szj.; Ol\u00e1h-G\u00e1l Elvira = Nobile officium 2; Sz\u00e1va 2012.<\/br><\/p>\n","protected":false},"excerpt":{"rendered":"<p>Marosh\u00e9v\u00edz, 1871., \u2020\u00a0Mv., 1950. szept. 11.: f\u00f6ldbirtokos. \u2013 U. Jeromos \u00e9s Teleszky Ilona fia. U. N\u00e1ndor ogy.-i k\u00e9pvisel\u0151 testv\u00e9re. Feles\u00e9ge: L\u0151sing Hildegard. Fiai: J\u00e1nos \u00e9s ifj Jeromos (1902\u20131964 v. 1993), gazdas\u00e1gi akad\u00e9mi\u00e1t v\u00e9gzett Lipcs\u00e9ben. \u2013 Kalocs\u00e1n, Nyitr\u00e1n, Mv.-en folytatta tanulm\u00e1nyait \u00e9s Lipcs\u00e9ben a Gazdas\u00e1gi Akad.-\u00e1n v\u00e9gzett. Marosh\u00e9v\u00edzi f\u00f6ldbirtokos. Brass\u00f3ban a cellul\u00f3zgy\u00e1rban dolgozott, Fogarason, majd Cs\u00edkszered\u00e1ban [&hellip;]<\/p>\n","protected":false},"featured_media":0,"comment_status":"open","ping_status":"closed","template":"","meta":[],"product_brand":[],"product_cat":[137],"product_tag":[],"class_list":{"0":"post-23874","1":"product","2":"type-product","3":"status-publish","5":"product_cat-maros-megyei-eletrajzi-lexikon","7":"first","8":"instock","9":"shipping-taxable","10":"product-type-simple"},"_links":{"self":[{"href":"https:\/\/uj.adatbank.ro\/lexikon\/wp-json\/wp\/v2\/product\/23874","targetHints":{"allow":["GET"]}}],"collection":[{"href":"https:\/\/uj.adatbank.ro\/lexikon\/wp-json\/wp\/v2\/product"}],"about":[{"href":"https:\/\/uj.adatbank.ro\/lexikon\/wp-json\/wp\/v2\/types\/product"}],"replies":[{"embeddable":true,"href":"https:\/\/uj.adatbank.ro\/lexikon\/wp-json\/wp\/v2\/comments?post=23874"}],"wp:attachment":[{"href":"https:\/\/uj.adatbank.ro\/lexikon\/wp-json\/wp\/v2\/media?parent=23874"}],"wp:term":[{"taxonomy":"product_brand","embeddable":true,"href":"https:\/\/uj.adatbank.ro\/lexikon\/wp-json\/wp\/v2\/product_brand?post=23874"},{"taxonomy":"product_cat","embeddable":true,"href":"https:\/\/uj.adatbank.ro\/lexikon\/wp-json\/wp\/v2\/product_cat?post=23874"},{"taxonomy":"product_tag","embeddable":true,"href":"https:\/\/uj.adatbank.ro\/lexikon\/wp-json\/wp\/v2\/product_tag?post=23874"}],"curies":[{"name":"wp","href":"https:\/\/api.w.org\/{rel}","templated":true}]}}