{"id":23876,"date":"2025-08-01T17:45:27","date_gmt":"2025-08-01T15:45:27","guid":{"rendered":"https:\/\/uj.adatbank.ro\/lexikon\/termek\/urmosi-kalman\/"},"modified":"2025-08-01T17:45:27","modified_gmt":"2025-08-01T15:45:27","slug":"urmosi-kalman","status":"publish","type":"product","link":"https:\/\/uj.adatbank.ro\/lexikon\/termek\/urmosi-kalman\/","title":{"rendered":"\u00dcRM\u00d6SI K\u00e1lm\u00e1n"},"content":{"rendered":"<p>Korond, 1847., \u2020kv., 1923.: unit. lelk\u00e9sz, esperes. \u2013 Feles\u00e9ge K\u00e1ntor Gizella (Abrudb\u00e1nya, 1880. \u00e1pr. \u2013 Kv., 1938. aug. 20.), k\u00f6lt\u0151. \u2013 Kv.-on tanult, majd seg\u00e9dlelk\u00e9sz. Szolg\u00e1lt Tarcsafalv\u00e1n (1872\u2013), Sim\u00e9nfalv\u00e1n (1878\u2013) \u00e9s Szentgeric\u00e9n (1882\u20131913) mint lelk\u00e9sz, nyugd\u00edjaz\u00e1s\u00e1ig. A Marosi unit. egyh\u00e1zk\u00f6r esperese (1912\u201313), nyugd\u00edjba vonult (1914). A Kereszt\u00e9ny Magvet\u0151nek \u00e9s az Unit\u00e1rius K\u00f6zl\u00f6nynek rendes munkat\u00e1rsa. \u2013  <strong>F. m..:<\/strong> A vall\u00e1stan\u00edt\u00e1s reformja a n\u00e9p- \u00e9s vas\u00e1rnapi iskol\u00e1kban. (Kv., 1887); T\u00e9ves n\u00e9zetek az unit\u00e1rizmus fel\u0151l \u00e9s v\u00e1dak az unit\u00e1riusok ellen: Felolvas\u00e1s a Marosk\u00f6ri D\u00e1vid Ferenc Fi\u00f3kegyletnek Ny. G\u00e1lfalv\u00e1n 1890. j\u00fal. 9.-\u00e9n tartott gy\u0171l\u00e9s\u00e9n (Mv., 1890); Eml\u00e9kez\u00e9s Dr. Brassai S\u00e1muelr\u0151l: A Marosk\u00f6ri D\u00e1vid Ferenc Fi\u00f3kegyletnek Ka\u00e1lban 1898 aug. 8.-\u00e9n tartott \u00fcl\u00e9s\u00e9ben (Mv., 1898);  <strong>t\u00e1rssz.:<\/strong> A Mo.-i Unit\u00e1rius Egyh\u00e1z 1907 aug. h\u00f3 24\u201327 napjain Marosi Egyh\u00e1zk\u00f6rben Cs\u00f3kfalv\u00e1n tartott Zsinati F\u0151tan\u00e1csa alkalm\u00e1b\u00f3l mondott im\u00e1k \u00e9s besz\u00e9dek (Mv., 1907). <br \/><strong>\u2013 Irod.:<\/strong> F\u00fcl\u00f6p\u2013Ferencz; Kelemen Lajos 1982; A Mo.-i Unit\u00e1rius Egyh\u00e1zi F\u0151tan\u00e1cs 1913. okt. 26\u201328. Kv.-on tartott nagygy\u0171l\u00e9s\u00e9nek jegyz\u0151k\u00f6nyve (Kv., 1913); Szentgerice; Szinnyei; Zov\u00e1nyi.<\/br><\/p>\n","protected":false},"excerpt":{"rendered":"<p>Korond, 1847., \u2020kv., 1923.: unit. lelk\u00e9sz, esperes. \u2013 Feles\u00e9ge K\u00e1ntor Gizella (Abrudb\u00e1nya, 1880. \u00e1pr. \u2013 Kv., 1938. aug. 20.), k\u00f6lt\u0151. \u2013 Kv.-on tanult, majd seg\u00e9dlelk\u00e9sz. Szolg\u00e1lt Tarcsafalv\u00e1n (1872\u2013), Sim\u00e9nfalv\u00e1n (1878\u2013) \u00e9s Szentgeric\u00e9n (1882\u20131913) mint lelk\u00e9sz, nyugd\u00edjaz\u00e1s\u00e1ig. A Marosi unit. egyh\u00e1zk\u00f6r esperese (1912\u201313), nyugd\u00edjba vonult (1914). A Kereszt\u00e9ny Magvet\u0151nek \u00e9s az Unit\u00e1rius K\u00f6zl\u00f6nynek rendes munkat\u00e1rsa. \u2013 [&hellip;]<\/p>\n","protected":false},"featured_media":0,"comment_status":"open","ping_status":"closed","template":"","meta":[],"product_brand":[],"product_cat":[137],"product_tag":[],"class_list":{"0":"post-23876","1":"product","2":"type-product","3":"status-publish","5":"product_cat-maros-megyei-eletrajzi-lexikon","7":"first","8":"instock","9":"shipping-taxable","10":"product-type-simple"},"_links":{"self":[{"href":"https:\/\/uj.adatbank.ro\/lexikon\/wp-json\/wp\/v2\/product\/23876","targetHints":{"allow":["GET"]}}],"collection":[{"href":"https:\/\/uj.adatbank.ro\/lexikon\/wp-json\/wp\/v2\/product"}],"about":[{"href":"https:\/\/uj.adatbank.ro\/lexikon\/wp-json\/wp\/v2\/types\/product"}],"replies":[{"embeddable":true,"href":"https:\/\/uj.adatbank.ro\/lexikon\/wp-json\/wp\/v2\/comments?post=23876"}],"wp:attachment":[{"href":"https:\/\/uj.adatbank.ro\/lexikon\/wp-json\/wp\/v2\/media?parent=23876"}],"wp:term":[{"taxonomy":"product_brand","embeddable":true,"href":"https:\/\/uj.adatbank.ro\/lexikon\/wp-json\/wp\/v2\/product_brand?post=23876"},{"taxonomy":"product_cat","embeddable":true,"href":"https:\/\/uj.adatbank.ro\/lexikon\/wp-json\/wp\/v2\/product_cat?post=23876"},{"taxonomy":"product_tag","embeddable":true,"href":"https:\/\/uj.adatbank.ro\/lexikon\/wp-json\/wp\/v2\/product_tag?post=23876"}],"curies":[{"name":"wp","href":"https:\/\/api.w.org\/{rel}","templated":true}]}}