{"id":23878,"date":"2025-08-01T17:45:32","date_gmt":"2025-08-01T15:45:32","guid":{"rendered":"https:\/\/uj.adatbank.ro\/lexikon\/termek\/urmosy-sandor-urmosi-sandor-urmossy-sandor\/"},"modified":"2025-08-01T17:45:32","modified_gmt":"2025-08-01T15:45:32","slug":"urmosy-sandor-urmosi-sandor-urmossy-sandor","status":"publish","type":"product","link":"https:\/\/uj.adatbank.ro\/lexikon\/termek\/urmosy-sandor-urmosi-sandor-urmossy-sandor\/","title":{"rendered":"\u00dcRM\u00d6SY S\u00e1ndor, \u00dcrm\u00f6si S\u00e1ndor, \u00dcrm\u00f6ssy S\u00e1ndor"},"content":{"rendered":"<p>Tord\u00e1tfalva, 1811 k., \u2020\u00a0Nagyszeben ?, 1865 ut\u00e1n: unit. lelk\u00e9sz, n\u00e9prajzkutat\u00f3, utaz\u00f3, \u00edr\u00f3. \u2013 Kv.-on az Unit. koll.-ban tanult (1833\u201340). Tagja volt a Kv.-i Unit. T\u00e1rsas\u00e1gnak (1836\u201339). Harangl\u00e1bon volt lelk\u00e9sz, majd \u00e1llom\u00e1shelyei: Vadad (1841\u201346), Bordos (1847\u201350), Verespatak (1851\u201353), B\u00f6z\u00f6d\u00fajfalu (1853\u201356), Tord\u00e1tfalva (1856\u201358), majd Nyom\u00e1t (1863\u201365). A kv.-i Hetilap munkat\u00e1rsa (1850 k.). Munt\u00e9ni\u00e1ban gyalogosan v\u00e1ndorolt, \u00e9s kereste az ott \u00e9l\u0151 magyarokat (1841-ben k\u00e9t h\u00f3napot \u00e9s 1843-ban egy h\u00f3napot), \u00e9lm\u00e9nyei alapj\u00e1n \u00edrta meg Az elbujdosott magyarok Ol\u00e1horsz\u00e1gban c. k\u00f6nyv\u00e9t. Udvarhelysz\u00e9kr\u0151l gy\u0171jt\u00f6tt mes\u00e9ket, ballad\u00e1kat, amelyeket v\u00e1ltoztat\u00e1s n\u00e9lk\u00fcl k\u00f6z\u00f6lt Kriza J\u00e1nos a Vadr\u00f3zs\u00e1k c. gy\u0171jtem\u00e9nyben (1863). A mesegy\u0171jtem\u00e9ny\u00e9t, a jegyzeteit a sz\u00e9kely n\u00e9pszok\u00e1sokr\u00f3l (1850-es \u00e9vek v\u00e9g\u00e9n \u00edrta). K\u00e9zirata: Sz\u00e9kely magyar szombatosok Erd\u00e9lyben c. (1855) az MTA k\u00f6nyvt\u00e1r k\u00e9ziratt\u00e1r\u00e1ban \u0151rzik. Ezt a munk\u00e1j\u00e1t Orb\u00e1n Bal\u00e1zs is felhaszn\u00e1lta. \u2013  <strong>F. m..:<\/strong> Az elbujdosott magyarok Ol\u00e1horsz\u00e1gban (Kv., 1844.); Egy szomor\u00fa \u00e9jszaka 1855. j\u00fan. 20-r\u00f3l a Sz\u00e9kely F\u00f6ld\u00f6n B\u00f6z\u00f6d\u00f6n \u00e9s \u00dajfaluban (Mv., 1855). <br \/><strong>\u2013 Irod.:<\/strong> Cs\u00edkfalva; F\u00fcl\u00f6p\u2013Ferencz; Kriza 2; Olosz Katalin: Egy erd\u00e9lyi utaz\u00f3 [\u00dcrm\u00f6sy S\u00e1ndor] \u201etal\u00e1lkoz\u00e1sa\u201d Csoma S\u00e1ndorral Havasalf\u00f6ld\u00f6n 1843 nyar\u00e1n = K\u0151r\u00f6si Csoma S\u00e1ndor \u00e9s keleti hagyom\u00e1nyaink (Sepsiszentgy\u00f6rgy, 2007); Kriza levelez\u00e9s; Pal\u00e1di Kov\u00e1cs Attila: Magyar t\u00e1jak n\u00e9prajzi felfedez\u0151i (Bp., 1985); Rugonfalvi Kiss; Szinnyei; Varga D\u00e9nes: A Tordai Unit\u00e1rius Gimn\u00e1zium t\u00f6rt\u00e9nete (Torda, 1907); Wikip\u00e9dia.<\/br><\/p>\n","protected":false},"excerpt":{"rendered":"<p>Tord\u00e1tfalva, 1811 k., \u2020\u00a0Nagyszeben ?, 1865 ut\u00e1n: unit. lelk\u00e9sz, n\u00e9prajzkutat\u00f3, utaz\u00f3, \u00edr\u00f3. \u2013 Kv.-on az Unit. koll.-ban tanult (1833\u201340). Tagja volt a Kv.-i Unit. T\u00e1rsas\u00e1gnak (1836\u201339). Harangl\u00e1bon volt lelk\u00e9sz, majd \u00e1llom\u00e1shelyei: Vadad (1841\u201346), Bordos (1847\u201350), Verespatak (1851\u201353), B\u00f6z\u00f6d\u00fajfalu (1853\u201356), Tord\u00e1tfalva (1856\u201358), majd Nyom\u00e1t (1863\u201365). A kv.-i Hetilap munkat\u00e1rsa (1850 k.). Munt\u00e9ni\u00e1ban gyalogosan v\u00e1ndorolt, \u00e9s kereste [&hellip;]<\/p>\n","protected":false},"featured_media":0,"comment_status":"open","ping_status":"closed","template":"","meta":[],"product_brand":[],"product_cat":[137],"product_tag":[],"class_list":{"0":"post-23878","1":"product","2":"type-product","3":"status-publish","5":"product_cat-maros-megyei-eletrajzi-lexikon","7":"first","8":"instock","9":"shipping-taxable","10":"product-type-simple"},"_links":{"self":[{"href":"https:\/\/uj.adatbank.ro\/lexikon\/wp-json\/wp\/v2\/product\/23878","targetHints":{"allow":["GET"]}}],"collection":[{"href":"https:\/\/uj.adatbank.ro\/lexikon\/wp-json\/wp\/v2\/product"}],"about":[{"href":"https:\/\/uj.adatbank.ro\/lexikon\/wp-json\/wp\/v2\/types\/product"}],"replies":[{"embeddable":true,"href":"https:\/\/uj.adatbank.ro\/lexikon\/wp-json\/wp\/v2\/comments?post=23878"}],"wp:attachment":[{"href":"https:\/\/uj.adatbank.ro\/lexikon\/wp-json\/wp\/v2\/media?parent=23878"}],"wp:term":[{"taxonomy":"product_brand","embeddable":true,"href":"https:\/\/uj.adatbank.ro\/lexikon\/wp-json\/wp\/v2\/product_brand?post=23878"},{"taxonomy":"product_cat","embeddable":true,"href":"https:\/\/uj.adatbank.ro\/lexikon\/wp-json\/wp\/v2\/product_cat?post=23878"},{"taxonomy":"product_tag","embeddable":true,"href":"https:\/\/uj.adatbank.ro\/lexikon\/wp-json\/wp\/v2\/product_tag?post=23878"}],"curies":[{"name":"wp","href":"https:\/\/api.w.org\/{rel}","templated":true}]}}