{"id":23879,"date":"2025-08-01T17:45:35","date_gmt":"2025-08-01T15:45:35","guid":{"rendered":"https:\/\/uj.adatbank.ro\/lexikon\/termek\/urogdi-nagy-janos\/"},"modified":"2025-08-01T17:45:35","modified_gmt":"2025-08-01T15:45:35","slug":"urogdi-nagy-janos","status":"publish","type":"product","link":"https:\/\/uj.adatbank.ro\/lexikon\/termek\/urogdi-nagy-janos\/","title":{"rendered":"\u00dcR\u00d6GDI NAGY J\u00e1nos"},"content":{"rendered":"<p>Szentandr\u00e1s, 1818., \u2020 ?: \u00fcgyv\u00e9d. \u2013 \u00dc. S\u00e1ndor \u00e9s J\u00e1ni Borb\u00e1la, m. nemesi csal\u00e1d fia, kor\u00e1n elvesztette \u00e9desapj\u00e1t. \u2013 Kv.-on tanult jogot \u00e9s teol\u00f3gi\u00e1t, azut\u00e1n k\u00e9t \u00e9vig tan\u00edt\u00f3skodott, illetve kancellista volt a Kir. T\u00e1bl\u00e1n\u00e1l. Keszthelyen esk\u00fcdt \u00fcgyv\u00e9d lett (1846\u201347). <br \/><strong>\u2013 Irod.:<\/strong> Szab\u00f3 Mikl\u00f3s 2005.<\/br><\/p>\n","protected":false},"excerpt":{"rendered":"<p>Szentandr\u00e1s, 1818., \u2020 ?: \u00fcgyv\u00e9d. \u2013 \u00dc. S\u00e1ndor \u00e9s J\u00e1ni Borb\u00e1la, m. nemesi csal\u00e1d fia, kor\u00e1n elvesztette \u00e9desapj\u00e1t. \u2013 Kv.-on tanult jogot \u00e9s teol\u00f3gi\u00e1t, azut\u00e1n k\u00e9t \u00e9vig tan\u00edt\u00f3skodott, illetve kancellista volt a Kir. T\u00e1bl\u00e1n\u00e1l. Keszthelyen esk\u00fcdt \u00fcgyv\u00e9d lett (1846\u201347). \u2013 Irod.: Szab\u00f3 Mikl\u00f3s 2005.<\/p>\n","protected":false},"featured_media":0,"comment_status":"open","ping_status":"closed","template":"","meta":[],"product_brand":[],"product_cat":[137],"product_tag":[],"class_list":{"0":"post-23879","1":"product","2":"type-product","3":"status-publish","5":"product_cat-maros-megyei-eletrajzi-lexikon","7":"first","8":"instock","9":"shipping-taxable","10":"product-type-simple"},"_links":{"self":[{"href":"https:\/\/uj.adatbank.ro\/lexikon\/wp-json\/wp\/v2\/product\/23879","targetHints":{"allow":["GET"]}}],"collection":[{"href":"https:\/\/uj.adatbank.ro\/lexikon\/wp-json\/wp\/v2\/product"}],"about":[{"href":"https:\/\/uj.adatbank.ro\/lexikon\/wp-json\/wp\/v2\/types\/product"}],"replies":[{"embeddable":true,"href":"https:\/\/uj.adatbank.ro\/lexikon\/wp-json\/wp\/v2\/comments?post=23879"}],"wp:attachment":[{"href":"https:\/\/uj.adatbank.ro\/lexikon\/wp-json\/wp\/v2\/media?parent=23879"}],"wp:term":[{"taxonomy":"product_brand","embeddable":true,"href":"https:\/\/uj.adatbank.ro\/lexikon\/wp-json\/wp\/v2\/product_brand?post=23879"},{"taxonomy":"product_cat","embeddable":true,"href":"https:\/\/uj.adatbank.ro\/lexikon\/wp-json\/wp\/v2\/product_cat?post=23879"},{"taxonomy":"product_tag","embeddable":true,"href":"https:\/\/uj.adatbank.ro\/lexikon\/wp-json\/wp\/v2\/product_tag?post=23879"}],"curies":[{"name":"wp","href":"https:\/\/api.w.org\/{rel}","templated":true}]}}