{"id":23880,"date":"2025-08-01T17:45:37","date_gmt":"2025-08-01T15:45:37","guid":{"rendered":"https:\/\/uj.adatbank.ro\/lexikon\/termek\/urr-gyorgy\/"},"modified":"2025-08-01T17:45:37","modified_gmt":"2025-08-01T15:45:37","slug":"urr-gyorgy","status":"publish","type":"product","link":"https:\/\/uj.adatbank.ro\/lexikon\/termek\/urr-gyorgy\/","title":{"rendered":"URR Gy\u00f6rgy"},"content":{"rendered":"<p>Mv., 1830. j\u00fal. 24., \u2020 Mv., 1883. dec. 29.: pedag\u00f3gus, szerkeszt\u0151. \u2013 Testv\u00e9rei: U. Ter\u00e9z Staudner M\u00e1ty\u00e1sn\u00e9; U. K\u00e1roly. Feles\u00e9ge: br. Diemar Irma. Gyermekeik: Mari, Ida, Gy\u00f6rgy, Andor, Zolt\u00e1n, Ilona, L\u00e1szl\u00f3. \u2013 B\u00f6lcseleti \u00e9s teol. tanulm\u00e1nyait a mv.-i ref. koll.-ban v\u00e9gezte. A marburgi egy.-en filoz\u00f3fi\u00e1t \u00e9s teol\u00f3gi\u00e1t tanult (1855. okt. \u2013 1857. szept.). A mv.-i ref. koll.-ban seg\u00e9dtan\u00e1r (1857\u2013), a r\u00e9gi nyelvek \u00e9s a t\u00f6rt\u00e9nelem r. tan\u00e1ra (1864\u201383), a koll. igazgat\u00f3ja (1864. szept. \u2013). A KZST t\u00e1rsalap\u00edt\u00f3ja (1876). A Mv.-i Kaszin\u00f3 v\u00e1lasztm\u00e1nyi tagja (1883). \u2013  <strong>F. m..:<\/strong>  <strong> szerk.:<\/strong> A Marosv\u00e1s\u00e1rhelyi Ref. Koll\u00e9gium \u00c9vk\u00f6nyve (1864\u201379). <br \/><strong>\u2013 Irod.:<\/strong> Bi\u00e1s Istv\u00e1n; Gy\u00e1szjelent\u0151; Koncz; M\u00c9L; Par\u00e1di; P\u00e1lmay J\u00f3zsef; Szab\u00f3\u2013Simon\u2013Sz\u00f6gi; \u00daM\u00c9L.<\/br><\/p>\n","protected":false},"excerpt":{"rendered":"<p>Mv., 1830. j\u00fal. 24., \u2020 Mv., 1883. dec. 29.: pedag\u00f3gus, szerkeszt\u0151. \u2013 Testv\u00e9rei: U. Ter\u00e9z Staudner M\u00e1ty\u00e1sn\u00e9; U. K\u00e1roly. Feles\u00e9ge: br. Diemar Irma. Gyermekeik: Mari, Ida, Gy\u00f6rgy, Andor, Zolt\u00e1n, Ilona, L\u00e1szl\u00f3. \u2013 B\u00f6lcseleti \u00e9s teol. tanulm\u00e1nyait a mv.-i ref. koll.-ban v\u00e9gezte. A marburgi egy.-en filoz\u00f3fi\u00e1t \u00e9s teol\u00f3gi\u00e1t tanult (1855. okt. \u2013 1857. szept.). A mv.-i [&hellip;]<\/p>\n","protected":false},"featured_media":0,"comment_status":"open","ping_status":"closed","template":"","meta":[],"product_brand":[],"product_cat":[137],"product_tag":[],"class_list":{"0":"post-23880","1":"product","2":"type-product","3":"status-publish","5":"product_cat-maros-megyei-eletrajzi-lexikon","7":"first","8":"instock","9":"shipping-taxable","10":"product-type-simple"},"_links":{"self":[{"href":"https:\/\/uj.adatbank.ro\/lexikon\/wp-json\/wp\/v2\/product\/23880","targetHints":{"allow":["GET"]}}],"collection":[{"href":"https:\/\/uj.adatbank.ro\/lexikon\/wp-json\/wp\/v2\/product"}],"about":[{"href":"https:\/\/uj.adatbank.ro\/lexikon\/wp-json\/wp\/v2\/types\/product"}],"replies":[{"embeddable":true,"href":"https:\/\/uj.adatbank.ro\/lexikon\/wp-json\/wp\/v2\/comments?post=23880"}],"wp:attachment":[{"href":"https:\/\/uj.adatbank.ro\/lexikon\/wp-json\/wp\/v2\/media?parent=23880"}],"wp:term":[{"taxonomy":"product_brand","embeddable":true,"href":"https:\/\/uj.adatbank.ro\/lexikon\/wp-json\/wp\/v2\/product_brand?post=23880"},{"taxonomy":"product_cat","embeddable":true,"href":"https:\/\/uj.adatbank.ro\/lexikon\/wp-json\/wp\/v2\/product_cat?post=23880"},{"taxonomy":"product_tag","embeddable":true,"href":"https:\/\/uj.adatbank.ro\/lexikon\/wp-json\/wp\/v2\/product_tag?post=23880"}],"curies":[{"name":"wp","href":"https:\/\/api.w.org\/{rel}","templated":true}]}}