{"id":23881,"date":"2025-08-01T17:45:39","date_gmt":"2025-08-01T15:45:39","guid":{"rendered":"https:\/\/uj.adatbank.ro\/lexikon\/termek\/urr-viktor\/"},"modified":"2025-08-01T17:45:39","modified_gmt":"2025-08-01T15:45:39","slug":"urr-viktor","status":"publish","type":"product","link":"https:\/\/uj.adatbank.ro\/lexikon\/termek\/urr-viktor\/","title":{"rendered":"URR Viktor"},"content":{"rendered":"<p>Mez\u0151s\u00e1msond, 1891., \u2020 ?: f\u0151t\u00fcz\u00e9r, szab\u00f3mester. \u2013 Az I. vh. \u2013ba val\u00f3 mozg\u00f3s\u00edt\u00e1skor vonult be katon\u00e1nak Nagyszebenbe, a 12. t\u00fcz\u00e9rezredhez (1914). Az olasz \u00e9s az orosz harctereken harcolt h\u0151siesen: Vars\u00f3, Krakk\u00f3, Stryj, Lemberg, Cernovic, Przemysl, Ariago \u00e9s G\u00f6tz mellett (1919. aug. \u2013). Kit\u00fcntet\u00e9sei: bronz vit\u00e9zs\u00e9gi \u00e9rem, K\u00e1roly-csapatkereszt, magyar, bolg\u00e1r \u00e9s osztr\u00e1k h\u00e1bor\u00fas eml\u00e9k\u00e9rem. <br \/><strong>\u2013 Irod.:<\/strong> Mez\u0151s\u00e1msond.<\/br><\/p>\n","protected":false},"excerpt":{"rendered":"<p>Mez\u0151s\u00e1msond, 1891., \u2020 ?: f\u0151t\u00fcz\u00e9r, szab\u00f3mester. \u2013 Az I. vh. \u2013ba val\u00f3 mozg\u00f3s\u00edt\u00e1skor vonult be katon\u00e1nak Nagyszebenbe, a 12. t\u00fcz\u00e9rezredhez (1914). Az olasz \u00e9s az orosz harctereken harcolt h\u0151siesen: Vars\u00f3, Krakk\u00f3, Stryj, Lemberg, Cernovic, Przemysl, Ariago \u00e9s G\u00f6tz mellett (1919. aug. \u2013). Kit\u00fcntet\u00e9sei: bronz vit\u00e9zs\u00e9gi \u00e9rem, K\u00e1roly-csapatkereszt, magyar, bolg\u00e1r \u00e9s osztr\u00e1k h\u00e1bor\u00fas eml\u00e9k\u00e9rem. \u2013 Irod.: [&hellip;]<\/p>\n","protected":false},"featured_media":0,"comment_status":"open","ping_status":"closed","template":"","meta":[],"product_brand":[],"product_cat":[137],"product_tag":[],"class_list":{"0":"post-23881","1":"product","2":"type-product","3":"status-publish","5":"product_cat-maros-megyei-eletrajzi-lexikon","7":"first","8":"instock","9":"shipping-taxable","10":"product-type-simple"},"_links":{"self":[{"href":"https:\/\/uj.adatbank.ro\/lexikon\/wp-json\/wp\/v2\/product\/23881","targetHints":{"allow":["GET"]}}],"collection":[{"href":"https:\/\/uj.adatbank.ro\/lexikon\/wp-json\/wp\/v2\/product"}],"about":[{"href":"https:\/\/uj.adatbank.ro\/lexikon\/wp-json\/wp\/v2\/types\/product"}],"replies":[{"embeddable":true,"href":"https:\/\/uj.adatbank.ro\/lexikon\/wp-json\/wp\/v2\/comments?post=23881"}],"wp:attachment":[{"href":"https:\/\/uj.adatbank.ro\/lexikon\/wp-json\/wp\/v2\/media?parent=23881"}],"wp:term":[{"taxonomy":"product_brand","embeddable":true,"href":"https:\/\/uj.adatbank.ro\/lexikon\/wp-json\/wp\/v2\/product_brand?post=23881"},{"taxonomy":"product_cat","embeddable":true,"href":"https:\/\/uj.adatbank.ro\/lexikon\/wp-json\/wp\/v2\/product_cat?post=23881"},{"taxonomy":"product_tag","embeddable":true,"href":"https:\/\/uj.adatbank.ro\/lexikon\/wp-json\/wp\/v2\/product_tag?post=23881"}],"curies":[{"name":"wp","href":"https:\/\/api.w.org\/{rel}","templated":true}]}}