{"id":23883,"date":"2025-08-01T17:45:43","date_gmt":"2025-08-01T15:45:43","guid":{"rendered":"https:\/\/uj.adatbank.ro\/lexikon\/termek\/ursache-grigore-ursace-grigore\/"},"modified":"2025-08-01T17:45:43","modified_gmt":"2025-08-01T15:45:43","slug":"ursache-grigore-ursace-grigore","status":"publish","type":"product","link":"https:\/\/uj.adatbank.ro\/lexikon\/termek\/ursache-grigore-ursace-grigore\/","title":{"rendered":"URSACHE Grigore, Ursace Grigore"},"content":{"rendered":"<p>Oroszborg\u00f3, 1893. okt. 10., \u2020 Mv., 1969. febr. 5.: orvos, seb\u00e9sz, b\u0151rgy\u00f3gy\u00e1sz, r\u00f6ntgenorvos. \u2013 Az orvosi egyetemet Kv.-on v\u00e9gezte (1920). Mint egyetemi hallgat\u00f3 kivette r\u00e9sz\u00e9t az egyes\u00fcl\u00e9s\u00e9rt folytatott k\u00fczdelmekb\u0151l: a kv.-i Nemzeti G\u00e1rda l\u00e9tes\u00edt\u00e9se a nev\u00e9hez f\u0171z\u0151dik. Az egyes\u00fcl\u00e9s ut\u00e1n Kv.-on m\u0171k\u00f6d\u00f6tt, r\u00e9szt vett Olaszo.-ban Barlett\u00e1ban a hadifoglyok t\u00edfuszj\u00e1rv\u00e1nya felsz\u00e1mol\u00e1s\u00e1ban. Orvos Mv.-en (1921\u2013); r\u00f6ntgenorvos a T\u00e1rsadalombiztos\u00edt\u00f3n\u00e1l \u00e9s az \u00e1llami k\u00f3rh\u00e1zban (1923\u201340). Tanulm\u00e1ny\u00faton j\u00e1rt N\u00e1polyban, Berlinban, Bp.-en, B\u00e9csben, specializ\u00e1lva mag\u00e1t b\u0151rgy\u00f3gy\u00e1szat, radiol\u00f3gia szakon. Mint a T\u00e1rsadalom Biztos\u00edt\u00f3 f\u0151orvosa l\u00e9trehozta az els\u0151 szakpoliklinik\u00e1t, valamint a mv.-i \u00c1llami K\u00f3rh\u00e1zban az els\u0151 Radiol\u00f3giai Oszt\u00e1lyt (1929). T\u00edz \u00e9ven kereszt\u00fcl az egyetlen radiol\u00f3gus Mv.-en. R\u00e9szt vett a radiol\u00f3gus k\u00f6z\u00e9pk\u00e1derek kinevel\u00e9s\u00e9ben. Buk.-ben dolgozott (1940\u201344), ahol szint\u00e9n maradand\u00f3 tev\u00e9kenys\u00e9get fejtett ki. Szakdolgozatai megjelentek itthon \u00e9s k\u00fclf\u00f6ld\u00f6n. <br \/><strong>\u2013 Irod.:<\/strong> Almanah Tg. M.; Almanahul Soc. Academice Petru Maior al Soc. pe facult\u0103\u0163i \u015fi al cercurilor studen\u0163e\u015fti Regionale Cluj (Cluj, 1929); MMK.<\/br><\/p>\n","protected":false},"excerpt":{"rendered":"<p>Oroszborg\u00f3, 1893. okt. 10., \u2020 Mv., 1969. febr. 5.: orvos, seb\u00e9sz, b\u0151rgy\u00f3gy\u00e1sz, r\u00f6ntgenorvos. \u2013 Az orvosi egyetemet Kv.-on v\u00e9gezte (1920). Mint egyetemi hallgat\u00f3 kivette r\u00e9sz\u00e9t az egyes\u00fcl\u00e9s\u00e9rt folytatott k\u00fczdelmekb\u0151l: a kv.-i Nemzeti G\u00e1rda l\u00e9tes\u00edt\u00e9se a nev\u00e9hez f\u0171z\u0151dik. Az egyes\u00fcl\u00e9s ut\u00e1n Kv.-on m\u0171k\u00f6d\u00f6tt, r\u00e9szt vett Olaszo.-ban Barlett\u00e1ban a hadifoglyok t\u00edfuszj\u00e1rv\u00e1nya felsz\u00e1mol\u00e1s\u00e1ban. Orvos Mv.-en (1921\u2013); r\u00f6ntgenorvos a [&hellip;]<\/p>\n","protected":false},"featured_media":0,"comment_status":"open","ping_status":"closed","template":"","meta":[],"product_brand":[],"product_cat":[137],"product_tag":[],"class_list":{"0":"post-23883","1":"product","2":"type-product","3":"status-publish","5":"product_cat-maros-megyei-eletrajzi-lexikon","7":"first","8":"instock","9":"shipping-taxable","10":"product-type-simple"},"_links":{"self":[{"href":"https:\/\/uj.adatbank.ro\/lexikon\/wp-json\/wp\/v2\/product\/23883","targetHints":{"allow":["GET"]}}],"collection":[{"href":"https:\/\/uj.adatbank.ro\/lexikon\/wp-json\/wp\/v2\/product"}],"about":[{"href":"https:\/\/uj.adatbank.ro\/lexikon\/wp-json\/wp\/v2\/types\/product"}],"replies":[{"embeddable":true,"href":"https:\/\/uj.adatbank.ro\/lexikon\/wp-json\/wp\/v2\/comments?post=23883"}],"wp:attachment":[{"href":"https:\/\/uj.adatbank.ro\/lexikon\/wp-json\/wp\/v2\/media?parent=23883"}],"wp:term":[{"taxonomy":"product_brand","embeddable":true,"href":"https:\/\/uj.adatbank.ro\/lexikon\/wp-json\/wp\/v2\/product_brand?post=23883"},{"taxonomy":"product_cat","embeddable":true,"href":"https:\/\/uj.adatbank.ro\/lexikon\/wp-json\/wp\/v2\/product_cat?post=23883"},{"taxonomy":"product_tag","embeddable":true,"href":"https:\/\/uj.adatbank.ro\/lexikon\/wp-json\/wp\/v2\/product_tag?post=23883"}],"curies":[{"name":"wp","href":"https:\/\/api.w.org\/{rel}","templated":true}]}}