{"id":23890,"date":"2025-08-01T17:46:09","date_gmt":"2025-08-01T15:46:09","guid":{"rendered":"https:\/\/uj.adatbank.ro\/lexikon\/termek\/urszuly-laszlo\/"},"modified":"2025-08-01T17:46:09","modified_gmt":"2025-08-01T15:46:09","slug":"urszuly-laszlo","status":"publish","type":"product","link":"https:\/\/uj.adatbank.ro\/lexikon\/termek\/urszuly-laszlo\/","title":{"rendered":"URSZULY L\u00e1szl\u00f3"},"content":{"rendered":"<p>Vajdaszentiv\u00e1ny, 1888., \u2020\u00a0?: gazd\u00e1lkod\u00f3. \u2013 Iskol\u00e1i elv\u00e9gz\u00e9se \u00e9s a katonas\u00e1g ut\u00e1n gazd\u00e1lkod\u00f3 lett 40 holdon. Az els\u0151 vh.-ban mint tizedes harcolt, megsebes\u00fclt. A Gazdak\u00f6r eln\u00f6ke, a g. kat egyh\u00e1z tagja volt. <br \/><strong>\u2013 Irod.:<\/strong> Sz\u00e9kelyf\u00f6ld \u00ed. k.<\/br><\/p>\n","protected":false},"excerpt":{"rendered":"<p>Vajdaszentiv\u00e1ny, 1888., \u2020\u00a0?: gazd\u00e1lkod\u00f3. \u2013 Iskol\u00e1i elv\u00e9gz\u00e9se \u00e9s a katonas\u00e1g ut\u00e1n gazd\u00e1lkod\u00f3 lett 40 holdon. Az els\u0151 vh.-ban mint tizedes harcolt, megsebes\u00fclt. A Gazdak\u00f6r eln\u00f6ke, a g. kat egyh\u00e1z tagja volt. \u2013 Irod.: Sz\u00e9kelyf\u00f6ld \u00ed. k.<\/p>\n","protected":false},"featured_media":0,"comment_status":"open","ping_status":"closed","template":"","meta":[],"product_brand":[],"product_cat":[137],"product_tag":[],"class_list":{"0":"post-23890","1":"product","2":"type-product","3":"status-publish","5":"product_cat-maros-megyei-eletrajzi-lexikon","7":"first","8":"instock","9":"shipping-taxable","10":"product-type-simple"},"_links":{"self":[{"href":"https:\/\/uj.adatbank.ro\/lexikon\/wp-json\/wp\/v2\/product\/23890","targetHints":{"allow":["GET"]}}],"collection":[{"href":"https:\/\/uj.adatbank.ro\/lexikon\/wp-json\/wp\/v2\/product"}],"about":[{"href":"https:\/\/uj.adatbank.ro\/lexikon\/wp-json\/wp\/v2\/types\/product"}],"replies":[{"embeddable":true,"href":"https:\/\/uj.adatbank.ro\/lexikon\/wp-json\/wp\/v2\/comments?post=23890"}],"wp:attachment":[{"href":"https:\/\/uj.adatbank.ro\/lexikon\/wp-json\/wp\/v2\/media?parent=23890"}],"wp:term":[{"taxonomy":"product_brand","embeddable":true,"href":"https:\/\/uj.adatbank.ro\/lexikon\/wp-json\/wp\/v2\/product_brand?post=23890"},{"taxonomy":"product_cat","embeddable":true,"href":"https:\/\/uj.adatbank.ro\/lexikon\/wp-json\/wp\/v2\/product_cat?post=23890"},{"taxonomy":"product_tag","embeddable":true,"href":"https:\/\/uj.adatbank.ro\/lexikon\/wp-json\/wp\/v2\/product_tag?post=23890"}],"curies":[{"name":"wp","href":"https:\/\/api.w.org\/{rel}","templated":true}]}}