{"id":23895,"date":"2025-08-01T17:46:21","date_gmt":"2025-08-01T15:46:21","guid":{"rendered":"https:\/\/uj.adatbank.ro\/lexikon\/termek\/ustea-teofil\/"},"modified":"2025-08-01T17:46:21","modified_gmt":"2025-08-01T15:46:21","slug":"ustea-teofil","status":"publish","type":"product","link":"https:\/\/uj.adatbank.ro\/lexikon\/termek\/ustea-teofil\/","title":{"rendered":"USTEA, Teofil"},"content":{"rendered":"<p>? \u2020 ?: titk\u00e1r. \u2013 A Mv.-i Kereskedelmi \u00e9s Iparkamara titk\u00e1ra. Tagja volt annak a bizotts\u00e1gnak, amely visszavette a Mv.-i Szovjet Parancsnoks\u00e1gt\u00f3l a KIK sz\u00e9kh\u00e1z\u00e1t (V\u00e1rosh\u00e1za u. 1. sz.) (1945. okt. 28.). A KIK anyagi seg\u00edts\u00e9get ny\u00fajtott a g\u00f6r\u00f6g n\u00e9pnek (6000 lejt, 1943. jan. 10.), majd t\u00e1ncos tead\u00e9lut\u00e1nt is szerveztek, amelynek bev\u00e9tel\u00e9t szint\u00e9n a g\u00f6r\u00f6g n\u00e9p t\u00e1mogat\u00e1s\u00e1ra ford\u00edtottak (1947. dec. 23.). <br \/><strong>\u2013 Irod.:<\/strong> Nan: Camera de comer\u0163.<\/br><\/p>\n","protected":false},"excerpt":{"rendered":"<p>? \u2020 ?: titk\u00e1r. \u2013 A Mv.-i Kereskedelmi \u00e9s Iparkamara titk\u00e1ra. Tagja volt annak a bizotts\u00e1gnak, amely visszavette a Mv.-i Szovjet Parancsnoks\u00e1gt\u00f3l a KIK sz\u00e9kh\u00e1z\u00e1t (V\u00e1rosh\u00e1za u. 1. sz.) (1945. okt. 28.). A KIK anyagi seg\u00edts\u00e9get ny\u00fajtott a g\u00f6r\u00f6g n\u00e9pnek (6000 lejt, 1943. jan. 10.), majd t\u00e1ncos tead\u00e9lut\u00e1nt is szerveztek, amelynek bev\u00e9tel\u00e9t szint\u00e9n a g\u00f6r\u00f6g [&hellip;]<\/p>\n","protected":false},"featured_media":0,"comment_status":"open","ping_status":"closed","template":"","meta":[],"product_brand":[],"product_cat":[137],"product_tag":[],"class_list":{"0":"post-23895","1":"product","2":"type-product","3":"status-publish","5":"product_cat-maros-megyei-eletrajzi-lexikon","7":"first","8":"instock","9":"shipping-taxable","10":"product-type-simple"},"_links":{"self":[{"href":"https:\/\/uj.adatbank.ro\/lexikon\/wp-json\/wp\/v2\/product\/23895","targetHints":{"allow":["GET"]}}],"collection":[{"href":"https:\/\/uj.adatbank.ro\/lexikon\/wp-json\/wp\/v2\/product"}],"about":[{"href":"https:\/\/uj.adatbank.ro\/lexikon\/wp-json\/wp\/v2\/types\/product"}],"replies":[{"embeddable":true,"href":"https:\/\/uj.adatbank.ro\/lexikon\/wp-json\/wp\/v2\/comments?post=23895"}],"wp:attachment":[{"href":"https:\/\/uj.adatbank.ro\/lexikon\/wp-json\/wp\/v2\/media?parent=23895"}],"wp:term":[{"taxonomy":"product_brand","embeddable":true,"href":"https:\/\/uj.adatbank.ro\/lexikon\/wp-json\/wp\/v2\/product_brand?post=23895"},{"taxonomy":"product_cat","embeddable":true,"href":"https:\/\/uj.adatbank.ro\/lexikon\/wp-json\/wp\/v2\/product_cat?post=23895"},{"taxonomy":"product_tag","embeddable":true,"href":"https:\/\/uj.adatbank.ro\/lexikon\/wp-json\/wp\/v2\/product_tag?post=23895"}],"curies":[{"name":"wp","href":"https:\/\/api.w.org\/{rel}","templated":true}]}}