{"id":23896,"date":"2025-08-01T17:46:24","date_gmt":"2025-08-01T15:46:24","guid":{"rendered":"https:\/\/uj.adatbank.ro\/lexikon\/termek\/utczas-andras\/"},"modified":"2025-08-01T17:46:24","modified_gmt":"2025-08-01T15:46:24","slug":"utczas-andras","status":"publish","type":"product","link":"https:\/\/uj.adatbank.ro\/lexikon\/termek\/utczas-andras\/","title":{"rendered":"UTCZ\u00c1S Andr\u00e1s"},"content":{"rendered":"<p>Mv., 1909. j\u00fan. 27., \u2020 Szovjetuni\u00f3, 1943. jan. 17.: sz\u00e1zados. \u2013 A mv.-i 26. k\u00eds\u00e9r\u0151 k\u00f6nny\u0171 t\u00e1bori \u00e1gy\u00fas\u00fcteg parancsnoka a doni hadsz\u00ednt\u00e9ren v\u00edvott harcokban esett el. <br \/><strong>\u2013 Irod.:<\/strong> Berekm\u00e9ri 2015.<\/br><\/p>\n","protected":false},"excerpt":{"rendered":"<p>Mv., 1909. j\u00fan. 27., \u2020 Szovjetuni\u00f3, 1943. jan. 17.: sz\u00e1zados. \u2013 A mv.-i 26. k\u00eds\u00e9r\u0151 k\u00f6nny\u0171 t\u00e1bori \u00e1gy\u00fas\u00fcteg parancsnoka a doni hadsz\u00ednt\u00e9ren v\u00edvott harcokban esett el. \u2013 Irod.: Berekm\u00e9ri 2015.<\/p>\n","protected":false},"featured_media":0,"comment_status":"open","ping_status":"closed","template":"","meta":[],"product_brand":[],"product_cat":[137],"product_tag":[],"class_list":{"0":"post-23896","1":"product","2":"type-product","3":"status-publish","5":"product_cat-maros-megyei-eletrajzi-lexikon","7":"first","8":"instock","9":"shipping-taxable","10":"product-type-simple"},"_links":{"self":[{"href":"https:\/\/uj.adatbank.ro\/lexikon\/wp-json\/wp\/v2\/product\/23896","targetHints":{"allow":["GET"]}}],"collection":[{"href":"https:\/\/uj.adatbank.ro\/lexikon\/wp-json\/wp\/v2\/product"}],"about":[{"href":"https:\/\/uj.adatbank.ro\/lexikon\/wp-json\/wp\/v2\/types\/product"}],"replies":[{"embeddable":true,"href":"https:\/\/uj.adatbank.ro\/lexikon\/wp-json\/wp\/v2\/comments?post=23896"}],"wp:attachment":[{"href":"https:\/\/uj.adatbank.ro\/lexikon\/wp-json\/wp\/v2\/media?parent=23896"}],"wp:term":[{"taxonomy":"product_brand","embeddable":true,"href":"https:\/\/uj.adatbank.ro\/lexikon\/wp-json\/wp\/v2\/product_brand?post=23896"},{"taxonomy":"product_cat","embeddable":true,"href":"https:\/\/uj.adatbank.ro\/lexikon\/wp-json\/wp\/v2\/product_cat?post=23896"},{"taxonomy":"product_tag","embeddable":true,"href":"https:\/\/uj.adatbank.ro\/lexikon\/wp-json\/wp\/v2\/product_tag?post=23896"}],"curies":[{"name":"wp","href":"https:\/\/api.w.org\/{rel}","templated":true}]}}