{"id":23897,"date":"2025-08-01T17:46:26","date_gmt":"2025-08-01T15:46:26","guid":{"rendered":"https:\/\/uj.adatbank.ro\/lexikon\/termek\/uto-lajos-id\/"},"modified":"2025-08-01T17:46:26","modified_gmt":"2025-08-01T15:46:26","slug":"uto-lajos-id","status":"publish","type":"product","link":"https:\/\/uj.adatbank.ro\/lexikon\/termek\/uto-lajos-id\/","title":{"rendered":"\u00dcT\u0150 Lajos, id."},"content":{"rendered":"<p>K\u00fck\u00fcll\u0151domb\u00f3, 1885. aug. 20., \u2020\u00a0Sz\u00e9kelykereszt\u00far, 1977. j\u00fal. 1.: unit. lelk\u00e9sz-esperes, egyh\u00e1zi \u00edr\u00f3, lapszerkeszt\u0151. \u2013 Tord\u00e1n k\u00f6z\u00e9piskol\u00e1s, Kv.-on az Unit. f\u0151gimn.-ban folytatta \u00e9s a Ferenc J\u00f3zsef TE tanult \u00e9s \u00e9retts\u00e9gizett (1904), az unit. teol\u00f3gi\u00e1n v\u00e9gzett (1908). Tord\u00e1n seg\u00e9dlelk\u00e9sz (1908\u201310). K\u00fck\u00fcll\u0151domb\u00f3 lelk\u00e9sz\u00e9nek v\u00e1lasztott\u00e1k (1911\u2013), majd esperes (1924-ig). Sz\u00e9kelykereszt\u00faron szerkesztette az Unit\u00e1rius Egyh\u00e1z c. lapot (1900-as \u00e9vek), k\u00f6z\u00f6lt a V\u00e1rmegyei h\u00edrad\u00f3, a Csal\u00e1d \u00e9s iskola, Egyh\u00e1zt\u00e1rsadalom, Unit\u00e1rius Egyh\u00e1z szerkeszt\u0151je, Unit\u00e1rius Sz\u00f3sz\u00e9k, az Unit\u00e1rius K\u00f6zl\u00f6nynek munkat\u00e1rsa (1920-as \u00e9vek). K\u00fck\u00fcll\u0151domb\u00f3n volt unit lelk\u00e9sz (1924\u20131953 nyugd\u00edjaz\u00e1s\u00e1ig), ahol megeml\u00e9keztek nyugalomba vonul\u00e1sa 100. \u00e9vfordul\u00f3j\u00e1r\u00f3l (2010. nov. 14.). \u2013  <strong>F. m..:<\/strong> Az \u00dar \u00edgy akarta (Dics\u0151szentm\u00e1rton, 1914); Imak\u00f6nyv bevonult katon\u00e1k r\u00e9sz\u00e9re (Dics\u0151szentm\u00e1rton, 1914); \u201eEr\u0151s v\u00e1runk n\u00e9k\u00fcnk az Isten\u201d (Dics\u0151szentm\u00e1rton, 1914); \u00c9zsau \u00e9s J\u00e1kob (Dics\u0151szentm\u00e1rton, 1915); B\u00f6lcs\u0151 mellett (1925); Megnyilatkoz\u00e1sunk helye (\u00farvacsoraoszt\u00e1si \u00e1gend\u00e1k, Sz\u00e9kelykereszt\u00far, 1926); Myrtuszok k\u00f6z\u00f6tt. Esket\u00e9si besz\u00e9dek (Sz\u00e9kelykereszt\u00far, 1927); B\u00f6lcs\u0151 mellett (keresztel\u00e9si besz\u00e9dek, Sz\u00e9kelykereszt\u00far, 1928); N\u00e9b\u00f3 hegy\u00e9n. Temet\u00e9si besz\u00e9dek (Sz\u00e9kelykereszt\u00far, 1936). <br \/><strong>\u2013 Irod.:<\/strong> Kelemen; Megeml\u00e9kez\u00e9s (N\u00fa., 2010. nov. 11.), Wikip\u00e9dia.<\/br><\/p>\n","protected":false},"excerpt":{"rendered":"<p>K\u00fck\u00fcll\u0151domb\u00f3, 1885. aug. 20., \u2020\u00a0Sz\u00e9kelykereszt\u00far, 1977. j\u00fal. 1.: unit. lelk\u00e9sz-esperes, egyh\u00e1zi \u00edr\u00f3, lapszerkeszt\u0151. \u2013 Tord\u00e1n k\u00f6z\u00e9piskol\u00e1s, Kv.-on az Unit. f\u0151gimn.-ban folytatta \u00e9s a Ferenc J\u00f3zsef TE tanult \u00e9s \u00e9retts\u00e9gizett (1904), az unit. teol\u00f3gi\u00e1n v\u00e9gzett (1908). Tord\u00e1n seg\u00e9dlelk\u00e9sz (1908\u201310). K\u00fck\u00fcll\u0151domb\u00f3 lelk\u00e9sz\u00e9nek v\u00e1lasztott\u00e1k (1911\u2013), majd esperes (1924-ig). Sz\u00e9kelykereszt\u00faron szerkesztette az Unit\u00e1rius Egyh\u00e1z c. lapot (1900-as \u00e9vek), k\u00f6z\u00f6lt [&hellip;]<\/p>\n","protected":false},"featured_media":0,"comment_status":"open","ping_status":"closed","template":"","meta":[],"product_brand":[],"product_cat":[137],"product_tag":[],"class_list":{"0":"post-23897","1":"product","2":"type-product","3":"status-publish","5":"product_cat-maros-megyei-eletrajzi-lexikon","7":"first","8":"instock","9":"shipping-taxable","10":"product-type-simple"},"_links":{"self":[{"href":"https:\/\/uj.adatbank.ro\/lexikon\/wp-json\/wp\/v2\/product\/23897","targetHints":{"allow":["GET"]}}],"collection":[{"href":"https:\/\/uj.adatbank.ro\/lexikon\/wp-json\/wp\/v2\/product"}],"about":[{"href":"https:\/\/uj.adatbank.ro\/lexikon\/wp-json\/wp\/v2\/types\/product"}],"replies":[{"embeddable":true,"href":"https:\/\/uj.adatbank.ro\/lexikon\/wp-json\/wp\/v2\/comments?post=23897"}],"wp:attachment":[{"href":"https:\/\/uj.adatbank.ro\/lexikon\/wp-json\/wp\/v2\/media?parent=23897"}],"wp:term":[{"taxonomy":"product_brand","embeddable":true,"href":"https:\/\/uj.adatbank.ro\/lexikon\/wp-json\/wp\/v2\/product_brand?post=23897"},{"taxonomy":"product_cat","embeddable":true,"href":"https:\/\/uj.adatbank.ro\/lexikon\/wp-json\/wp\/v2\/product_cat?post=23897"},{"taxonomy":"product_tag","embeddable":true,"href":"https:\/\/uj.adatbank.ro\/lexikon\/wp-json\/wp\/v2\/product_tag?post=23897"}],"curies":[{"name":"wp","href":"https:\/\/api.w.org\/{rel}","templated":true}]}}