{"id":23898,"date":"2025-08-01T17:46:27","date_gmt":"2025-08-01T15:46:27","guid":{"rendered":"https:\/\/uj.adatbank.ro\/lexikon\/termek\/uto-lajos-idos-es-ifj\/"},"modified":"2025-08-01T17:46:27","modified_gmt":"2025-08-01T15:46:27","slug":"uto-lajos-idos-es-ifj","status":"publish","type":"product","link":"https:\/\/uj.adatbank.ro\/lexikon\/termek\/uto-lajos-idos-es-ifj\/","title":{"rendered":"\u00dcT\u0150 Lajos, id\u0151s \u00e9s ifj."},"content":{"rendered":"<p>? \u2020\u00a0?: unit. lelk\u00e9szek. \u2013 K\u00fck\u00fcll\u0151domb\u00f3n volt unit. lelk\u00e9sz az apa, ahol megeml\u00e9keztek beiktat\u00e1sa 100. \u00e9vfordul\u00f3j\u00e1r\u00f3l (2010. nov. 14.). Az apa \u00e9s fia t\u00f6bb mint 100 \u00e9vig szolg\u00e1lt\u00e1k az unit\u00e1rius egyh\u00e1zat (1866 \u00e9s 1977 k\u00f6z\u00f6tt). A sz\u00e9kelykereszt\u00fari templomban istentisztelet keret\u00e9ben Dr. T\u00f3dor Csaba unit\u00e1rius lelk\u00e9sz megeml\u00e9kezett a 40 \u00e9ve elhunyt \u00dct\u0151 Lajos esperes, \u00edr\u00f3 \u00e9s lapszerkeszt\u0151r\u0151l. A templom \u00e9p\u00edt\u00e9s\u00e9nek befejez\u00e9se (1867). \u00e9vfordul\u00f3j\u00e1n a templom, a papilak \u00e9s az iskol\u00e1t fel\u00e9p\u00edt\u0151 \u00dct\u0151 Lajos lelk\u00e9sz mellszobr\u00e1t leplezt\u00e9k le. <br \/><strong>\u2013 Irod.:<\/strong> Megeml\u00e9kez\u00e9s (N\u00fa., 2010. nov. 11.); \u00dct\u0151 L\u00e1szl\u00f3. Sz\u00e1z \u00e9v az erd\u00e9lyi magyar t\u00f6rt\u00e9nelmi unit\u00e1rius egyh\u00e1z szolg\u00e1lat\u00e1ban (Sz\u00e9kelyf\u00f6ld, 2023. m\u00e1j., 150\u2013180.)<\/br><\/p>\n","protected":false},"excerpt":{"rendered":"<p>? \u2020\u00a0?: unit. lelk\u00e9szek. \u2013 K\u00fck\u00fcll\u0151domb\u00f3n volt unit. lelk\u00e9sz az apa, ahol megeml\u00e9keztek beiktat\u00e1sa 100. \u00e9vfordul\u00f3j\u00e1r\u00f3l (2010. nov. 14.). Az apa \u00e9s fia t\u00f6bb mint 100 \u00e9vig szolg\u00e1lt\u00e1k az unit\u00e1rius egyh\u00e1zat (1866 \u00e9s 1977 k\u00f6z\u00f6tt). A sz\u00e9kelykereszt\u00fari templomban istentisztelet keret\u00e9ben Dr. T\u00f3dor Csaba unit\u00e1rius lelk\u00e9sz megeml\u00e9kezett a 40 \u00e9ve elhunyt \u00dct\u0151 Lajos esperes, \u00edr\u00f3 \u00e9s [&hellip;]<\/p>\n","protected":false},"featured_media":0,"comment_status":"open","ping_status":"closed","template":"","meta":[],"product_brand":[],"product_cat":[137],"product_tag":[],"class_list":{"0":"post-23898","1":"product","2":"type-product","3":"status-publish","5":"product_cat-maros-megyei-eletrajzi-lexikon","7":"first","8":"instock","9":"shipping-taxable","10":"product-type-simple"},"_links":{"self":[{"href":"https:\/\/uj.adatbank.ro\/lexikon\/wp-json\/wp\/v2\/product\/23898","targetHints":{"allow":["GET"]}}],"collection":[{"href":"https:\/\/uj.adatbank.ro\/lexikon\/wp-json\/wp\/v2\/product"}],"about":[{"href":"https:\/\/uj.adatbank.ro\/lexikon\/wp-json\/wp\/v2\/types\/product"}],"replies":[{"embeddable":true,"href":"https:\/\/uj.adatbank.ro\/lexikon\/wp-json\/wp\/v2\/comments?post=23898"}],"wp:attachment":[{"href":"https:\/\/uj.adatbank.ro\/lexikon\/wp-json\/wp\/v2\/media?parent=23898"}],"wp:term":[{"taxonomy":"product_brand","embeddable":true,"href":"https:\/\/uj.adatbank.ro\/lexikon\/wp-json\/wp\/v2\/product_brand?post=23898"},{"taxonomy":"product_cat","embeddable":true,"href":"https:\/\/uj.adatbank.ro\/lexikon\/wp-json\/wp\/v2\/product_cat?post=23898"},{"taxonomy":"product_tag","embeddable":true,"href":"https:\/\/uj.adatbank.ro\/lexikon\/wp-json\/wp\/v2\/product_tag?post=23898"}],"curies":[{"name":"wp","href":"https:\/\/api.w.org\/{rel}","templated":true}]}}