{"id":23899,"date":"2025-08-01T17:46:30","date_gmt":"2025-08-01T15:46:30","guid":{"rendered":"https:\/\/uj.adatbank.ro\/lexikon\/termek\/uto-marton-szentbenedeki\/"},"modified":"2025-08-01T17:46:30","modified_gmt":"2025-08-01T15:46:30","slug":"uto-marton-szentbenedeki","status":"publish","type":"product","link":"https:\/\/uj.adatbank.ro\/lexikon\/termek\/uto-marton-szentbenedeki\/","title":{"rendered":"\u00dcT\u0150 M\u00e1rton, szentbenedeki"},"content":{"rendered":"<p>\u2020\u00a0?: tan\u00edt\u00f3. \u2013 Ny\u00e1r\u00e1dszentl\u00e1szl\u00f3n tan\u00edtott (1794\u201397). <br \/><strong>\u2013 Irod.:<\/strong> Ny\u00e1r\u00e1dszentl\u00e1szl\u00f3.<\/br><\/p>\n","protected":false},"excerpt":{"rendered":"<p>\u2020\u00a0?: tan\u00edt\u00f3. \u2013 Ny\u00e1r\u00e1dszentl\u00e1szl\u00f3n tan\u00edtott (1794\u201397). \u2013 Irod.: Ny\u00e1r\u00e1dszentl\u00e1szl\u00f3.<\/p>\n","protected":false},"featured_media":0,"comment_status":"open","ping_status":"closed","template":"","meta":[],"product_brand":[],"product_cat":[137],"product_tag":[],"class_list":{"0":"post-23899","1":"product","2":"type-product","3":"status-publish","5":"product_cat-maros-megyei-eletrajzi-lexikon","7":"first","8":"instock","9":"shipping-taxable","10":"product-type-simple"},"_links":{"self":[{"href":"https:\/\/uj.adatbank.ro\/lexikon\/wp-json\/wp\/v2\/product\/23899","targetHints":{"allow":["GET"]}}],"collection":[{"href":"https:\/\/uj.adatbank.ro\/lexikon\/wp-json\/wp\/v2\/product"}],"about":[{"href":"https:\/\/uj.adatbank.ro\/lexikon\/wp-json\/wp\/v2\/types\/product"}],"replies":[{"embeddable":true,"href":"https:\/\/uj.adatbank.ro\/lexikon\/wp-json\/wp\/v2\/comments?post=23899"}],"wp:attachment":[{"href":"https:\/\/uj.adatbank.ro\/lexikon\/wp-json\/wp\/v2\/media?parent=23899"}],"wp:term":[{"taxonomy":"product_brand","embeddable":true,"href":"https:\/\/uj.adatbank.ro\/lexikon\/wp-json\/wp\/v2\/product_brand?post=23899"},{"taxonomy":"product_cat","embeddable":true,"href":"https:\/\/uj.adatbank.ro\/lexikon\/wp-json\/wp\/v2\/product_cat?post=23899"},{"taxonomy":"product_tag","embeddable":true,"href":"https:\/\/uj.adatbank.ro\/lexikon\/wp-json\/wp\/v2\/product_tag?post=23899"}],"curies":[{"name":"wp","href":"https:\/\/api.w.org\/{rel}","templated":true}]}}