{"id":23908,"date":"2025-08-01T17:46:52","date_gmt":"2025-08-01T15:46:52","guid":{"rendered":"https:\/\/uj.adatbank.ro\/lexikon\/termek\/vadadi-iklandi\/"},"modified":"2025-08-01T17:46:52","modified_gmt":"2025-08-01T15:46:52","slug":"vadadi-iklandi","status":"publish","type":"product","link":"https:\/\/uj.adatbank.ro\/lexikon\/termek\/vadadi-iklandi\/","title":{"rendered":"VADADI, iklandi"},"content":{"rendered":"<p>A csal\u00e1db\u00f3l V. P\u00e1l, mint primipilus lustr\u00e1lt (1614); V. D\u00e1niel nemesi igazolv\u00e1nyt kapott (1785. jan. 27.). <br \/><strong>\u2013 Irod.:<\/strong> Kempelen; P\u00e1lmay.<\/br><\/p>\n","protected":false},"excerpt":{"rendered":"<p>A csal\u00e1db\u00f3l V. P\u00e1l, mint primipilus lustr\u00e1lt (1614); V. D\u00e1niel nemesi igazolv\u00e1nyt kapott (1785. jan. 27.). \u2013 Irod.: Kempelen; P\u00e1lmay.<\/p>\n","protected":false},"featured_media":0,"comment_status":"open","ping_status":"closed","template":"","meta":[],"product_brand":[],"product_cat":[137],"product_tag":[],"class_list":{"0":"post-23908","1":"product","2":"type-product","3":"status-publish","5":"product_cat-maros-megyei-eletrajzi-lexikon","7":"first","8":"instock","9":"shipping-taxable","10":"product-type-simple"},"_links":{"self":[{"href":"https:\/\/uj.adatbank.ro\/lexikon\/wp-json\/wp\/v2\/product\/23908","targetHints":{"allow":["GET"]}}],"collection":[{"href":"https:\/\/uj.adatbank.ro\/lexikon\/wp-json\/wp\/v2\/product"}],"about":[{"href":"https:\/\/uj.adatbank.ro\/lexikon\/wp-json\/wp\/v2\/types\/product"}],"replies":[{"embeddable":true,"href":"https:\/\/uj.adatbank.ro\/lexikon\/wp-json\/wp\/v2\/comments?post=23908"}],"wp:attachment":[{"href":"https:\/\/uj.adatbank.ro\/lexikon\/wp-json\/wp\/v2\/media?parent=23908"}],"wp:term":[{"taxonomy":"product_brand","embeddable":true,"href":"https:\/\/uj.adatbank.ro\/lexikon\/wp-json\/wp\/v2\/product_brand?post=23908"},{"taxonomy":"product_cat","embeddable":true,"href":"https:\/\/uj.adatbank.ro\/lexikon\/wp-json\/wp\/v2\/product_cat?post=23908"},{"taxonomy":"product_tag","embeddable":true,"href":"https:\/\/uj.adatbank.ro\/lexikon\/wp-json\/wp\/v2\/product_tag?post=23908"}],"curies":[{"name":"wp","href":"https:\/\/api.w.org\/{rel}","templated":true}]}}