{"id":23911,"date":"2025-08-01T17:47:01","date_gmt":"2025-08-01T15:47:01","guid":{"rendered":"https:\/\/uj.adatbank.ro\/lexikon\/termek\/vadadi-filep-lajos-vadady-f-lajos\/"},"modified":"2025-08-01T17:47:01","modified_gmt":"2025-08-01T15:47:01","slug":"vadadi-filep-lajos-vadady-f-lajos","status":"publish","type":"product","link":"https:\/\/uj.adatbank.ro\/lexikon\/termek\/vadadi-filep-lajos-vadady-f-lajos\/","title":{"rendered":"VADADI Filep Lajos, Vadady F. Lajos"},"content":{"rendered":"<p>? 1851., \u2020 Mv., 1880. m\u00e1j. 9.: aljegyz\u0151. \u2013 Vadadi F. Lajos \u00e9s Raff K\u00e1rolina fia. Testv\u00e9rei: Albert, G\u00e9za, K\u00e1lm\u00e1n \u00e9s S\u00e1ndor. \u2013 Mv. sz. kir. v\u00e1ros aljegyz\u0151je. <br \/><strong>\u2013 Irod.:<\/strong> Gy\u00e1szjelent\u0151.<\/br><\/p>\n","protected":false},"excerpt":{"rendered":"<p>? 1851., \u2020 Mv., 1880. m\u00e1j. 9.: aljegyz\u0151. \u2013 Vadadi F. Lajos \u00e9s Raff K\u00e1rolina fia. Testv\u00e9rei: Albert, G\u00e9za, K\u00e1lm\u00e1n \u00e9s S\u00e1ndor. \u2013 Mv. sz. kir. v\u00e1ros aljegyz\u0151je. \u2013 Irod.: Gy\u00e1szjelent\u0151.<\/p>\n","protected":false},"featured_media":0,"comment_status":"open","ping_status":"closed","template":"","meta":[],"product_brand":[],"product_cat":[137],"product_tag":[],"class_list":{"0":"post-23911","1":"product","2":"type-product","3":"status-publish","5":"product_cat-maros-megyei-eletrajzi-lexikon","7":"first","8":"instock","9":"shipping-taxable","10":"product-type-simple"},"_links":{"self":[{"href":"https:\/\/uj.adatbank.ro\/lexikon\/wp-json\/wp\/v2\/product\/23911","targetHints":{"allow":["GET"]}}],"collection":[{"href":"https:\/\/uj.adatbank.ro\/lexikon\/wp-json\/wp\/v2\/product"}],"about":[{"href":"https:\/\/uj.adatbank.ro\/lexikon\/wp-json\/wp\/v2\/types\/product"}],"replies":[{"embeddable":true,"href":"https:\/\/uj.adatbank.ro\/lexikon\/wp-json\/wp\/v2\/comments?post=23911"}],"wp:attachment":[{"href":"https:\/\/uj.adatbank.ro\/lexikon\/wp-json\/wp\/v2\/media?parent=23911"}],"wp:term":[{"taxonomy":"product_brand","embeddable":true,"href":"https:\/\/uj.adatbank.ro\/lexikon\/wp-json\/wp\/v2\/product_brand?post=23911"},{"taxonomy":"product_cat","embeddable":true,"href":"https:\/\/uj.adatbank.ro\/lexikon\/wp-json\/wp\/v2\/product_cat?post=23911"},{"taxonomy":"product_tag","embeddable":true,"href":"https:\/\/uj.adatbank.ro\/lexikon\/wp-json\/wp\/v2\/product_tag?post=23911"}],"curies":[{"name":"wp","href":"https:\/\/api.w.org\/{rel}","templated":true}]}}