{"id":23912,"date":"2025-08-01T17:47:04","date_gmt":"2025-08-01T15:47:04","guid":{"rendered":"https:\/\/uj.adatbank.ro\/lexikon\/termek\/vadadi-filep-samuel-vadady-f-samuel\/"},"modified":"2025-08-01T17:47:04","modified_gmt":"2025-08-01T15:47:04","slug":"vadadi-filep-samuel-vadady-f-samuel","status":"publish","type":"product","link":"https:\/\/uj.adatbank.ro\/lexikon\/termek\/vadadi-filep-samuel-vadady-f-samuel\/","title":{"rendered":"VADADI Filep S\u00e1muel, Vadady F. S\u00e1muel"},"content":{"rendered":"<p>? \u2020 ?.: aljegyz\u0151. \u2013 Apja Vadadi F. Anyja Vett S\u00e1mueln\u00e9 Gomb\u00e1s Roz\u00e1lia. Feles\u00e9ge: De\u00e9 \u00c1gnes (1850? \u2013 Mv., 1888. m\u00e1j. 15.). Gyermekeik: Bertha, Ilona \u00e9s S\u00e1ndor. \u2013 Aljegyz\u0151 Mv.-en. <br \/><strong>\u2013 Irod.:<\/strong> Gy\u00e1szjelent\u0151.<\/br><\/p>\n","protected":false},"excerpt":{"rendered":"<p>? \u2020 ?.: aljegyz\u0151. \u2013 Apja Vadadi F. Anyja Vett S\u00e1mueln\u00e9 Gomb\u00e1s Roz\u00e1lia. Feles\u00e9ge: De\u00e9 \u00c1gnes (1850? \u2013 Mv., 1888. m\u00e1j. 15.). Gyermekeik: Bertha, Ilona \u00e9s S\u00e1ndor. \u2013 Aljegyz\u0151 Mv.-en. \u2013 Irod.: Gy\u00e1szjelent\u0151.<\/p>\n","protected":false},"featured_media":0,"comment_status":"open","ping_status":"closed","template":"","meta":[],"product_brand":[],"product_cat":[137],"product_tag":[],"class_list":{"0":"post-23912","1":"product","2":"type-product","3":"status-publish","5":"product_cat-maros-megyei-eletrajzi-lexikon","7":"first","8":"instock","9":"shipping-taxable","10":"product-type-simple"},"_links":{"self":[{"href":"https:\/\/uj.adatbank.ro\/lexikon\/wp-json\/wp\/v2\/product\/23912","targetHints":{"allow":["GET"]}}],"collection":[{"href":"https:\/\/uj.adatbank.ro\/lexikon\/wp-json\/wp\/v2\/product"}],"about":[{"href":"https:\/\/uj.adatbank.ro\/lexikon\/wp-json\/wp\/v2\/types\/product"}],"replies":[{"embeddable":true,"href":"https:\/\/uj.adatbank.ro\/lexikon\/wp-json\/wp\/v2\/comments?post=23912"}],"wp:attachment":[{"href":"https:\/\/uj.adatbank.ro\/lexikon\/wp-json\/wp\/v2\/media?parent=23912"}],"wp:term":[{"taxonomy":"product_brand","embeddable":true,"href":"https:\/\/uj.adatbank.ro\/lexikon\/wp-json\/wp\/v2\/product_brand?post=23912"},{"taxonomy":"product_cat","embeddable":true,"href":"https:\/\/uj.adatbank.ro\/lexikon\/wp-json\/wp\/v2\/product_cat?post=23912"},{"taxonomy":"product_tag","embeddable":true,"href":"https:\/\/uj.adatbank.ro\/lexikon\/wp-json\/wp\/v2\/product_tag?post=23912"}],"curies":[{"name":"wp","href":"https:\/\/api.w.org\/{rel}","templated":true}]}}