{"id":23915,"date":"2025-08-01T17:47:11","date_gmt":"2025-08-01T15:47:11","guid":{"rendered":"https:\/\/uj.adatbank.ro\/lexikon\/termek\/vadady-f-gyozo\/"},"modified":"2025-08-01T17:47:11","modified_gmt":"2025-08-01T15:47:11","slug":"vadady-f-gyozo","status":"publish","type":"product","link":"https:\/\/uj.adatbank.ro\/lexikon\/termek\/vadady-f-gyozo\/","title":{"rendered":"VADADY F. Gy\u0151z\u0151"},"content":{"rendered":"<p>1870, \u2020 Mv., 1937. aug. 25.: p\u00e9nz\u00fcgyi tisztvisel\u0151. Feles\u00e9ge Orb\u00e1n Gizella.<\/br><\/p>\n","protected":false},"excerpt":{"rendered":"<p>1870, \u2020 Mv., 1937. aug. 25.: p\u00e9nz\u00fcgyi tisztvisel\u0151. Feles\u00e9ge Orb\u00e1n Gizella.<\/p>\n","protected":false},"featured_media":0,"comment_status":"open","ping_status":"closed","template":"","meta":[],"product_brand":[],"product_cat":[137],"product_tag":[],"class_list":{"0":"post-23915","1":"product","2":"type-product","3":"status-publish","5":"product_cat-maros-megyei-eletrajzi-lexikon","7":"first","8":"instock","9":"shipping-taxable","10":"product-type-simple"},"_links":{"self":[{"href":"https:\/\/uj.adatbank.ro\/lexikon\/wp-json\/wp\/v2\/product\/23915","targetHints":{"allow":["GET"]}}],"collection":[{"href":"https:\/\/uj.adatbank.ro\/lexikon\/wp-json\/wp\/v2\/product"}],"about":[{"href":"https:\/\/uj.adatbank.ro\/lexikon\/wp-json\/wp\/v2\/types\/product"}],"replies":[{"embeddable":true,"href":"https:\/\/uj.adatbank.ro\/lexikon\/wp-json\/wp\/v2\/comments?post=23915"}],"wp:attachment":[{"href":"https:\/\/uj.adatbank.ro\/lexikon\/wp-json\/wp\/v2\/media?parent=23915"}],"wp:term":[{"taxonomy":"product_brand","embeddable":true,"href":"https:\/\/uj.adatbank.ro\/lexikon\/wp-json\/wp\/v2\/product_brand?post=23915"},{"taxonomy":"product_cat","embeddable":true,"href":"https:\/\/uj.adatbank.ro\/lexikon\/wp-json\/wp\/v2\/product_cat?post=23915"},{"taxonomy":"product_tag","embeddable":true,"href":"https:\/\/uj.adatbank.ro\/lexikon\/wp-json\/wp\/v2\/product_tag?post=23915"}],"curies":[{"name":"wp","href":"https:\/\/api.w.org\/{rel}","templated":true}]}}