{"id":23917,"date":"2025-08-01T17:47:18","date_gmt":"2025-08-01T15:47:18","guid":{"rendered":"https:\/\/uj.adatbank.ro\/lexikon\/termek\/vadady-f-karoly-2\/"},"modified":"2025-08-01T17:47:18","modified_gmt":"2025-08-01T15:47:18","slug":"vadady-f-karoly-2","status":"publish","type":"product","link":"https:\/\/uj.adatbank.ro\/lexikon\/termek\/vadady-f-karoly-2\/","title":{"rendered":"VADADY F. K\u00e1roly"},"content":{"rendered":"<p>Mv., ? \u2020\u00a0Mv., 1993. j\u00fan. 11.?: f\u0151gy\u00f3gyszer\u00e9sz. <br \/><strong>\u2013 Irod.:<\/strong> [Nekrol\u00f3g] (N\u00fa., 1993. j\u00fan. 12.).<\/br><\/p>\n","protected":false},"excerpt":{"rendered":"<p>Mv., ? \u2020\u00a0Mv., 1993. j\u00fan. 11.?: f\u0151gy\u00f3gyszer\u00e9sz. \u2013 Irod.: [Nekrol\u00f3g] (N\u00fa., 1993. j\u00fan. 12.).<\/p>\n","protected":false},"featured_media":0,"comment_status":"open","ping_status":"closed","template":"","meta":[],"product_brand":[],"product_cat":[137],"product_tag":[],"class_list":{"0":"post-23917","1":"product","2":"type-product","3":"status-publish","5":"product_cat-maros-megyei-eletrajzi-lexikon","7":"first","8":"instock","9":"shipping-taxable","10":"product-type-simple"},"_links":{"self":[{"href":"https:\/\/uj.adatbank.ro\/lexikon\/wp-json\/wp\/v2\/product\/23917","targetHints":{"allow":["GET"]}}],"collection":[{"href":"https:\/\/uj.adatbank.ro\/lexikon\/wp-json\/wp\/v2\/product"}],"about":[{"href":"https:\/\/uj.adatbank.ro\/lexikon\/wp-json\/wp\/v2\/types\/product"}],"replies":[{"embeddable":true,"href":"https:\/\/uj.adatbank.ro\/lexikon\/wp-json\/wp\/v2\/comments?post=23917"}],"wp:attachment":[{"href":"https:\/\/uj.adatbank.ro\/lexikon\/wp-json\/wp\/v2\/media?parent=23917"}],"wp:term":[{"taxonomy":"product_brand","embeddable":true,"href":"https:\/\/uj.adatbank.ro\/lexikon\/wp-json\/wp\/v2\/product_brand?post=23917"},{"taxonomy":"product_cat","embeddable":true,"href":"https:\/\/uj.adatbank.ro\/lexikon\/wp-json\/wp\/v2\/product_cat?post=23917"},{"taxonomy":"product_tag","embeddable":true,"href":"https:\/\/uj.adatbank.ro\/lexikon\/wp-json\/wp\/v2\/product_tag?post=23917"}],"curies":[{"name":"wp","href":"https:\/\/api.w.org\/{rel}","templated":true}]}}