{"id":23923,"date":"2025-08-01T17:47:30","date_gmt":"2025-08-01T15:47:30","guid":{"rendered":"https:\/\/uj.adatbank.ro\/lexikon\/termek\/vadasdi-istvan\/"},"modified":"2025-08-01T17:47:30","modified_gmt":"2025-08-01T15:47:30","slug":"vadasdi-istvan","status":"publish","type":"product","link":"https:\/\/uj.adatbank.ro\/lexikon\/termek\/vadasdi-istvan\/","title":{"rendered":"VADASDI Istv\u00e1n"},"content":{"rendered":"<p>? \u2020\u00a0?: Marossz\u00e9k asszesszora. \u2013 Vadasdon lakott (1818). Aranyozott ez\u00fcst poharat \u00e9s aranyozott sz\u00e9l\u0171 ez\u00fcst t\u00e1ny\u00e9rt, 2 drb d\u00edszes \u00farasztali ter\u00edt\u0151t aj\u00e1nd\u00e9kozott a vadasdi ekl\u00e9zsi\u00e1nak (1818). <br \/><strong>\u2013 Irod.:<\/strong> Vadasdi kr\u00f3nika.<\/br><\/p>\n","protected":false},"excerpt":{"rendered":"<p>? \u2020\u00a0?: Marossz\u00e9k asszesszora. \u2013 Vadasdon lakott (1818). Aranyozott ez\u00fcst poharat \u00e9s aranyozott sz\u00e9l\u0171 ez\u00fcst t\u00e1ny\u00e9rt, 2 drb d\u00edszes \u00farasztali ter\u00edt\u0151t aj\u00e1nd\u00e9kozott a vadasdi ekl\u00e9zsi\u00e1nak (1818). \u2013 Irod.: Vadasdi kr\u00f3nika.<\/p>\n","protected":false},"featured_media":0,"comment_status":"open","ping_status":"closed","template":"","meta":[],"product_brand":[],"product_cat":[137],"product_tag":[],"class_list":{"0":"post-23923","1":"product","2":"type-product","3":"status-publish","5":"product_cat-maros-megyei-eletrajzi-lexikon","7":"first","8":"instock","9":"shipping-taxable","10":"product-type-simple"},"_links":{"self":[{"href":"https:\/\/uj.adatbank.ro\/lexikon\/wp-json\/wp\/v2\/product\/23923","targetHints":{"allow":["GET"]}}],"collection":[{"href":"https:\/\/uj.adatbank.ro\/lexikon\/wp-json\/wp\/v2\/product"}],"about":[{"href":"https:\/\/uj.adatbank.ro\/lexikon\/wp-json\/wp\/v2\/types\/product"}],"replies":[{"embeddable":true,"href":"https:\/\/uj.adatbank.ro\/lexikon\/wp-json\/wp\/v2\/comments?post=23923"}],"wp:attachment":[{"href":"https:\/\/uj.adatbank.ro\/lexikon\/wp-json\/wp\/v2\/media?parent=23923"}],"wp:term":[{"taxonomy":"product_brand","embeddable":true,"href":"https:\/\/uj.adatbank.ro\/lexikon\/wp-json\/wp\/v2\/product_brand?post=23923"},{"taxonomy":"product_cat","embeddable":true,"href":"https:\/\/uj.adatbank.ro\/lexikon\/wp-json\/wp\/v2\/product_cat?post=23923"},{"taxonomy":"product_tag","embeddable":true,"href":"https:\/\/uj.adatbank.ro\/lexikon\/wp-json\/wp\/v2\/product_tag?post=23923"}],"curies":[{"name":"wp","href":"https:\/\/api.w.org\/{rel}","templated":true}]}}