{"id":23924,"date":"2025-08-01T17:47:32","date_gmt":"2025-08-01T15:47:32","guid":{"rendered":"https:\/\/uj.adatbank.ro\/lexikon\/termek\/vadasdi-janos\/"},"modified":"2025-08-01T17:47:32","modified_gmt":"2025-08-01T15:47:32","slug":"vadasdi-janos","status":"publish","type":"product","link":"https:\/\/uj.adatbank.ro\/lexikon\/termek\/vadasdi-janos\/","title":{"rendered":"VADASDI J\u00e1nos"},"content":{"rendered":"<p>? \u2020\u00a0?: tan\u00edt\u00f3. \u2013 Mv.-en subscrib\u00e1lt (1702). Sz\u00e9kelyk\u00e1lban (1716), K\u00f6rtv\u00e9lyf\u00e1j\u00e1n (1736\u201337) \u00e9s Toldalagon (1741\u201343) volt mester. <br \/><strong>\u2013 Irod.:<\/strong> \u0150sz.<\/br><\/p>\n","protected":false},"excerpt":{"rendered":"<p>? \u2020\u00a0?: tan\u00edt\u00f3. \u2013 Mv.-en subscrib\u00e1lt (1702). Sz\u00e9kelyk\u00e1lban (1716), K\u00f6rtv\u00e9lyf\u00e1j\u00e1n (1736\u201337) \u00e9s Toldalagon (1741\u201343) volt mester. \u2013 Irod.: \u0150sz.<\/p>\n","protected":false},"featured_media":0,"comment_status":"open","ping_status":"closed","template":"","meta":[],"product_brand":[],"product_cat":[137],"product_tag":[],"class_list":{"0":"post-23924","1":"product","2":"type-product","3":"status-publish","5":"product_cat-maros-megyei-eletrajzi-lexikon","7":"first","8":"instock","9":"shipping-taxable","10":"product-type-simple"},"_links":{"self":[{"href":"https:\/\/uj.adatbank.ro\/lexikon\/wp-json\/wp\/v2\/product\/23924","targetHints":{"allow":["GET"]}}],"collection":[{"href":"https:\/\/uj.adatbank.ro\/lexikon\/wp-json\/wp\/v2\/product"}],"about":[{"href":"https:\/\/uj.adatbank.ro\/lexikon\/wp-json\/wp\/v2\/types\/product"}],"replies":[{"embeddable":true,"href":"https:\/\/uj.adatbank.ro\/lexikon\/wp-json\/wp\/v2\/comments?post=23924"}],"wp:attachment":[{"href":"https:\/\/uj.adatbank.ro\/lexikon\/wp-json\/wp\/v2\/media?parent=23924"}],"wp:term":[{"taxonomy":"product_brand","embeddable":true,"href":"https:\/\/uj.adatbank.ro\/lexikon\/wp-json\/wp\/v2\/product_brand?post=23924"},{"taxonomy":"product_cat","embeddable":true,"href":"https:\/\/uj.adatbank.ro\/lexikon\/wp-json\/wp\/v2\/product_cat?post=23924"},{"taxonomy":"product_tag","embeddable":true,"href":"https:\/\/uj.adatbank.ro\/lexikon\/wp-json\/wp\/v2\/product_tag?post=23924"}],"curies":[{"name":"wp","href":"https:\/\/api.w.org\/{rel}","templated":true}]}}