{"id":23927,"date":"2025-08-01T17:47:39","date_gmt":"2025-08-01T15:47:39","guid":{"rendered":"https:\/\/uj.adatbank.ro\/lexikon\/termek\/vadasdi-peter-2\/"},"modified":"2025-08-01T17:47:39","modified_gmt":"2025-08-01T15:47:39","slug":"vadasdi-peter-2","status":"publish","type":"product","link":"https:\/\/uj.adatbank.ro\/lexikon\/termek\/vadasdi-peter-2\/","title":{"rendered":"VADASDI P\u00e9ter"},"content":{"rendered":"<p>? \u2020\u00a0?: ref. lelk\u00e9sz. \u2013 Feles\u00e9ge \u00c1ts S\u00e1ra. Mv-en subscrib\u00e1lt (1754). Kercsics\u00f3r\u00e1n, majd D\u00e1ny\u00e1ban (1781\u201387) szolg\u00e1lt, k\u00e9s\u0151bb K\u00f3r\u00f3dszentm\u00e1rtonban (1788\u201390). <br \/><strong>\u2013 Irod.:<\/strong> K\u00fck\u00fcll\u0151i Ref. Egyh\u00e1zm. 1., 2.<\/br><\/p>\n","protected":false},"excerpt":{"rendered":"<p>? \u2020\u00a0?: ref. lelk\u00e9sz. \u2013 Feles\u00e9ge \u00c1ts S\u00e1ra. Mv-en subscrib\u00e1lt (1754). Kercsics\u00f3r\u00e1n, majd D\u00e1ny\u00e1ban (1781\u201387) szolg\u00e1lt, k\u00e9s\u0151bb K\u00f3r\u00f3dszentm\u00e1rtonban (1788\u201390). \u2013 Irod.: K\u00fck\u00fcll\u0151i Ref. Egyh\u00e1zm. 1., 2.<\/p>\n","protected":false},"featured_media":0,"comment_status":"open","ping_status":"closed","template":"","meta":[],"product_brand":[],"product_cat":[137],"product_tag":[],"class_list":{"0":"post-23927","1":"product","2":"type-product","3":"status-publish","5":"product_cat-maros-megyei-eletrajzi-lexikon","7":"first","8":"instock","9":"shipping-taxable","10":"product-type-simple"},"_links":{"self":[{"href":"https:\/\/uj.adatbank.ro\/lexikon\/wp-json\/wp\/v2\/product\/23927","targetHints":{"allow":["GET"]}}],"collection":[{"href":"https:\/\/uj.adatbank.ro\/lexikon\/wp-json\/wp\/v2\/product"}],"about":[{"href":"https:\/\/uj.adatbank.ro\/lexikon\/wp-json\/wp\/v2\/types\/product"}],"replies":[{"embeddable":true,"href":"https:\/\/uj.adatbank.ro\/lexikon\/wp-json\/wp\/v2\/comments?post=23927"}],"wp:attachment":[{"href":"https:\/\/uj.adatbank.ro\/lexikon\/wp-json\/wp\/v2\/media?parent=23927"}],"wp:term":[{"taxonomy":"product_brand","embeddable":true,"href":"https:\/\/uj.adatbank.ro\/lexikon\/wp-json\/wp\/v2\/product_brand?post=23927"},{"taxonomy":"product_cat","embeddable":true,"href":"https:\/\/uj.adatbank.ro\/lexikon\/wp-json\/wp\/v2\/product_cat?post=23927"},{"taxonomy":"product_tag","embeddable":true,"href":"https:\/\/uj.adatbank.ro\/lexikon\/wp-json\/wp\/v2\/product_tag?post=23927"}],"curies":[{"name":"wp","href":"https:\/\/api.w.org\/{rel}","templated":true}]}}