{"id":23928,"date":"2025-08-01T17:47:42","date_gmt":"2025-08-01T15:47:42","guid":{"rendered":"https:\/\/uj.adatbank.ro\/lexikon\/termek\/vadasz-delacroix-geza\/"},"modified":"2025-08-01T17:47:42","modified_gmt":"2025-08-01T15:47:42","slug":"vadasz-delacroix-geza","status":"publish","type":"product","link":"https:\/\/uj.adatbank.ro\/lexikon\/termek\/vadasz-delacroix-geza\/","title":{"rendered":"VAD\u00c1SZ DELACROIX G\u00e9za"},"content":{"rendered":"<p>Bp., 1884., \u2020\u00a0?: fest\u0151m\u0171v\u00e9sz. \u2013 Eugen Delacroix francia fest\u0151 lesz\u00e1rmazottja. Genfben tanult. Mv.-en a re\u00e1liskol\u00e1ban rajzot tan\u00edtott. Bp.-en \u00e1ll\u00edtott ki (1919\u2013), rendezte a F\u00e9szek klub ki\u00e1ll\u00edt\u00e1sait mint m\u0171t\u00e1ros. <br \/><strong>\u2013 Irod.:<\/strong> Moln\u00e1r.<\/br><\/p>\n","protected":false},"excerpt":{"rendered":"<p>Bp., 1884., \u2020\u00a0?: fest\u0151m\u0171v\u00e9sz. \u2013 Eugen Delacroix francia fest\u0151 lesz\u00e1rmazottja. Genfben tanult. Mv.-en a re\u00e1liskol\u00e1ban rajzot tan\u00edtott. Bp.-en \u00e1ll\u00edtott ki (1919\u2013), rendezte a F\u00e9szek klub ki\u00e1ll\u00edt\u00e1sait mint m\u0171t\u00e1ros. \u2013 Irod.: Moln\u00e1r.<\/p>\n","protected":false},"featured_media":0,"comment_status":"open","ping_status":"closed","template":"","meta":[],"product_brand":[],"product_cat":[137],"product_tag":[],"class_list":{"0":"post-23928","1":"product","2":"type-product","3":"status-publish","5":"product_cat-maros-megyei-eletrajzi-lexikon","7":"first","8":"instock","9":"shipping-taxable","10":"product-type-simple"},"_links":{"self":[{"href":"https:\/\/uj.adatbank.ro\/lexikon\/wp-json\/wp\/v2\/product\/23928","targetHints":{"allow":["GET"]}}],"collection":[{"href":"https:\/\/uj.adatbank.ro\/lexikon\/wp-json\/wp\/v2\/product"}],"about":[{"href":"https:\/\/uj.adatbank.ro\/lexikon\/wp-json\/wp\/v2\/types\/product"}],"replies":[{"embeddable":true,"href":"https:\/\/uj.adatbank.ro\/lexikon\/wp-json\/wp\/v2\/comments?post=23928"}],"wp:attachment":[{"href":"https:\/\/uj.adatbank.ro\/lexikon\/wp-json\/wp\/v2\/media?parent=23928"}],"wp:term":[{"taxonomy":"product_brand","embeddable":true,"href":"https:\/\/uj.adatbank.ro\/lexikon\/wp-json\/wp\/v2\/product_brand?post=23928"},{"taxonomy":"product_cat","embeddable":true,"href":"https:\/\/uj.adatbank.ro\/lexikon\/wp-json\/wp\/v2\/product_cat?post=23928"},{"taxonomy":"product_tag","embeddable":true,"href":"https:\/\/uj.adatbank.ro\/lexikon\/wp-json\/wp\/v2\/product_tag?post=23928"}],"curies":[{"name":"wp","href":"https:\/\/api.w.org\/{rel}","templated":true}]}}