{"id":23931,"date":"2025-08-01T17:47:48","date_gmt":"2025-08-01T15:47:48","guid":{"rendered":"https:\/\/uj.adatbank.ro\/lexikon\/termek\/vagacs-keresztes-ilona\/"},"modified":"2025-08-01T17:47:48","modified_gmt":"2025-08-01T15:47:48","slug":"vagacs-keresztes-ilona","status":"publish","type":"product","link":"https:\/\/uj.adatbank.ro\/lexikon\/termek\/vagacs-keresztes-ilona\/","title":{"rendered":"V\u00c1G\u00c1CS Keresztes Ilona"},"content":{"rendered":"<p>Mv., 1903. jan. 26., \u2020\u00a0?: gy\u00f3gyszer\u00e9sz. \u2013 A Szegedre \u00e1ttelep\u00edtett FJTE-en kapott gy\u00f3gyszer\u00e9sz oklevelet (1934). <br \/><strong>\u2013 Irod.:<\/strong> P\u00e9ter H. M. 2013.<\/br><\/p>\n","protected":false},"excerpt":{"rendered":"<p>Mv., 1903. jan. 26., \u2020\u00a0?: gy\u00f3gyszer\u00e9sz. \u2013 A Szegedre \u00e1ttelep\u00edtett FJTE-en kapott gy\u00f3gyszer\u00e9sz oklevelet (1934). \u2013 Irod.: P\u00e9ter H. M. 2013.<\/p>\n","protected":false},"featured_media":0,"comment_status":"open","ping_status":"closed","template":"","meta":[],"product_brand":[],"product_cat":[137],"product_tag":[],"class_list":{"0":"post-23931","1":"product","2":"type-product","3":"status-publish","5":"product_cat-maros-megyei-eletrajzi-lexikon","7":"first","8":"instock","9":"shipping-taxable","10":"product-type-simple"},"_links":{"self":[{"href":"https:\/\/uj.adatbank.ro\/lexikon\/wp-json\/wp\/v2\/product\/23931","targetHints":{"allow":["GET"]}}],"collection":[{"href":"https:\/\/uj.adatbank.ro\/lexikon\/wp-json\/wp\/v2\/product"}],"about":[{"href":"https:\/\/uj.adatbank.ro\/lexikon\/wp-json\/wp\/v2\/types\/product"}],"replies":[{"embeddable":true,"href":"https:\/\/uj.adatbank.ro\/lexikon\/wp-json\/wp\/v2\/comments?post=23931"}],"wp:attachment":[{"href":"https:\/\/uj.adatbank.ro\/lexikon\/wp-json\/wp\/v2\/media?parent=23931"}],"wp:term":[{"taxonomy":"product_brand","embeddable":true,"href":"https:\/\/uj.adatbank.ro\/lexikon\/wp-json\/wp\/v2\/product_brand?post=23931"},{"taxonomy":"product_cat","embeddable":true,"href":"https:\/\/uj.adatbank.ro\/lexikon\/wp-json\/wp\/v2\/product_cat?post=23931"},{"taxonomy":"product_tag","embeddable":true,"href":"https:\/\/uj.adatbank.ro\/lexikon\/wp-json\/wp\/v2\/product_tag?post=23931"}],"curies":[{"name":"wp","href":"https:\/\/api.w.org\/{rel}","templated":true}]}}