{"id":23932,"date":"2025-08-01T17:47:51","date_gmt":"2025-08-01T15:47:51","guid":{"rendered":"https:\/\/uj.adatbank.ro\/lexikon\/termek\/vagasi-istvan\/"},"modified":"2025-08-01T17:47:51","modified_gmt":"2025-08-01T15:47:51","slug":"vagasi-istvan","status":"publish","type":"product","link":"https:\/\/uj.adatbank.ro\/lexikon\/termek\/vagasi-istvan\/","title":{"rendered":"V\u00c1G\u00c1SI Istv\u00e1n"},"content":{"rendered":"<p>? \u2020\u00a0Mv., 1650. aug. 25.: de\u00e1k, f\u0151b\u00edr\u00f3. \u2013 Mv. f\u0151b\u00edr\u00e1ja, idej\u00e9t nem t\u00f6lt\u00f6tte ki, mert id\u0151k\u00f6zben meghalt (1650). R\u00e9szben aranyozott ez\u00fcst talpas poharat k\u00e9sz\u00edttetett (1641), ami Ny\u00edr\u0151 Gy\u00f6rgy adom\u00e1nyak\u00e9nt a radn\u00f3ti ref. templom tulajdon\u00e1ba ker\u00fclt (1709). <br \/><strong>\u2013 Irod.:<\/strong> Fodor\u2013Bal\u00e1s; Id\u0151t\u00e1r; K\u00fck\u00fcll\u0151i Ref. Egyh\u00e1zm. 4.; Marossz\u00e9ki kr\u00f3nik\u00e1k 1.<\/br><\/p>\n","protected":false},"excerpt":{"rendered":"<p>? \u2020\u00a0Mv., 1650. aug. 25.: de\u00e1k, f\u0151b\u00edr\u00f3. \u2013 Mv. f\u0151b\u00edr\u00e1ja, idej\u00e9t nem t\u00f6lt\u00f6tte ki, mert id\u0151k\u00f6zben meghalt (1650). R\u00e9szben aranyozott ez\u00fcst talpas poharat k\u00e9sz\u00edttetett (1641), ami Ny\u00edr\u0151 Gy\u00f6rgy adom\u00e1nyak\u00e9nt a radn\u00f3ti ref. templom tulajdon\u00e1ba ker\u00fclt (1709). \u2013 Irod.: Fodor\u2013Bal\u00e1s; Id\u0151t\u00e1r; K\u00fck\u00fcll\u0151i Ref. Egyh\u00e1zm. 4.; Marossz\u00e9ki kr\u00f3nik\u00e1k 1.<\/p>\n","protected":false},"featured_media":0,"comment_status":"open","ping_status":"closed","template":"","meta":[],"product_brand":[],"product_cat":[137],"product_tag":[],"class_list":{"0":"post-23932","1":"product","2":"type-product","3":"status-publish","5":"product_cat-maros-megyei-eletrajzi-lexikon","7":"first","8":"instock","9":"shipping-taxable","10":"product-type-simple"},"_links":{"self":[{"href":"https:\/\/uj.adatbank.ro\/lexikon\/wp-json\/wp\/v2\/product\/23932","targetHints":{"allow":["GET"]}}],"collection":[{"href":"https:\/\/uj.adatbank.ro\/lexikon\/wp-json\/wp\/v2\/product"}],"about":[{"href":"https:\/\/uj.adatbank.ro\/lexikon\/wp-json\/wp\/v2\/types\/product"}],"replies":[{"embeddable":true,"href":"https:\/\/uj.adatbank.ro\/lexikon\/wp-json\/wp\/v2\/comments?post=23932"}],"wp:attachment":[{"href":"https:\/\/uj.adatbank.ro\/lexikon\/wp-json\/wp\/v2\/media?parent=23932"}],"wp:term":[{"taxonomy":"product_brand","embeddable":true,"href":"https:\/\/uj.adatbank.ro\/lexikon\/wp-json\/wp\/v2\/product_brand?post=23932"},{"taxonomy":"product_cat","embeddable":true,"href":"https:\/\/uj.adatbank.ro\/lexikon\/wp-json\/wp\/v2\/product_cat?post=23932"},{"taxonomy":"product_tag","embeddable":true,"href":"https:\/\/uj.adatbank.ro\/lexikon\/wp-json\/wp\/v2\/product_tag?post=23932"}],"curies":[{"name":"wp","href":"https:\/\/api.w.org\/{rel}","templated":true}]}}