{"id":23933,"date":"2025-08-01T17:47:53","date_gmt":"2025-08-01T15:47:53","guid":{"rendered":"https:\/\/uj.adatbank.ro\/lexikon\/termek\/vago-bela\/"},"modified":"2025-08-01T17:47:53","modified_gmt":"2025-08-01T15:47:53","slug":"vago-bela","status":"publish","type":"product","link":"https:\/\/uj.adatbank.ro\/lexikon\/termek\/vago-bela\/","title":{"rendered":"V\u00c1G\u00d3 B\u00e9la"},"content":{"rendered":"<p>Nagyv\u00e1rad, 1871. j\u00fan. 26., \u2020\u00a0?: sz\u00edn\u00e9sz. \u2013 Mv.-en kezdte sz\u00edn\u00e9szi m\u0171k\u00f6d\u00e9s\u00e9t. Bp.-re a Kir\u00e1ly Sz\u00ednh\u00e1zhoz szerz\u0151d\u00f6tt (1903\u2013), majd \u00e1tment a M. Sz\u00ednh\u00e1zhoz, ahol mint f\u0151rendez\u0151 \u00e9s el\u0151ad\u00f3sz\u00edn\u00e9sz m\u0171k\u00f6d\u00f6tt. <br \/><strong>\u2013 Irod.:<\/strong> RNL.<\/br><\/p>\n","protected":false},"excerpt":{"rendered":"<p>Nagyv\u00e1rad, 1871. j\u00fan. 26., \u2020\u00a0?: sz\u00edn\u00e9sz. \u2013 Mv.-en kezdte sz\u00edn\u00e9szi m\u0171k\u00f6d\u00e9s\u00e9t. Bp.-re a Kir\u00e1ly Sz\u00ednh\u00e1zhoz szerz\u0151d\u00f6tt (1903\u2013), majd \u00e1tment a M. Sz\u00ednh\u00e1zhoz, ahol mint f\u0151rendez\u0151 \u00e9s el\u0151ad\u00f3sz\u00edn\u00e9sz m\u0171k\u00f6d\u00f6tt. \u2013 Irod.: RNL.<\/p>\n","protected":false},"featured_media":0,"comment_status":"open","ping_status":"closed","template":"","meta":[],"product_brand":[],"product_cat":[137],"product_tag":[],"class_list":{"0":"post-23933","1":"product","2":"type-product","3":"status-publish","5":"product_cat-maros-megyei-eletrajzi-lexikon","7":"first","8":"instock","9":"shipping-taxable","10":"product-type-simple"},"_links":{"self":[{"href":"https:\/\/uj.adatbank.ro\/lexikon\/wp-json\/wp\/v2\/product\/23933","targetHints":{"allow":["GET"]}}],"collection":[{"href":"https:\/\/uj.adatbank.ro\/lexikon\/wp-json\/wp\/v2\/product"}],"about":[{"href":"https:\/\/uj.adatbank.ro\/lexikon\/wp-json\/wp\/v2\/types\/product"}],"replies":[{"embeddable":true,"href":"https:\/\/uj.adatbank.ro\/lexikon\/wp-json\/wp\/v2\/comments?post=23933"}],"wp:attachment":[{"href":"https:\/\/uj.adatbank.ro\/lexikon\/wp-json\/wp\/v2\/media?parent=23933"}],"wp:term":[{"taxonomy":"product_brand","embeddable":true,"href":"https:\/\/uj.adatbank.ro\/lexikon\/wp-json\/wp\/v2\/product_brand?post=23933"},{"taxonomy":"product_cat","embeddable":true,"href":"https:\/\/uj.adatbank.ro\/lexikon\/wp-json\/wp\/v2\/product_cat?post=23933"},{"taxonomy":"product_tag","embeddable":true,"href":"https:\/\/uj.adatbank.ro\/lexikon\/wp-json\/wp\/v2\/product_tag?post=23933"}],"curies":[{"name":"wp","href":"https:\/\/api.w.org\/{rel}","templated":true}]}}