{"id":23934,"date":"2025-08-01T17:47:55","date_gmt":"2025-08-01T15:47:55","guid":{"rendered":"https:\/\/uj.adatbank.ro\/lexikon\/termek\/vaida-dionisie\/"},"modified":"2025-08-01T17:47:55","modified_gmt":"2025-08-01T15:47:55","slug":"vaida-dionisie","status":"publish","type":"product","link":"https:\/\/uj.adatbank.ro\/lexikon\/termek\/vaida-dionisie\/","title":{"rendered":"VAIDA, Dionisie"},"content":{"rendered":"<p>? 1911.\u00a0? \u2020 Mv., 1993. m\u00e1j. 17.: \u00fcgyv\u00e9d, b\u00edr\u00f3. <br \/><strong>\u2013 Irod.:<\/strong> [Nekrol\u00f3g] (N\u00fa., 1993. m\u00e1j. 19.).<\/br><\/p>\n","protected":false},"excerpt":{"rendered":"<p>? 1911.\u00a0? \u2020 Mv., 1993. m\u00e1j. 17.: \u00fcgyv\u00e9d, b\u00edr\u00f3. \u2013 Irod.: [Nekrol\u00f3g] (N\u00fa., 1993. m\u00e1j. 19.).<\/p>\n","protected":false},"featured_media":0,"comment_status":"open","ping_status":"closed","template":"","meta":[],"product_brand":[],"product_cat":[137],"product_tag":[],"class_list":{"0":"post-23934","1":"product","2":"type-product","3":"status-publish","5":"product_cat-maros-megyei-eletrajzi-lexikon","7":"first","8":"instock","9":"shipping-taxable","10":"product-type-simple"},"_links":{"self":[{"href":"https:\/\/uj.adatbank.ro\/lexikon\/wp-json\/wp\/v2\/product\/23934","targetHints":{"allow":["GET"]}}],"collection":[{"href":"https:\/\/uj.adatbank.ro\/lexikon\/wp-json\/wp\/v2\/product"}],"about":[{"href":"https:\/\/uj.adatbank.ro\/lexikon\/wp-json\/wp\/v2\/types\/product"}],"replies":[{"embeddable":true,"href":"https:\/\/uj.adatbank.ro\/lexikon\/wp-json\/wp\/v2\/comments?post=23934"}],"wp:attachment":[{"href":"https:\/\/uj.adatbank.ro\/lexikon\/wp-json\/wp\/v2\/media?parent=23934"}],"wp:term":[{"taxonomy":"product_brand","embeddable":true,"href":"https:\/\/uj.adatbank.ro\/lexikon\/wp-json\/wp\/v2\/product_brand?post=23934"},{"taxonomy":"product_cat","embeddable":true,"href":"https:\/\/uj.adatbank.ro\/lexikon\/wp-json\/wp\/v2\/product_cat?post=23934"},{"taxonomy":"product_tag","embeddable":true,"href":"https:\/\/uj.adatbank.ro\/lexikon\/wp-json\/wp\/v2\/product_tag?post=23934"}],"curies":[{"name":"wp","href":"https:\/\/api.w.org\/{rel}","templated":true}]}}