{"id":23946,"date":"2025-08-01T17:48:29","date_gmt":"2025-08-01T15:48:29","guid":{"rendered":"https:\/\/uj.adatbank.ro\/lexikon\/termek\/vajai-gyorgy-2\/"},"modified":"2025-08-01T17:48:29","modified_gmt":"2025-08-01T15:48:29","slug":"vajai-gyorgy-2","status":"publish","type":"product","link":"https:\/\/uj.adatbank.ro\/lexikon\/termek\/vajai-gyorgy-2\/","title":{"rendered":"VAJAI Gy\u00f6rgy"},"content":{"rendered":"<p>? \u2020\u00a0?: mester. \u2013 Tan\u00edtott Lukafalv\u00e1n (1693), Mez\u0151bergeny\u00e9ben (1694\u20131696), Mez\u0151cs\u00e1v\u00e1son (1702). <br \/><strong>\u2013 Irod.:<\/strong> Imreh B.<\/br><\/p>\n","protected":false},"excerpt":{"rendered":"<p>? \u2020\u00a0?: mester. \u2013 Tan\u00edtott Lukafalv\u00e1n (1693), Mez\u0151bergeny\u00e9ben (1694\u20131696), Mez\u0151cs\u00e1v\u00e1son (1702). \u2013 Irod.: Imreh B.<\/p>\n","protected":false},"featured_media":0,"comment_status":"open","ping_status":"closed","template":"","meta":[],"product_brand":[],"product_cat":[137],"product_tag":[],"class_list":{"0":"post-23946","1":"product","2":"type-product","3":"status-publish","5":"product_cat-maros-megyei-eletrajzi-lexikon","7":"first","8":"instock","9":"shipping-taxable","10":"product-type-simple"},"_links":{"self":[{"href":"https:\/\/uj.adatbank.ro\/lexikon\/wp-json\/wp\/v2\/product\/23946","targetHints":{"allow":["GET"]}}],"collection":[{"href":"https:\/\/uj.adatbank.ro\/lexikon\/wp-json\/wp\/v2\/product"}],"about":[{"href":"https:\/\/uj.adatbank.ro\/lexikon\/wp-json\/wp\/v2\/types\/product"}],"replies":[{"embeddable":true,"href":"https:\/\/uj.adatbank.ro\/lexikon\/wp-json\/wp\/v2\/comments?post=23946"}],"wp:attachment":[{"href":"https:\/\/uj.adatbank.ro\/lexikon\/wp-json\/wp\/v2\/media?parent=23946"}],"wp:term":[{"taxonomy":"product_brand","embeddable":true,"href":"https:\/\/uj.adatbank.ro\/lexikon\/wp-json\/wp\/v2\/product_brand?post=23946"},{"taxonomy":"product_cat","embeddable":true,"href":"https:\/\/uj.adatbank.ro\/lexikon\/wp-json\/wp\/v2\/product_cat?post=23946"},{"taxonomy":"product_tag","embeddable":true,"href":"https:\/\/uj.adatbank.ro\/lexikon\/wp-json\/wp\/v2\/product_tag?post=23946"}],"curies":[{"name":"wp","href":"https:\/\/api.w.org\/{rel}","templated":true}]}}