{"id":23951,"date":"2025-08-01T17:48:40","date_gmt":"2025-08-01T15:48:40","guid":{"rendered":"https:\/\/uj.adatbank.ro\/lexikon\/termek\/vajai-mihaly-valyai\/"},"modified":"2025-08-01T17:48:40","modified_gmt":"2025-08-01T15:48:40","slug":"vajai-mihaly-valyai","status":"publish","type":"product","link":"https:\/\/uj.adatbank.ro\/lexikon\/termek\/vajai-mihaly-valyai\/","title":{"rendered":"VAJAI Mih\u00e1ly, V\u00e1lyai"},"content":{"rendered":"<p>? \u2020\u00a0?: tan\u00edt\u00f3. \u2013 Nagyenyeden subscrib\u00e1lt (1700). G\u00f3g\u00e1nban tan\u00edtott (1702\u201315). Feles\u00e9ge Sz\u00e9kely Kata. Elt\u00e1vol\u00edtott\u00e1k hivatal\u00e1b\u00f3l (1715). <br \/><strong>\u2013 Irod.:<\/strong> K\u00fck\u00fcll\u0151i Ref. Egyh\u00e1zm. 2.<\/br><\/p>\n","protected":false},"excerpt":{"rendered":"<p>? \u2020\u00a0?: tan\u00edt\u00f3. \u2013 Nagyenyeden subscrib\u00e1lt (1700). G\u00f3g\u00e1nban tan\u00edtott (1702\u201315). Feles\u00e9ge Sz\u00e9kely Kata. Elt\u00e1vol\u00edtott\u00e1k hivatal\u00e1b\u00f3l (1715). \u2013 Irod.: K\u00fck\u00fcll\u0151i Ref. Egyh\u00e1zm. 2.<\/p>\n","protected":false},"featured_media":0,"comment_status":"open","ping_status":"closed","template":"","meta":[],"product_brand":[],"product_cat":[137],"product_tag":[],"class_list":{"0":"post-23951","1":"product","2":"type-product","3":"status-publish","5":"product_cat-maros-megyei-eletrajzi-lexikon","7":"first","8":"instock","9":"shipping-taxable","10":"product-type-simple"},"_links":{"self":[{"href":"https:\/\/uj.adatbank.ro\/lexikon\/wp-json\/wp\/v2\/product\/23951","targetHints":{"allow":["GET"]}}],"collection":[{"href":"https:\/\/uj.adatbank.ro\/lexikon\/wp-json\/wp\/v2\/product"}],"about":[{"href":"https:\/\/uj.adatbank.ro\/lexikon\/wp-json\/wp\/v2\/types\/product"}],"replies":[{"embeddable":true,"href":"https:\/\/uj.adatbank.ro\/lexikon\/wp-json\/wp\/v2\/comments?post=23951"}],"wp:attachment":[{"href":"https:\/\/uj.adatbank.ro\/lexikon\/wp-json\/wp\/v2\/media?parent=23951"}],"wp:term":[{"taxonomy":"product_brand","embeddable":true,"href":"https:\/\/uj.adatbank.ro\/lexikon\/wp-json\/wp\/v2\/product_brand?post=23951"},{"taxonomy":"product_cat","embeddable":true,"href":"https:\/\/uj.adatbank.ro\/lexikon\/wp-json\/wp\/v2\/product_cat?post=23951"},{"taxonomy":"product_tag","embeddable":true,"href":"https:\/\/uj.adatbank.ro\/lexikon\/wp-json\/wp\/v2\/product_tag?post=23951"}],"curies":[{"name":"wp","href":"https:\/\/api.w.org\/{rel}","templated":true}]}}