{"id":23952,"date":"2025-08-01T17:48:42","date_gmt":"2025-08-01T15:48:42","guid":{"rendered":"https:\/\/uj.adatbank.ro\/lexikon\/termek\/vajai-samuel\/"},"modified":"2025-08-01T17:48:42","modified_gmt":"2025-08-01T15:48:42","slug":"vajai-samuel","status":"publish","type":"product","link":"https:\/\/uj.adatbank.ro\/lexikon\/termek\/vajai-samuel\/","title":{"rendered":"VAJAI S\u00e1muel"},"content":{"rendered":"<p>? \u2020\u00a0?: ref. lelk\u00e9sz. \u2013 Csittszentiv\u00e1nban szolg\u00e1lt (1730\u201343), K\u00e1poszt\u00e1sszentmikl\u00f3s (1745\u201352), Kelementelke (1758\u201367), Fintah\u00e1z\u00e1n (1768\u201373). <br \/><strong>\u2013 Irod.:<\/strong> Imreh B.<\/br><\/p>\n","protected":false},"excerpt":{"rendered":"<p>? \u2020\u00a0?: ref. lelk\u00e9sz. \u2013 Csittszentiv\u00e1nban szolg\u00e1lt (1730\u201343), K\u00e1poszt\u00e1sszentmikl\u00f3s (1745\u201352), Kelementelke (1758\u201367), Fintah\u00e1z\u00e1n (1768\u201373). \u2013 Irod.: Imreh B.<\/p>\n","protected":false},"featured_media":0,"comment_status":"open","ping_status":"closed","template":"","meta":[],"product_brand":[],"product_cat":[137],"product_tag":[],"class_list":{"0":"post-23952","1":"product","2":"type-product","3":"status-publish","5":"product_cat-maros-megyei-eletrajzi-lexikon","7":"first","8":"instock","9":"shipping-taxable","10":"product-type-simple"},"_links":{"self":[{"href":"https:\/\/uj.adatbank.ro\/lexikon\/wp-json\/wp\/v2\/product\/23952","targetHints":{"allow":["GET"]}}],"collection":[{"href":"https:\/\/uj.adatbank.ro\/lexikon\/wp-json\/wp\/v2\/product"}],"about":[{"href":"https:\/\/uj.adatbank.ro\/lexikon\/wp-json\/wp\/v2\/types\/product"}],"replies":[{"embeddable":true,"href":"https:\/\/uj.adatbank.ro\/lexikon\/wp-json\/wp\/v2\/comments?post=23952"}],"wp:attachment":[{"href":"https:\/\/uj.adatbank.ro\/lexikon\/wp-json\/wp\/v2\/media?parent=23952"}],"wp:term":[{"taxonomy":"product_brand","embeddable":true,"href":"https:\/\/uj.adatbank.ro\/lexikon\/wp-json\/wp\/v2\/product_brand?post=23952"},{"taxonomy":"product_cat","embeddable":true,"href":"https:\/\/uj.adatbank.ro\/lexikon\/wp-json\/wp\/v2\/product_cat?post=23952"},{"taxonomy":"product_tag","embeddable":true,"href":"https:\/\/uj.adatbank.ro\/lexikon\/wp-json\/wp\/v2\/product_tag?post=23952"}],"curies":[{"name":"wp","href":"https:\/\/api.w.org\/{rel}","templated":true}]}}