{"id":23956,"date":"2025-08-01T17:48:53","date_gmt":"2025-08-01T15:48:53","guid":{"rendered":"https:\/\/uj.adatbank.ro\/lexikon\/termek\/vajda-akos\/"},"modified":"2025-08-01T17:48:53","modified_gmt":"2025-08-01T15:48:53","slug":"vajda-akos","status":"publish","type":"product","link":"https:\/\/uj.adatbank.ro\/lexikon\/termek\/vajda-akos\/","title":{"rendered":"VAJDA \u00c1kos"},"content":{"rendered":"<p>Harangl\u00e1b (Maros), 1867. j\u00fan. 22. \u2020\u00a0?: erd\u0151tan\u00e1csos. \u2013 K\u00f6z\u00e9piskol\u00e1t Sz\u00e9kelykereszt\u00faron \u00e9s Kv.-on, az Unit. F\u0151gimn\u00e1ziumban, erd\u00e9szeti f\u0151iskol\u00e1t Selmecb\u00e1ny\u00e1n v\u00e9gzett (1893). Dics\u0151szentm\u00e1rtonban m\u0171k\u00f6d\u00f6tt (1891. jan. 1.\u20131927. j\u00fan. 30.), \u00e9s mint erd\u0151tan\u00e1csos vonult nyugd\u00edjba, azut\u00e1n Sz\u00e9kelyudvarhelyen \u00e9lt. Tagja volt az Unit\u00e1rius Egyh\u00e1z F\u0151tan\u00e1cs\u00e1nak. <br \/><strong>\u2013 Irod.:<\/strong> EM.<\/br><\/p>\n","protected":false},"excerpt":{"rendered":"<p>Harangl\u00e1b (Maros), 1867. j\u00fan. 22. \u2020\u00a0?: erd\u0151tan\u00e1csos. \u2013 K\u00f6z\u00e9piskol\u00e1t Sz\u00e9kelykereszt\u00faron \u00e9s Kv.-on, az Unit. F\u0151gimn\u00e1ziumban, erd\u00e9szeti f\u0151iskol\u00e1t Selmecb\u00e1ny\u00e1n v\u00e9gzett (1893). Dics\u0151szentm\u00e1rtonban m\u0171k\u00f6d\u00f6tt (1891. jan. 1.\u20131927. j\u00fan. 30.), \u00e9s mint erd\u0151tan\u00e1csos vonult nyugd\u00edjba, azut\u00e1n Sz\u00e9kelyudvarhelyen \u00e9lt. Tagja volt az Unit\u00e1rius Egyh\u00e1z F\u0151tan\u00e1cs\u00e1nak. \u2013 Irod.: EM.<\/p>\n","protected":false},"featured_media":0,"comment_status":"open","ping_status":"closed","template":"","meta":[],"product_brand":[],"product_cat":[137],"product_tag":[],"class_list":{"0":"post-23956","1":"product","2":"type-product","3":"status-publish","5":"product_cat-maros-megyei-eletrajzi-lexikon","7":"first","8":"instock","9":"shipping-taxable","10":"product-type-simple"},"_links":{"self":[{"href":"https:\/\/uj.adatbank.ro\/lexikon\/wp-json\/wp\/v2\/product\/23956","targetHints":{"allow":["GET"]}}],"collection":[{"href":"https:\/\/uj.adatbank.ro\/lexikon\/wp-json\/wp\/v2\/product"}],"about":[{"href":"https:\/\/uj.adatbank.ro\/lexikon\/wp-json\/wp\/v2\/types\/product"}],"replies":[{"embeddable":true,"href":"https:\/\/uj.adatbank.ro\/lexikon\/wp-json\/wp\/v2\/comments?post=23956"}],"wp:attachment":[{"href":"https:\/\/uj.adatbank.ro\/lexikon\/wp-json\/wp\/v2\/media?parent=23956"}],"wp:term":[{"taxonomy":"product_brand","embeddable":true,"href":"https:\/\/uj.adatbank.ro\/lexikon\/wp-json\/wp\/v2\/product_brand?post=23956"},{"taxonomy":"product_cat","embeddable":true,"href":"https:\/\/uj.adatbank.ro\/lexikon\/wp-json\/wp\/v2\/product_cat?post=23956"},{"taxonomy":"product_tag","embeddable":true,"href":"https:\/\/uj.adatbank.ro\/lexikon\/wp-json\/wp\/v2\/product_tag?post=23956"}],"curies":[{"name":"wp","href":"https:\/\/api.w.org\/{rel}","templated":true}]}}