{"id":23959,"date":"2025-08-01T17:48:59","date_gmt":"2025-08-01T15:48:59","guid":{"rendered":"https:\/\/uj.adatbank.ro\/lexikon\/termek\/vajda-andras\/"},"modified":"2025-08-01T17:48:59","modified_gmt":"2025-08-01T15:48:59","slug":"vajda-andras","status":"publish","type":"product","link":"https:\/\/uj.adatbank.ro\/lexikon\/termek\/vajda-andras\/","title":{"rendered":"VAJDA Andr\u00e1s"},"content":{"rendered":"<p>S\u00e1romberke, 1895., \u2020\u00a0?: gazd\u00e1lkod\u00f3. \u2013 \u00d6n\u00e1ll\u00f3 gazda (1920 el\u0151tt). Az els\u0151 vh.-ban mint t\u0171zmester az orosz \u00e9s olasz fronton harcolt, a II. o. ez\u00fcst, a bronz v. \u00e9. \u00e9s a K\u00e1roly-csapatkereszttel t\u00fcntett\u00e9k ki. A MP \u00e9s az EGE tagja, a Hitelsz\u00f6v. \u00e9s a Hangya eln\u00f6ke, dalegyes\u00fcletek \u00e9s sportegyes\u00fcletek tagja volt. <br \/><strong>\u2013 Irod.:<\/strong> Sz\u00e9kelyf\u00f6ld \u00ed. k.<\/br><\/p>\n","protected":false},"excerpt":{"rendered":"<p>S\u00e1romberke, 1895., \u2020\u00a0?: gazd\u00e1lkod\u00f3. \u2013 \u00d6n\u00e1ll\u00f3 gazda (1920 el\u0151tt). Az els\u0151 vh.-ban mint t\u0171zmester az orosz \u00e9s olasz fronton harcolt, a II. o. ez\u00fcst, a bronz v. \u00e9. \u00e9s a K\u00e1roly-csapatkereszttel t\u00fcntett\u00e9k ki. A MP \u00e9s az EGE tagja, a Hitelsz\u00f6v. \u00e9s a Hangya eln\u00f6ke, dalegyes\u00fcletek \u00e9s sportegyes\u00fcletek tagja volt. \u2013 Irod.: Sz\u00e9kelyf\u00f6ld \u00ed. k.<\/p>\n","protected":false},"featured_media":0,"comment_status":"open","ping_status":"closed","template":"","meta":[],"product_brand":[],"product_cat":[137],"product_tag":[],"class_list":{"0":"post-23959","1":"product","2":"type-product","3":"status-publish","5":"product_cat-maros-megyei-eletrajzi-lexikon","7":"first","8":"instock","9":"shipping-taxable","10":"product-type-simple"},"_links":{"self":[{"href":"https:\/\/uj.adatbank.ro\/lexikon\/wp-json\/wp\/v2\/product\/23959","targetHints":{"allow":["GET"]}}],"collection":[{"href":"https:\/\/uj.adatbank.ro\/lexikon\/wp-json\/wp\/v2\/product"}],"about":[{"href":"https:\/\/uj.adatbank.ro\/lexikon\/wp-json\/wp\/v2\/types\/product"}],"replies":[{"embeddable":true,"href":"https:\/\/uj.adatbank.ro\/lexikon\/wp-json\/wp\/v2\/comments?post=23959"}],"wp:attachment":[{"href":"https:\/\/uj.adatbank.ro\/lexikon\/wp-json\/wp\/v2\/media?parent=23959"}],"wp:term":[{"taxonomy":"product_brand","embeddable":true,"href":"https:\/\/uj.adatbank.ro\/lexikon\/wp-json\/wp\/v2\/product_brand?post=23959"},{"taxonomy":"product_cat","embeddable":true,"href":"https:\/\/uj.adatbank.ro\/lexikon\/wp-json\/wp\/v2\/product_cat?post=23959"},{"taxonomy":"product_tag","embeddable":true,"href":"https:\/\/uj.adatbank.ro\/lexikon\/wp-json\/wp\/v2\/product_tag?post=23959"}],"curies":[{"name":"wp","href":"https:\/\/api.w.org\/{rel}","templated":true}]}}