{"id":23962,"date":"2025-08-01T17:49:10","date_gmt":"2025-08-01T15:49:10","guid":{"rendered":"https:\/\/uj.adatbank.ro\/lexikon\/termek\/vajda-andras-4\/"},"modified":"2026-02-17T16:57:12","modified_gmt":"2026-02-17T15:57:12","slug":"vajda-andras-4","status":"publish","type":"product","link":"https:\/\/uj.adatbank.ro\/lexikon\/termek\/vajda-andras-4\/","title":{"rendered":"VAJDA Andr\u00e1s"},"content":{"rendered":"<p>S\u00e1romberke, 1928 \u2020 Mvh., 2003. nov. 17., m\u00e9rn\u00f6k a mvh.-i Metalotehnica v\u00e1llalatn\u00e1l.<\/p>\n","protected":false},"excerpt":{"rendered":"<p>S\u00e1romberke, 1928 \u2020 Mvh., 2003. nov. 17., m\u00e9rn\u00f6k a mvh.-i Metalotehnica v\u00e1llalatn\u00e1l.<\/p>\n","protected":false},"featured_media":0,"comment_status":"open","ping_status":"closed","template":"","meta":[],"product_brand":[],"product_cat":[137],"product_tag":[],"class_list":{"0":"post-23962","1":"product","2":"type-product","3":"status-publish","5":"product_cat-maros-megyei-eletrajzi-lexikon","7":"first","8":"instock","9":"shipping-taxable","10":"product-type-simple"},"_links":{"self":[{"href":"https:\/\/uj.adatbank.ro\/lexikon\/wp-json\/wp\/v2\/product\/23962","targetHints":{"allow":["GET"]}}],"collection":[{"href":"https:\/\/uj.adatbank.ro\/lexikon\/wp-json\/wp\/v2\/product"}],"about":[{"href":"https:\/\/uj.adatbank.ro\/lexikon\/wp-json\/wp\/v2\/types\/product"}],"replies":[{"embeddable":true,"href":"https:\/\/uj.adatbank.ro\/lexikon\/wp-json\/wp\/v2\/comments?post=23962"}],"wp:attachment":[{"href":"https:\/\/uj.adatbank.ro\/lexikon\/wp-json\/wp\/v2\/media?parent=23962"}],"wp:term":[{"taxonomy":"product_brand","embeddable":true,"href":"https:\/\/uj.adatbank.ro\/lexikon\/wp-json\/wp\/v2\/product_brand?post=23962"},{"taxonomy":"product_cat","embeddable":true,"href":"https:\/\/uj.adatbank.ro\/lexikon\/wp-json\/wp\/v2\/product_cat?post=23962"},{"taxonomy":"product_tag","embeddable":true,"href":"https:\/\/uj.adatbank.ro\/lexikon\/wp-json\/wp\/v2\/product_tag?post=23962"}],"curies":[{"name":"wp","href":"https:\/\/api.w.org\/{rel}","templated":true}]}}