{"id":23966,"date":"2025-08-01T17:49:18","date_gmt":"2025-08-01T15:49:18","guid":{"rendered":"https:\/\/uj.adatbank.ro\/lexikon\/termek\/vajda-domokos\/"},"modified":"2025-08-01T17:49:18","modified_gmt":"2025-08-01T15:49:18","slug":"vajda-domokos","status":"publish","type":"product","link":"https:\/\/uj.adatbank.ro\/lexikon\/termek\/vajda-domokos\/","title":{"rendered":"VAJDA Domokos"},"content":{"rendered":"<p>S\u00e1romberke, 1884., \u2020\u00a0?: gazd\u00e1lkod\u00f3. \u2013 Nagyenyeden gimn.-ot v\u00e9gzett, r\u00e9szt vett az els\u0151 vh.-ban, az 5\/88 t\u00fcz\u00e9rezredben az orosz fronton harcolt, az I. \u00e9s II. o. ez\u00fcst, a bronz vit. \u00e9. tulajdonosak\u00e9nt mint t\u0171zmester szerelt le. Ezut\u00e1n gazd\u00e1lkodni kezdett. A MP \u00e9s az EGE tagja, ref. presbiter, a Tejsz\u00f6v. igazgat\u00f3s\u00e1gi tagja, a Frontharcosok helyi alparancsnoka, a Hangya, a Hitelsz\u00f6v., a Gazdak\u00f6r vezet\u0151s\u00e9gi tagja \u00e9s eln\u00f6ke, k\u00f6zs\u00e9gi b\u00edr\u00f3 volt. <br \/><strong>\u2013 Irod.:<\/strong> Sz\u00e9kelyf\u00f6ld \u00ed. k.<\/br><\/p>\n","protected":false},"excerpt":{"rendered":"<p>S\u00e1romberke, 1884., \u2020\u00a0?: gazd\u00e1lkod\u00f3. \u2013 Nagyenyeden gimn.-ot v\u00e9gzett, r\u00e9szt vett az els\u0151 vh.-ban, az 5\/88 t\u00fcz\u00e9rezredben az orosz fronton harcolt, az I. \u00e9s II. o. ez\u00fcst, a bronz vit. \u00e9. tulajdonosak\u00e9nt mint t\u0171zmester szerelt le. Ezut\u00e1n gazd\u00e1lkodni kezdett. A MP \u00e9s az EGE tagja, ref. presbiter, a Tejsz\u00f6v. igazgat\u00f3s\u00e1gi tagja, a Frontharcosok helyi alparancsnoka, a [&hellip;]<\/p>\n","protected":false},"featured_media":0,"comment_status":"open","ping_status":"closed","template":"","meta":[],"product_brand":[],"product_cat":[137],"product_tag":[],"class_list":{"0":"post-23966","1":"product","2":"type-product","3":"status-publish","5":"product_cat-maros-megyei-eletrajzi-lexikon","7":"first","8":"instock","9":"shipping-taxable","10":"product-type-simple"},"_links":{"self":[{"href":"https:\/\/uj.adatbank.ro\/lexikon\/wp-json\/wp\/v2\/product\/23966","targetHints":{"allow":["GET"]}}],"collection":[{"href":"https:\/\/uj.adatbank.ro\/lexikon\/wp-json\/wp\/v2\/product"}],"about":[{"href":"https:\/\/uj.adatbank.ro\/lexikon\/wp-json\/wp\/v2\/types\/product"}],"replies":[{"embeddable":true,"href":"https:\/\/uj.adatbank.ro\/lexikon\/wp-json\/wp\/v2\/comments?post=23966"}],"wp:attachment":[{"href":"https:\/\/uj.adatbank.ro\/lexikon\/wp-json\/wp\/v2\/media?parent=23966"}],"wp:term":[{"taxonomy":"product_brand","embeddable":true,"href":"https:\/\/uj.adatbank.ro\/lexikon\/wp-json\/wp\/v2\/product_brand?post=23966"},{"taxonomy":"product_cat","embeddable":true,"href":"https:\/\/uj.adatbank.ro\/lexikon\/wp-json\/wp\/v2\/product_cat?post=23966"},{"taxonomy":"product_tag","embeddable":true,"href":"https:\/\/uj.adatbank.ro\/lexikon\/wp-json\/wp\/v2\/product_tag?post=23966"}],"curies":[{"name":"wp","href":"https:\/\/api.w.org\/{rel}","templated":true}]}}