{"id":23967,"date":"2025-08-01T17:49:21","date_gmt":"2025-08-01T15:49:21","guid":{"rendered":"https:\/\/uj.adatbank.ro\/lexikon\/termek\/vajda-domokos-2\/"},"modified":"2025-08-01T17:49:21","modified_gmt":"2025-08-01T15:49:21","slug":"vajda-domokos-2","status":"publish","type":"product","link":"https:\/\/uj.adatbank.ro\/lexikon\/termek\/vajda-domokos-2\/","title":{"rendered":"VAJDA Domokos"},"content":{"rendered":"<p>1910.\u2020\u00a0Mv., 2000. szept. 12: ref. lelk\u00e9sz, mez\u0151gazdas\u00e1gi m\u00e9rn\u00f6k \u00e9s tan\u00e1r. \u2013 Ut\u00f3da Kiss Lajos lp.-nak Magyar\u00f3n (1944\u20131964). Sz\u00e9kesen szolg\u00e1lt (1969-ig, nyugd\u00edjaz\u00e1s\u00e1ig). <br \/><strong>\u2013 Irod.:<\/strong> B\u00f6jthe Andor: A G\u00f6rg\u00e9nyi ev. ref. egyh\u00e1zmegye t\u00f6rt\u00e9nete [k\u00e9zirat]; Cs\u00e1ky; MMK; [Nekrol\u00f3g] (N\u00fa., 2000. szept 13.) S\u00e1romberke.<\/br><\/p>\n","protected":false},"excerpt":{"rendered":"<p>1910.\u2020\u00a0Mv., 2000. szept. 12: ref. lelk\u00e9sz, mez\u0151gazdas\u00e1gi m\u00e9rn\u00f6k \u00e9s tan\u00e1r. \u2013 Ut\u00f3da Kiss Lajos lp.-nak Magyar\u00f3n (1944\u20131964). Sz\u00e9kesen szolg\u00e1lt (1969-ig, nyugd\u00edjaz\u00e1s\u00e1ig). \u2013 Irod.: B\u00f6jthe Andor: A G\u00f6rg\u00e9nyi ev. ref. egyh\u00e1zmegye t\u00f6rt\u00e9nete [k\u00e9zirat]; Cs\u00e1ky; MMK; [Nekrol\u00f3g] (N\u00fa., 2000. szept 13.) S\u00e1romberke.<\/p>\n","protected":false},"featured_media":0,"comment_status":"open","ping_status":"closed","template":"","meta":[],"product_brand":[],"product_cat":[137],"product_tag":[],"class_list":{"0":"post-23967","1":"product","2":"type-product","3":"status-publish","5":"product_cat-maros-megyei-eletrajzi-lexikon","7":"first","8":"instock","9":"shipping-taxable","10":"product-type-simple"},"_links":{"self":[{"href":"https:\/\/uj.adatbank.ro\/lexikon\/wp-json\/wp\/v2\/product\/23967","targetHints":{"allow":["GET"]}}],"collection":[{"href":"https:\/\/uj.adatbank.ro\/lexikon\/wp-json\/wp\/v2\/product"}],"about":[{"href":"https:\/\/uj.adatbank.ro\/lexikon\/wp-json\/wp\/v2\/types\/product"}],"replies":[{"embeddable":true,"href":"https:\/\/uj.adatbank.ro\/lexikon\/wp-json\/wp\/v2\/comments?post=23967"}],"wp:attachment":[{"href":"https:\/\/uj.adatbank.ro\/lexikon\/wp-json\/wp\/v2\/media?parent=23967"}],"wp:term":[{"taxonomy":"product_brand","embeddable":true,"href":"https:\/\/uj.adatbank.ro\/lexikon\/wp-json\/wp\/v2\/product_brand?post=23967"},{"taxonomy":"product_cat","embeddable":true,"href":"https:\/\/uj.adatbank.ro\/lexikon\/wp-json\/wp\/v2\/product_cat?post=23967"},{"taxonomy":"product_tag","embeddable":true,"href":"https:\/\/uj.adatbank.ro\/lexikon\/wp-json\/wp\/v2\/product_tag?post=23967"}],"curies":[{"name":"wp","href":"https:\/\/api.w.org\/{rel}","templated":true}]}}