{"id":23968,"date":"2025-08-01T17:49:22","date_gmt":"2025-08-01T15:49:22","guid":{"rendered":"https:\/\/uj.adatbank.ro\/lexikon\/termek\/vajda-ferenc\/"},"modified":"2025-08-01T17:49:22","modified_gmt":"2025-08-01T15:49:22","slug":"vajda-ferenc","status":"publish","type":"product","link":"https:\/\/uj.adatbank.ro\/lexikon\/termek\/vajda-ferenc\/","title":{"rendered":"VAJDA Ferenc"},"content":{"rendered":"<p>?, \u2020 ?: t\u00f6rt\u00e9n\u00e9sz.: Sz\u00e9kely k\u00e9rd\u00e9s a XVI. sz\u00e1zadban. \u2013 &#8211; Irod.: \u00dcnnepi k\u00f6nyv.<\/br><\/p>\n","protected":false},"excerpt":{"rendered":"<p>?, \u2020 ?: t\u00f6rt\u00e9n\u00e9sz.: Sz\u00e9kely k\u00e9rd\u00e9s a XVI. sz\u00e1zadban. \u2013 &#8211; Irod.: \u00dcnnepi k\u00f6nyv.<\/p>\n","protected":false},"featured_media":0,"comment_status":"open","ping_status":"closed","template":"","meta":[],"product_brand":[],"product_cat":[137],"product_tag":[],"class_list":{"0":"post-23968","1":"product","2":"type-product","3":"status-publish","5":"product_cat-maros-megyei-eletrajzi-lexikon","7":"first","8":"instock","9":"shipping-taxable","10":"product-type-simple"},"_links":{"self":[{"href":"https:\/\/uj.adatbank.ro\/lexikon\/wp-json\/wp\/v2\/product\/23968","targetHints":{"allow":["GET"]}}],"collection":[{"href":"https:\/\/uj.adatbank.ro\/lexikon\/wp-json\/wp\/v2\/product"}],"about":[{"href":"https:\/\/uj.adatbank.ro\/lexikon\/wp-json\/wp\/v2\/types\/product"}],"replies":[{"embeddable":true,"href":"https:\/\/uj.adatbank.ro\/lexikon\/wp-json\/wp\/v2\/comments?post=23968"}],"wp:attachment":[{"href":"https:\/\/uj.adatbank.ro\/lexikon\/wp-json\/wp\/v2\/media?parent=23968"}],"wp:term":[{"taxonomy":"product_brand","embeddable":true,"href":"https:\/\/uj.adatbank.ro\/lexikon\/wp-json\/wp\/v2\/product_brand?post=23968"},{"taxonomy":"product_cat","embeddable":true,"href":"https:\/\/uj.adatbank.ro\/lexikon\/wp-json\/wp\/v2\/product_cat?post=23968"},{"taxonomy":"product_tag","embeddable":true,"href":"https:\/\/uj.adatbank.ro\/lexikon\/wp-json\/wp\/v2\/product_tag?post=23968"}],"curies":[{"name":"wp","href":"https:\/\/api.w.org\/{rel}","templated":true}]}}