{"id":23969,"date":"2025-08-01T17:49:24","date_gmt":"2025-08-01T15:49:24","guid":{"rendered":"https:\/\/uj.adatbank.ro\/lexikon\/termek\/vajda-ferenc-2\/"},"modified":"2025-08-01T17:49:24","modified_gmt":"2025-08-01T15:49:24","slug":"vajda-ferenc-2","status":"publish","type":"product","link":"https:\/\/uj.adatbank.ro\/lexikon\/termek\/vajda-ferenc-2\/","title":{"rendered":"VAJDA Ferenc"},"content":{"rendered":"<p>Kisb\u00fan, ?, \u2020 Gyulafeh\u00e9rv\u00e1r, ?: b\u00e1ny\u00e1szm\u00e9rn\u00f6k. \u2013 Selmecb\u00e1ny\u00e1n szerzett okl.-t (1829). A m. kir. b\u00e1nyat\u00f6rv\u00e9nysz\u00e9k b\u00edr\u00f3jak\u00e9nt \u00e9s aranyv\u00e1lt\u00f3k\u00e9nt dolgozott Gyulafeh\u00e9rv\u00e1ron. <br \/><strong>\u2013 Irod.:<\/strong> Szab\u00f3 Mikl\u00f3s 2005.<\/br><\/p>\n","protected":false},"excerpt":{"rendered":"<p>Kisb\u00fan, ?, \u2020 Gyulafeh\u00e9rv\u00e1r, ?: b\u00e1ny\u00e1szm\u00e9rn\u00f6k. \u2013 Selmecb\u00e1ny\u00e1n szerzett okl.-t (1829). A m. kir. b\u00e1nyat\u00f6rv\u00e9nysz\u00e9k b\u00edr\u00f3jak\u00e9nt \u00e9s aranyv\u00e1lt\u00f3k\u00e9nt dolgozott Gyulafeh\u00e9rv\u00e1ron. \u2013 Irod.: Szab\u00f3 Mikl\u00f3s 2005.<\/p>\n","protected":false},"featured_media":0,"comment_status":"open","ping_status":"closed","template":"","meta":[],"product_brand":[],"product_cat":[137],"product_tag":[],"class_list":{"0":"post-23969","1":"product","2":"type-product","3":"status-publish","5":"product_cat-maros-megyei-eletrajzi-lexikon","7":"first","8":"instock","9":"shipping-taxable","10":"product-type-simple"},"_links":{"self":[{"href":"https:\/\/uj.adatbank.ro\/lexikon\/wp-json\/wp\/v2\/product\/23969","targetHints":{"allow":["GET"]}}],"collection":[{"href":"https:\/\/uj.adatbank.ro\/lexikon\/wp-json\/wp\/v2\/product"}],"about":[{"href":"https:\/\/uj.adatbank.ro\/lexikon\/wp-json\/wp\/v2\/types\/product"}],"replies":[{"embeddable":true,"href":"https:\/\/uj.adatbank.ro\/lexikon\/wp-json\/wp\/v2\/comments?post=23969"}],"wp:attachment":[{"href":"https:\/\/uj.adatbank.ro\/lexikon\/wp-json\/wp\/v2\/media?parent=23969"}],"wp:term":[{"taxonomy":"product_brand","embeddable":true,"href":"https:\/\/uj.adatbank.ro\/lexikon\/wp-json\/wp\/v2\/product_brand?post=23969"},{"taxonomy":"product_cat","embeddable":true,"href":"https:\/\/uj.adatbank.ro\/lexikon\/wp-json\/wp\/v2\/product_cat?post=23969"},{"taxonomy":"product_tag","embeddable":true,"href":"https:\/\/uj.adatbank.ro\/lexikon\/wp-json\/wp\/v2\/product_tag?post=23969"}],"curies":[{"name":"wp","href":"https:\/\/api.w.org\/{rel}","templated":true}]}}