{"id":23976,"date":"2025-08-01T17:49:40","date_gmt":"2025-08-01T15:49:40","guid":{"rendered":"https:\/\/uj.adatbank.ro\/lexikon\/termek\/vajda-istvan-3\/"},"modified":"2025-08-01T17:49:40","modified_gmt":"2025-08-01T15:49:40","slug":"vajda-istvan-3","status":"publish","type":"product","link":"https:\/\/uj.adatbank.ro\/lexikon\/termek\/vajda-istvan-3\/","title":{"rendered":"VAJDA Istv\u00e1n"},"content":{"rendered":"<p>1906. \u2020\u00a0Mv., 1983. m\u00e1j. 23.: ref. lelk\u00e9sz. \u2013Feles\u00e9ge: Jakab Erzs\u00e9bet (1915\u20132005). \u2013 Magyar\u00f3n kezdte lelk\u00e9szi szolg\u00e1lat\u00e1t (1929\u2013). A k\u00f6rtv\u00e9lyf\u00e1jai (1935\u2013) \u00e9s a sepsiszentgy\u00f6rgyi szemerjai gy\u00fclekezetben m\u0171k\u00f6d\u00f6tt nyugd\u00edjaz\u00e1s\u00e1ig. <br \/><strong>\u2013 Irod.:<\/strong> Cs\u00e1ky; [Nekrol\u00f3g] (V. Z., 1983. m\u00e1j. 25.).<\/br><\/p>\n","protected":false},"excerpt":{"rendered":"<p>1906. \u2020\u00a0Mv., 1983. m\u00e1j. 23.: ref. lelk\u00e9sz. \u2013Feles\u00e9ge: Jakab Erzs\u00e9bet (1915\u20132005). \u2013 Magyar\u00f3n kezdte lelk\u00e9szi szolg\u00e1lat\u00e1t (1929\u2013). A k\u00f6rtv\u00e9lyf\u00e1jai (1935\u2013) \u00e9s a sepsiszentgy\u00f6rgyi szemerjai gy\u00fclekezetben m\u0171k\u00f6d\u00f6tt nyugd\u00edjaz\u00e1s\u00e1ig. \u2013 Irod.: Cs\u00e1ky; [Nekrol\u00f3g] (V. Z., 1983. m\u00e1j. 25.).<\/p>\n","protected":false},"featured_media":0,"comment_status":"open","ping_status":"closed","template":"","meta":[],"product_brand":[],"product_cat":[137],"product_tag":[],"class_list":{"0":"post-23976","1":"product","2":"type-product","3":"status-publish","5":"product_cat-maros-megyei-eletrajzi-lexikon","7":"first","8":"instock","9":"shipping-taxable","10":"product-type-simple"},"_links":{"self":[{"href":"https:\/\/uj.adatbank.ro\/lexikon\/wp-json\/wp\/v2\/product\/23976","targetHints":{"allow":["GET"]}}],"collection":[{"href":"https:\/\/uj.adatbank.ro\/lexikon\/wp-json\/wp\/v2\/product"}],"about":[{"href":"https:\/\/uj.adatbank.ro\/lexikon\/wp-json\/wp\/v2\/types\/product"}],"replies":[{"embeddable":true,"href":"https:\/\/uj.adatbank.ro\/lexikon\/wp-json\/wp\/v2\/comments?post=23976"}],"wp:attachment":[{"href":"https:\/\/uj.adatbank.ro\/lexikon\/wp-json\/wp\/v2\/media?parent=23976"}],"wp:term":[{"taxonomy":"product_brand","embeddable":true,"href":"https:\/\/uj.adatbank.ro\/lexikon\/wp-json\/wp\/v2\/product_brand?post=23976"},{"taxonomy":"product_cat","embeddable":true,"href":"https:\/\/uj.adatbank.ro\/lexikon\/wp-json\/wp\/v2\/product_cat?post=23976"},{"taxonomy":"product_tag","embeddable":true,"href":"https:\/\/uj.adatbank.ro\/lexikon\/wp-json\/wp\/v2\/product_tag?post=23976"}],"curies":[{"name":"wp","href":"https:\/\/api.w.org\/{rel}","templated":true}]}}