{"id":23977,"date":"2025-08-01T17:49:42","date_gmt":"2025-08-01T15:49:42","guid":{"rendered":"https:\/\/uj.adatbank.ro\/lexikon\/termek\/vajda-istvan-4\/"},"modified":"2025-08-01T17:49:42","modified_gmt":"2025-08-01T15:49:42","slug":"vajda-istvan-4","status":"publish","type":"product","link":"https:\/\/uj.adatbank.ro\/lexikon\/termek\/vajda-istvan-4\/","title":{"rendered":"VAJDA Istv\u00e1n"},"content":{"rendered":"<p>?1906 \u2020\u00a0?: k\u00f6lt\u0151. \u2013 Rendezett a sz\u00ednm\u0171v\u00e9szeti f\u0151iskol\u00e1n. Versei jelentek meg m\u00e9g 1944\u201348. k\u00f6z\u00f6tt. \u2013  <strong>F. m..:<\/strong> A v\u00e9gtelen fel\u00e9 (versek; Cl., -Kv., 1928); Tengerszem: (versek; Tg. M., 1929); Nagyp\u00e9ntek (versek; Tg. M., 1937). <br \/><strong>\u2013 Irod.:<\/strong> F\u00fcl\u00f6p\u2013Ferencz; K\u00e1ntor\u2013K\u00f6t\u0151; Z\u00e1honyi.<\/br><\/p>\n","protected":false},"excerpt":{"rendered":"<p>?1906 \u2020\u00a0?: k\u00f6lt\u0151. \u2013 Rendezett a sz\u00ednm\u0171v\u00e9szeti f\u0151iskol\u00e1n. Versei jelentek meg m\u00e9g 1944\u201348. k\u00f6z\u00f6tt. \u2013 F. m..: A v\u00e9gtelen fel\u00e9 (versek; Cl., -Kv., 1928); Tengerszem: (versek; Tg. M., 1929); Nagyp\u00e9ntek (versek; Tg. M., 1937). \u2013 Irod.: F\u00fcl\u00f6p\u2013Ferencz; K\u00e1ntor\u2013K\u00f6t\u0151; Z\u00e1honyi.<\/p>\n","protected":false},"featured_media":0,"comment_status":"open","ping_status":"closed","template":"","meta":[],"product_brand":[],"product_cat":[137],"product_tag":[],"class_list":{"0":"post-23977","1":"product","2":"type-product","3":"status-publish","5":"product_cat-maros-megyei-eletrajzi-lexikon","7":"first","8":"instock","9":"shipping-taxable","10":"product-type-simple"},"_links":{"self":[{"href":"https:\/\/uj.adatbank.ro\/lexikon\/wp-json\/wp\/v2\/product\/23977","targetHints":{"allow":["GET"]}}],"collection":[{"href":"https:\/\/uj.adatbank.ro\/lexikon\/wp-json\/wp\/v2\/product"}],"about":[{"href":"https:\/\/uj.adatbank.ro\/lexikon\/wp-json\/wp\/v2\/types\/product"}],"replies":[{"embeddable":true,"href":"https:\/\/uj.adatbank.ro\/lexikon\/wp-json\/wp\/v2\/comments?post=23977"}],"wp:attachment":[{"href":"https:\/\/uj.adatbank.ro\/lexikon\/wp-json\/wp\/v2\/media?parent=23977"}],"wp:term":[{"taxonomy":"product_brand","embeddable":true,"href":"https:\/\/uj.adatbank.ro\/lexikon\/wp-json\/wp\/v2\/product_brand?post=23977"},{"taxonomy":"product_cat","embeddable":true,"href":"https:\/\/uj.adatbank.ro\/lexikon\/wp-json\/wp\/v2\/product_cat?post=23977"},{"taxonomy":"product_tag","embeddable":true,"href":"https:\/\/uj.adatbank.ro\/lexikon\/wp-json\/wp\/v2\/product_tag?post=23977"}],"curies":[{"name":"wp","href":"https:\/\/api.w.org\/{rel}","templated":true}]}}