{"id":23979,"date":"2025-08-01T17:49:47","date_gmt":"2025-08-01T15:49:47","guid":{"rendered":"https:\/\/uj.adatbank.ro\/lexikon\/termek\/vajda-istvan-6\/"},"modified":"2025-08-01T17:49:47","modified_gmt":"2025-08-01T15:49:47","slug":"vajda-istvan-6","status":"publish","type":"product","link":"https:\/\/uj.adatbank.ro\/lexikon\/termek\/vajda-istvan-6\/","title":{"rendered":"VAJDA Istv\u00e1n"},"content":{"rendered":"<p>1910., \u2020\u00a01960: orvos. \u2013 Belgy\u00f3gy\u00e1sz f\u0151orvos. Az Orvostudom\u00e1nyi T\u00e1rsas\u00e1g orvosi lapj\u00e1nak szerkeszt\u0151s\u00e9gi titk\u00e1ra. A Fert\u0151z\u0151 Klinik\u00e1n dolgozott (1960-ig). <br \/><strong>\u2013 Irod.:<\/strong> Kiss Cs. M 4.<\/br><\/p>\n","protected":false},"excerpt":{"rendered":"<p>1910., \u2020\u00a01960: orvos. \u2013 Belgy\u00f3gy\u00e1sz f\u0151orvos. Az Orvostudom\u00e1nyi T\u00e1rsas\u00e1g orvosi lapj\u00e1nak szerkeszt\u0151s\u00e9gi titk\u00e1ra. A Fert\u0151z\u0151 Klinik\u00e1n dolgozott (1960-ig). \u2013 Irod.: Kiss Cs. M 4.<\/p>\n","protected":false},"featured_media":0,"comment_status":"open","ping_status":"closed","template":"","meta":[],"product_brand":[],"product_cat":[137],"product_tag":[],"class_list":{"0":"post-23979","1":"product","2":"type-product","3":"status-publish","5":"product_cat-maros-megyei-eletrajzi-lexikon","7":"first","8":"instock","9":"shipping-taxable","10":"product-type-simple"},"_links":{"self":[{"href":"https:\/\/uj.adatbank.ro\/lexikon\/wp-json\/wp\/v2\/product\/23979","targetHints":{"allow":["GET"]}}],"collection":[{"href":"https:\/\/uj.adatbank.ro\/lexikon\/wp-json\/wp\/v2\/product"}],"about":[{"href":"https:\/\/uj.adatbank.ro\/lexikon\/wp-json\/wp\/v2\/types\/product"}],"replies":[{"embeddable":true,"href":"https:\/\/uj.adatbank.ro\/lexikon\/wp-json\/wp\/v2\/comments?post=23979"}],"wp:attachment":[{"href":"https:\/\/uj.adatbank.ro\/lexikon\/wp-json\/wp\/v2\/media?parent=23979"}],"wp:term":[{"taxonomy":"product_brand","embeddable":true,"href":"https:\/\/uj.adatbank.ro\/lexikon\/wp-json\/wp\/v2\/product_brand?post=23979"},{"taxonomy":"product_cat","embeddable":true,"href":"https:\/\/uj.adatbank.ro\/lexikon\/wp-json\/wp\/v2\/product_cat?post=23979"},{"taxonomy":"product_tag","embeddable":true,"href":"https:\/\/uj.adatbank.ro\/lexikon\/wp-json\/wp\/v2\/product_tag?post=23979"}],"curies":[{"name":"wp","href":"https:\/\/api.w.org\/{rel}","templated":true}]}}