{"id":23980,"date":"2025-08-01T17:49:50","date_gmt":"2025-08-01T15:49:50","guid":{"rendered":"https:\/\/uj.adatbank.ro\/lexikon\/termek\/vajda-istvan-7\/"},"modified":"2025-08-01T17:49:50","modified_gmt":"2025-08-01T15:49:50","slug":"vajda-istvan-7","status":"publish","type":"product","link":"https:\/\/uj.adatbank.ro\/lexikon\/termek\/vajda-istvan-7\/","title":{"rendered":"VAJDA Istv\u00e1n"},"content":{"rendered":"<p>S\u00e1romberke, 1923. febr. 16., \u2020\u00a0?: gazd\u00e1lkoz\u00f3. \u2013 Ellenezte a s\u00e1romberki mez\u0151gazdas\u00e1gi t\u00e1rsul\u00e1st, az ellene indult megmozdul\u00e1s r\u00e9szese (1959. szept. 8.). A MAT Katonai \u00dcgy\u00e9szs\u00e9ge b\u00edr\u00f3s\u00e1g el\u00e9 \u00e1ll\u00edtotta, \u00f6t \u00e9vre \u00edt\u00e9lt\u00e9k el, amit 3 \u00e9vre m\u00e9rs\u00e9keltek. B\u00f6rt\u00f6nei: a mv.-i securitaten 9 h\u00f3nap, a d\u00e9vai b\u00f6rt\u00f6nb\u0151l szabadult (1961. aug. 21.). S\u00e1romberki lakos volt. <br \/><strong>\u2013 Irod.:<\/strong> 1956 Erd\u00e9lyben.<\/br><\/p>\n","protected":false},"excerpt":{"rendered":"<p>S\u00e1romberke, 1923. febr. 16., \u2020\u00a0?: gazd\u00e1lkoz\u00f3. \u2013 Ellenezte a s\u00e1romberki mez\u0151gazdas\u00e1gi t\u00e1rsul\u00e1st, az ellene indult megmozdul\u00e1s r\u00e9szese (1959. szept. 8.). A MAT Katonai \u00dcgy\u00e9szs\u00e9ge b\u00edr\u00f3s\u00e1g el\u00e9 \u00e1ll\u00edtotta, \u00f6t \u00e9vre \u00edt\u00e9lt\u00e9k el, amit 3 \u00e9vre m\u00e9rs\u00e9keltek. B\u00f6rt\u00f6nei: a mv.-i securitaten 9 h\u00f3nap, a d\u00e9vai b\u00f6rt\u00f6nb\u0151l szabadult (1961. aug. 21.). S\u00e1romberki lakos volt. \u2013 Irod.: 1956 Erd\u00e9lyben.<\/p>\n","protected":false},"featured_media":0,"comment_status":"open","ping_status":"closed","template":"","meta":[],"product_brand":[],"product_cat":[137],"product_tag":[],"class_list":{"0":"post-23980","1":"product","2":"type-product","3":"status-publish","5":"product_cat-maros-megyei-eletrajzi-lexikon","7":"first","8":"instock","9":"shipping-taxable","10":"product-type-simple"},"_links":{"self":[{"href":"https:\/\/uj.adatbank.ro\/lexikon\/wp-json\/wp\/v2\/product\/23980","targetHints":{"allow":["GET"]}}],"collection":[{"href":"https:\/\/uj.adatbank.ro\/lexikon\/wp-json\/wp\/v2\/product"}],"about":[{"href":"https:\/\/uj.adatbank.ro\/lexikon\/wp-json\/wp\/v2\/types\/product"}],"replies":[{"embeddable":true,"href":"https:\/\/uj.adatbank.ro\/lexikon\/wp-json\/wp\/v2\/comments?post=23980"}],"wp:attachment":[{"href":"https:\/\/uj.adatbank.ro\/lexikon\/wp-json\/wp\/v2\/media?parent=23980"}],"wp:term":[{"taxonomy":"product_brand","embeddable":true,"href":"https:\/\/uj.adatbank.ro\/lexikon\/wp-json\/wp\/v2\/product_brand?post=23980"},{"taxonomy":"product_cat","embeddable":true,"href":"https:\/\/uj.adatbank.ro\/lexikon\/wp-json\/wp\/v2\/product_cat?post=23980"},{"taxonomy":"product_tag","embeddable":true,"href":"https:\/\/uj.adatbank.ro\/lexikon\/wp-json\/wp\/v2\/product_tag?post=23980"}],"curies":[{"name":"wp","href":"https:\/\/api.w.org\/{rel}","templated":true}]}}