{"id":23981,"date":"2025-08-01T17:49:54","date_gmt":"2025-08-01T15:49:54","guid":{"rendered":"https:\/\/uj.adatbank.ro\/lexikon\/termek\/vajda-istvan-8\/"},"modified":"2025-08-01T17:49:54","modified_gmt":"2025-08-01T15:49:54","slug":"vajda-istvan-8","status":"publish","type":"product","link":"https:\/\/uj.adatbank.ro\/lexikon\/termek\/vajda-istvan-8\/","title":{"rendered":"VAJDA Istv\u00e1n"},"content":{"rendered":"<p>Sz\u00e9kelyv\u00e9cke, 1957. dec. 7., \u2020 Z\u00e1gon, 2007. m\u00e1j. 5.: r. k. pap. \u2013 Segesv\u00e1ron, Gyulafeh\u00e9rv\u00e1ron tanult, itt papp\u00e1 szentelt\u00e9k (1983. j\u00fan. 19.). Szolg\u00e1lt: Cs\u00edkszered\u00e1ban, L\u00f3nyaitelepen, Radnalajosfalv\u00e1n, Z\u00e1gonban. <br \/><strong>\u2013 Irod.:<\/strong> Ferenczi S\u00e1ndor 2009.<\/br><\/p>\n","protected":false},"excerpt":{"rendered":"<p>Sz\u00e9kelyv\u00e9cke, 1957. dec. 7., \u2020 Z\u00e1gon, 2007. m\u00e1j. 5.: r. k. pap. \u2013 Segesv\u00e1ron, Gyulafeh\u00e9rv\u00e1ron tanult, itt papp\u00e1 szentelt\u00e9k (1983. j\u00fan. 19.). Szolg\u00e1lt: Cs\u00edkszered\u00e1ban, L\u00f3nyaitelepen, Radnalajosfalv\u00e1n, Z\u00e1gonban. \u2013 Irod.: Ferenczi S\u00e1ndor 2009.<\/p>\n","protected":false},"featured_media":0,"comment_status":"open","ping_status":"closed","template":"","meta":[],"product_brand":[],"product_cat":[137],"product_tag":[],"class_list":{"0":"post-23981","1":"product","2":"type-product","3":"status-publish","5":"product_cat-maros-megyei-eletrajzi-lexikon","7":"first","8":"instock","9":"shipping-taxable","10":"product-type-simple"},"_links":{"self":[{"href":"https:\/\/uj.adatbank.ro\/lexikon\/wp-json\/wp\/v2\/product\/23981","targetHints":{"allow":["GET"]}}],"collection":[{"href":"https:\/\/uj.adatbank.ro\/lexikon\/wp-json\/wp\/v2\/product"}],"about":[{"href":"https:\/\/uj.adatbank.ro\/lexikon\/wp-json\/wp\/v2\/types\/product"}],"replies":[{"embeddable":true,"href":"https:\/\/uj.adatbank.ro\/lexikon\/wp-json\/wp\/v2\/comments?post=23981"}],"wp:attachment":[{"href":"https:\/\/uj.adatbank.ro\/lexikon\/wp-json\/wp\/v2\/media?parent=23981"}],"wp:term":[{"taxonomy":"product_brand","embeddable":true,"href":"https:\/\/uj.adatbank.ro\/lexikon\/wp-json\/wp\/v2\/product_brand?post=23981"},{"taxonomy":"product_cat","embeddable":true,"href":"https:\/\/uj.adatbank.ro\/lexikon\/wp-json\/wp\/v2\/product_cat?post=23981"},{"taxonomy":"product_tag","embeddable":true,"href":"https:\/\/uj.adatbank.ro\/lexikon\/wp-json\/wp\/v2\/product_tag?post=23981"}],"curies":[{"name":"wp","href":"https:\/\/api.w.org\/{rel}","templated":true}]}}