{"id":23982,"date":"2025-08-01T17:49:56","date_gmt":"2025-08-01T15:49:56","guid":{"rendered":"https:\/\/uj.adatbank.ro\/lexikon\/termek\/vajda-janos\/"},"modified":"2025-08-01T17:49:56","modified_gmt":"2025-08-01T15:49:56","slug":"vajda-janos","status":"publish","type":"product","link":"https:\/\/uj.adatbank.ro\/lexikon\/termek\/vajda-janos\/","title":{"rendered":"VAJDA J\u00e1nos"},"content":{"rendered":"<p>Holtmaros, 1897., \u2020\u00a0?: szab\u00f3, keresked\u0151. \u2013 Iskol\u00e1i elv\u00e9gz\u00e9se ut\u00e1n a szab\u00f3s\u00e1got tanulta Sz\u00e1szr\u00e9genben, mint seg\u00e9d Bp.-en is m\u0171k\u00f6d\u00f6tt. R\u00e9szt vett az els\u0151 vh.-ban a 22., majd a 20 h. gy. e.-ben az orosz fronton harcolt, megsebes\u00fclt \u00e9s rokkant lett, mint tizedes szerelt le a II. o. ez\u00fcst \u00e9s a K\u00e1roly-csapatkereszt kit\u00fcntet\u00e9sekkel. \u00dczletet nyitott G\u00f6rg\u00e9ny\u00fcvegcs\u0171r\u00f6n (1935\u2013). Minden kult\u00far- \u00e9s hazafias egyes\u00fclet munk\u00e1j\u00e1ban r\u00e9szt vett. <br \/><strong>\u2013 Irod.:<\/strong> Sz\u00e9kelyf\u00f6ld \u00ed. k.<\/br><\/p>\n","protected":false},"excerpt":{"rendered":"<p>Holtmaros, 1897., \u2020\u00a0?: szab\u00f3, keresked\u0151. \u2013 Iskol\u00e1i elv\u00e9gz\u00e9se ut\u00e1n a szab\u00f3s\u00e1got tanulta Sz\u00e1szr\u00e9genben, mint seg\u00e9d Bp.-en is m\u0171k\u00f6d\u00f6tt. R\u00e9szt vett az els\u0151 vh.-ban a 22., majd a 20 h. gy. e.-ben az orosz fronton harcolt, megsebes\u00fclt \u00e9s rokkant lett, mint tizedes szerelt le a II. o. ez\u00fcst \u00e9s a K\u00e1roly-csapatkereszt kit\u00fcntet\u00e9sekkel. \u00dczletet nyitott G\u00f6rg\u00e9ny\u00fcvegcs\u0171r\u00f6n (1935\u2013). [&hellip;]<\/p>\n","protected":false},"featured_media":0,"comment_status":"open","ping_status":"closed","template":"","meta":[],"product_brand":[],"product_cat":[137],"product_tag":[],"class_list":{"0":"post-23982","1":"product","2":"type-product","3":"status-publish","5":"product_cat-maros-megyei-eletrajzi-lexikon","7":"first","8":"instock","9":"shipping-taxable","10":"product-type-simple"},"_links":{"self":[{"href":"https:\/\/uj.adatbank.ro\/lexikon\/wp-json\/wp\/v2\/product\/23982","targetHints":{"allow":["GET"]}}],"collection":[{"href":"https:\/\/uj.adatbank.ro\/lexikon\/wp-json\/wp\/v2\/product"}],"about":[{"href":"https:\/\/uj.adatbank.ro\/lexikon\/wp-json\/wp\/v2\/types\/product"}],"replies":[{"embeddable":true,"href":"https:\/\/uj.adatbank.ro\/lexikon\/wp-json\/wp\/v2\/comments?post=23982"}],"wp:attachment":[{"href":"https:\/\/uj.adatbank.ro\/lexikon\/wp-json\/wp\/v2\/media?parent=23982"}],"wp:term":[{"taxonomy":"product_brand","embeddable":true,"href":"https:\/\/uj.adatbank.ro\/lexikon\/wp-json\/wp\/v2\/product_brand?post=23982"},{"taxonomy":"product_cat","embeddable":true,"href":"https:\/\/uj.adatbank.ro\/lexikon\/wp-json\/wp\/v2\/product_cat?post=23982"},{"taxonomy":"product_tag","embeddable":true,"href":"https:\/\/uj.adatbank.ro\/lexikon\/wp-json\/wp\/v2\/product_tag?post=23982"}],"curies":[{"name":"wp","href":"https:\/\/api.w.org\/{rel}","templated":true}]}}